{"id":17437,"date":"2023-07-24T10:12:46","date_gmt":"2023-07-24T09:12:46","guid":{"rendered":"https:\/\/printercompany.be\/product\/develop-tn-321c-a33k4d0-toner-cyan-c\/"},"modified":"2023-07-24T10:12:46","modified_gmt":"2023-07-24T09:12:46","slug":"develop-tn-321c-a33k4d0-toner-cyaan-c","status":"publish","type":"product","link":"https:\/\/www.printercompany.be\/fr\/produit\/develop-tn-321c-a33k4d0-toner-cyaan-c\/","title":{"rendered":"Develop TN-321C A33K4D0 Toner Cyan (C)"},"content":{"rendered":"<p>Le toner Develop TN-321C A33K4D0 Cyan (C) est une cartouche de toner de qualit\u00e9 originale convenant aux imprimantes Ineo+ 224 Ineo+ 284 ineo+ 284e Ineo+ 224e et Ineo+ 364 (A33K4D0). Avec un rendement de 25 000 pages, cette cartouche de toner garantit une exp\u00e9rience d&rsquo;impression durable et fiable.<\/p>\n<p>Nos cartouches de toner sont fabriqu\u00e9es localement \u00e0 partir de toner de haute qualit\u00e9 provenant du Japon. La qualit\u00e9 de ce toner est \u00e9quivalente \u00e0 celle des fabricants d&rsquo;origine et m\u00eame sup\u00e9rieure \u00e0 celle de nombreuses marques maison actuellement disponibles sur le march\u00e9.<\/p>\n<p>Nous sommes fiers d&rsquo;utiliser les technologies et les m\u00e9thodes de production les plus r\u00e9centes pour fournir un produit qui r\u00e9pond aux normes les plus \u00e9lev\u00e9es. Notre production locale nous permet \u00e9galement de r\u00e9pondre rapidement aux besoins de nos clients et de leur fournir des cartouches d&rsquo;excellente qualit\u00e9.<\/p>\n<p>Nous nous engageons \u00e9galement en faveur du d\u00e9veloppement durable et r\u00e9duisons notre empreinte carbone en utilisant des mat\u00e9riaux recycl\u00e9s dans nos emballages. Nous nous effor\u00e7ons en permanence d&rsquo;innover et d&rsquo;am\u00e9liorer nos produits afin que nos clients soient toujours satisfaits des performances de nos cartouches de toner.<\/p>\n","protected":false},"excerpt":{"rendered":"<p>Convient pour Ineo+ 224 Ineo+ 284 ineo+ 284e Ineo+ 224e et Ineo+ 364 (A33K4D0)<\/p>\n","protected":false},"featured_media":16486,"comment_status":"closed","ping_status":"closed","template":"","meta":{"_jet_sm_ready_style":"","_jet_sm_style":"","_jet_sm_controls_values":"","_jet_sm_fonts_collection":"","_jet_sm_fonts_links":""},"product_brand":[],"product_cat":[5687,5688,5689,5694,5701,5698],"product_tag":[4577,4673],"class_list":{"0":"post-17437","1":"product","2":"type-product","3":"status-publish","4":"has-post-thumbnail","6":"product_cat-develop-fr","7":"product_cat-ineo-224-fr","8":"product_cat-ineo-224e-fr","9":"product_cat-ineo-284-fr","10":"product_cat-ineo-284e-fr","11":"product_cat-ineo-364-fr","12":"product_tag-a33k4d0-fr","13":"product_tag-tn-321k-fr","15":"first","16":"outofstock","17":"taxable","18":"shipping-taxable","19":"purchasable","20":"product-type-simple"},"_links":{"self":[{"href":"https:\/\/www.printercompany.be\/fr\/wp-json\/wp\/v2\/product\/17437","targetHints":{"allow":["GET"]}}],"collection":[{"href":"https:\/\/www.printercompany.be\/fr\/wp-json\/wp\/v2\/product"}],"about":[{"href":"https:\/\/www.printercompany.be\/fr\/wp-json\/wp\/v2\/types\/product"}],"replies":[{"embeddable":true,"href":"https:\/\/www.printercompany.be\/fr\/wp-json\/wp\/v2\/comments?post=17437"}],"version-history":[{"count":0,"href":"https:\/\/www.printercompany.be\/fr\/wp-json\/wp\/v2\/product\/17437\/revisions"}],"wp:featuredmedia":[{"embeddable":true,"href":"https:\/\/www.printercompany.be\/fr\/wp-json\/wp\/v2\/media\/16486"}],"wp:attachment":[{"href":"https:\/\/www.printercompany.be\/fr\/wp-json\/wp\/v2\/media?parent=17437"}],"wp:term":[{"taxonomy":"product_brand","embeddable":true,"href":"https:\/\/www.printercompany.be\/fr\/wp-json\/wp\/v2\/product_brand?post=17437"},{"taxonomy":"product_cat","embeddable":true,"href":"https:\/\/www.printercompany.be\/fr\/wp-json\/wp\/v2\/product_cat?post=17437"},{"taxonomy":"product_tag","embeddable":true,"href":"https:\/\/www.printercompany.be\/fr\/wp-json\/wp\/v2\/product_tag?post=17437"}],"curies":[{"name":"wp","href":"https:\/\/api.w.org\/{rel}","templated":true}]}}