{"id":17420,"date":"2023-07-27T11:42:50","date_gmt":"2023-07-27T10:42:50","guid":{"rendered":"https:\/\/printercompany.be\/product\/lexmark-rainbow-kit-x950x2kg-x950x2cg-x950x2mg-x950x2yg\/"},"modified":"2023-07-27T11:42:50","modified_gmt":"2023-07-27T10:42:50","slug":"lexmark-rainbow-kit-x950x2kg-x950x2cg-x950x2mg-x950x2yg","status":"publish","type":"product","link":"https:\/\/www.printercompany.be\/fr\/produit\/lexmark-rainbow-kit-x950x2kg-x950x2cg-x950x2mg-x950x2yg\/","title":{"rendered":"Lexmark Rainbow Kit X950X2KG X950X2CG X950X2MG X950X2YG"},"content":{"rendered":"<p>Le kit Lexmark Rainbow X950X2KG X950X2CG X950X2MG X950X2YG est une cartouche de toner de qualit\u00e9 originale adapt\u00e9e \u00e0 la X950. Avec un rendement de 24 000 pages, cette cartouche de toner garantit une exp\u00e9rience d&rsquo;impression durable et fiable.<\/p>\n<p>Nos cartouches de toner sont fabriqu\u00e9es localement \u00e0 partir de toner de haute qualit\u00e9 provenant du Japon. La qualit\u00e9 de ce toner est \u00e9quivalente \u00e0 celle des fabricants d&rsquo;origine et m\u00eame sup\u00e9rieure \u00e0 celle de nombreuses marques maison actuellement disponibles sur le march\u00e9.<\/p>\n","protected":false},"excerpt":{"rendered":"<p>Convient au X950 (X950X2KG X950X2CG X950X2MG X950X2YG)<\/p>\n","protected":false},"featured_media":16442,"comment_status":"open","ping_status":"closed","template":"","meta":{"_jet_sm_ready_style":"","_jet_sm_style":"","_jet_sm_controls_values":"","_jet_sm_fonts_collection":"","_jet_sm_fonts_links":""},"product_brand":[],"product_cat":[5779,5781],"product_tag":[],"class_list":{"0":"post-17420","1":"product","2":"type-product","3":"status-publish","4":"has-post-thumbnail","6":"product_cat-lexmark-fr","7":"product_cat-x950-fr","9":"first","10":"outofstock","11":"taxable","12":"shipping-taxable","13":"purchasable","14":"product-type-simple"},"_links":{"self":[{"href":"https:\/\/www.printercompany.be\/fr\/wp-json\/wp\/v2\/product\/17420","targetHints":{"allow":["GET"]}}],"collection":[{"href":"https:\/\/www.printercompany.be\/fr\/wp-json\/wp\/v2\/product"}],"about":[{"href":"https:\/\/www.printercompany.be\/fr\/wp-json\/wp\/v2\/types\/product"}],"replies":[{"embeddable":true,"href":"https:\/\/www.printercompany.be\/fr\/wp-json\/wp\/v2\/comments?post=17420"}],"version-history":[{"count":0,"href":"https:\/\/www.printercompany.be\/fr\/wp-json\/wp\/v2\/product\/17420\/revisions"}],"wp:featuredmedia":[{"embeddable":true,"href":"https:\/\/www.printercompany.be\/fr\/wp-json\/wp\/v2\/media\/16442"}],"wp:attachment":[{"href":"https:\/\/www.printercompany.be\/fr\/wp-json\/wp\/v2\/media?parent=17420"}],"wp:term":[{"taxonomy":"product_brand","embeddable":true,"href":"https:\/\/www.printercompany.be\/fr\/wp-json\/wp\/v2\/product_brand?post=17420"},{"taxonomy":"product_cat","embeddable":true,"href":"https:\/\/www.printercompany.be\/fr\/wp-json\/wp\/v2\/product_cat?post=17420"},{"taxonomy":"product_tag","embeddable":true,"href":"https:\/\/www.printercompany.be\/fr\/wp-json\/wp\/v2\/product_tag?post=17420"}],"curies":[{"name":"wp","href":"https:\/\/api.w.org\/{rel}","templated":true}]}}