{"id":17413,"date":"2023-07-26T22:26:35","date_gmt":"2023-07-26T21:26:35","guid":{"rendered":"https:\/\/printercompany.be\/product\/konica-minolta-tn-619-kit-arc-en-ciel-pour-accuriopress-c2060-c2070-cmyk\/"},"modified":"2023-07-26T22:26:35","modified_gmt":"2023-07-26T21:26:35","slug":"konica-minolta-tn-619-rainbow-kit-cmyk","status":"publish","type":"product","link":"https:\/\/www.printercompany.be\/fr\/produit\/konica-minolta-tn-619-rainbow-kit-cmyk\/","title":{"rendered":"Konica Minolta TN-619 Kit arc-en-ciel pour AccurioPress C2060\/C2070 (CMYK)"},"content":{"rendered":"<p>Le kit arc-en-ciel TN-619 (CMYK) de Konica Minolta est un kit arc-en-ciel de qualit\u00e9 originale adapt\u00e9 aux imprimantes AccurioPress C2060 et AccurioPress C2070. Avec un rendement de 78 000 pages, cette cartouche de toner garantit une exp\u00e9rience d&rsquo;impression durable et fiable.<\/p>\n<p>Nos cartouches de toner sont fabriqu\u00e9es localement \u00e0 partir de toner de haute qualit\u00e9 provenant du Japon. La qualit\u00e9 de ce toner est \u00e9quivalente \u00e0 celle des fabricants d&rsquo;origine et m\u00eame sup\u00e9rieure \u00e0 celle de nombreuses marques maison actuellement disponibles sur le march\u00e9.<\/p>\n<p>Nous sommes fiers d&rsquo;utiliser ce toner de premi\u00e8re qualit\u00e9, qui garantit des impressions nettes et des performances constantes. Gr\u00e2ce \u00e0 notre production locale, nous pouvons \u00e9galement livrer rapidement et r\u00e9duire l&#8217;empreinte carbone en minimisant le transport.<\/p>\n<p>Notre \u00e9quipe d\u00e9vou\u00e9e est pr\u00eate \u00e0 r\u00e9pondre \u00e0 tous vos besoins en toner, en garantissant une excellente qualit\u00e9 et fiabilit\u00e9. Nous nous effor\u00e7ons de proposer les meilleures cartouches du march\u00e9, afin que vous puissiez b\u00e9n\u00e9ficier de r\u00e9sultats d&rsquo;impression optimaux.<\/p>\n","protected":false},"excerpt":{"rendered":"<p>Convient \u00e0 AccurioPress C2060 et AccurioPress C2070.<\/p>\n<p>Codes OEM : A3VX153, TN-619K, A3VX453, TN-619C, A3VX353, TN-619M, A3VX253, TN-619Y<span data-sheets-value=\"{\"1\":2,\"2\":\"TN-216Y\u22c5A11G250, TN-216K\u22c5A11G150, TN-216M\u22c5A11G350, TN-216C\u22c5A11G450\"}\" data-sheets-userformat=\"{\"2\":513,\"3\":{\"1\":0},\"12\":0}\"> | Capacit\u00e9 : 78000<\/span><\/p>\n","protected":false},"featured_media":16441,"comment_status":"open","ping_status":"closed","template":"","meta":{"_jet_sm_ready_style":"","_jet_sm_style":"","_jet_sm_controls_values":"","_jet_sm_fonts_collection":"","_jet_sm_fonts_links":""},"product_brand":[],"product_cat":[5704,5705,5703],"product_tag":[],"class_list":{"0":"post-17413","1":"product","2":"type-product","3":"status-publish","4":"has-post-thumbnail","6":"product_cat-accuriopress-c2060-fr","7":"product_cat-accuriopress-c2070-fr","8":"product_cat-konica-minolta-fr","10":"first","11":"instock","12":"taxable","13":"shipping-taxable","14":"purchasable","15":"product-type-simple"},"_links":{"self":[{"href":"https:\/\/www.printercompany.be\/fr\/wp-json\/wp\/v2\/product\/17413","targetHints":{"allow":["GET"]}}],"collection":[{"href":"https:\/\/www.printercompany.be\/fr\/wp-json\/wp\/v2\/product"}],"about":[{"href":"https:\/\/www.printercompany.be\/fr\/wp-json\/wp\/v2\/types\/product"}],"replies":[{"embeddable":true,"href":"https:\/\/www.printercompany.be\/fr\/wp-json\/wp\/v2\/comments?post=17413"}],"version-history":[{"count":0,"href":"https:\/\/www.printercompany.be\/fr\/wp-json\/wp\/v2\/product\/17413\/revisions"}],"wp:featuredmedia":[{"embeddable":true,"href":"https:\/\/www.printercompany.be\/fr\/wp-json\/wp\/v2\/media\/16441"}],"wp:attachment":[{"href":"https:\/\/www.printercompany.be\/fr\/wp-json\/wp\/v2\/media?parent=17413"}],"wp:term":[{"taxonomy":"product_brand","embeddable":true,"href":"https:\/\/www.printercompany.be\/fr\/wp-json\/wp\/v2\/product_brand?post=17413"},{"taxonomy":"product_cat","embeddable":true,"href":"https:\/\/www.printercompany.be\/fr\/wp-json\/wp\/v2\/product_cat?post=17413"},{"taxonomy":"product_tag","embeddable":true,"href":"https:\/\/www.printercompany.be\/fr\/wp-json\/wp\/v2\/product_tag?post=17413"}],"curies":[{"name":"wp","href":"https:\/\/api.w.org\/{rel}","templated":true}]}}