{"id":17380,"date":"2023-07-27T11:33:09","date_gmt":"2023-07-27T10:33:09","guid":{"rendered":"https:\/\/printercompany.be\/product\/lexmark-rainbow-kit-c950x2kg-c950x2cg-c950x2mg-c950x2yg\/"},"modified":"2023-07-27T11:33:09","modified_gmt":"2023-07-27T10:33:09","slug":"lexmark-rainbow-kit-c950x2kg-c950x2cg-c950x2mg-c950x2yg","status":"publish","type":"product","link":"https:\/\/www.printercompany.be\/fr\/produit\/lexmark-rainbow-kit-c950x2kg-c950x2cg-c950x2mg-c950x2yg\/","title":{"rendered":"Lexmark Rainbow Kit C950X2KG C950X2CG C950X2MG C950X2YG"},"content":{"rendered":"<p>Le kit Rainbow C950X2KG C950X2CG C950X2MG C950X2YG est une cartouche de toner de qualit\u00e9 originale adapt\u00e9e \u00e0 la C950. Avec un rendement de 24 000 pages, cette cartouche de toner garantit une exp\u00e9rience d&rsquo;impression durable et fiable.<\/p>\n<p>Nos cartouches de toner sont fabriqu\u00e9es localement \u00e0 partir de toner de haute qualit\u00e9 provenant du Japon. La qualit\u00e9 de ce toner est \u00e9quivalente \u00e0 celle des fabricants d&rsquo;origine et m\u00eame sup\u00e9rieure \u00e0 celle de nombreuses marques maison actuellement disponibles sur le march\u00e9.<\/p>\n","protected":false},"excerpt":{"rendered":"<p>Convient au C950 (C950X2KG C950X2CG C950X2MG C950X2YG)<\/p>\n","protected":false},"featured_media":16373,"comment_status":"open","ping_status":"closed","template":"","meta":{"_jet_sm_ready_style":"","_jet_sm_style":"","_jet_sm_controls_values":"","_jet_sm_fonts_collection":"","_jet_sm_fonts_links":""},"product_brand":[],"product_cat":[5780,5779],"product_tag":[],"class_list":{"0":"post-17380","1":"product","2":"type-product","3":"status-publish","4":"has-post-thumbnail","6":"product_cat-c950-fr","7":"product_cat-lexmark-fr","9":"first","10":"outofstock","11":"taxable","12":"shipping-taxable","13":"purchasable","14":"product-type-simple"},"_links":{"self":[{"href":"https:\/\/www.printercompany.be\/fr\/wp-json\/wp\/v2\/product\/17380","targetHints":{"allow":["GET"]}}],"collection":[{"href":"https:\/\/www.printercompany.be\/fr\/wp-json\/wp\/v2\/product"}],"about":[{"href":"https:\/\/www.printercompany.be\/fr\/wp-json\/wp\/v2\/types\/product"}],"replies":[{"embeddable":true,"href":"https:\/\/www.printercompany.be\/fr\/wp-json\/wp\/v2\/comments?post=17380"}],"version-history":[{"count":0,"href":"https:\/\/www.printercompany.be\/fr\/wp-json\/wp\/v2\/product\/17380\/revisions"}],"wp:featuredmedia":[{"embeddable":true,"href":"https:\/\/www.printercompany.be\/fr\/wp-json\/wp\/v2\/media\/16373"}],"wp:attachment":[{"href":"https:\/\/www.printercompany.be\/fr\/wp-json\/wp\/v2\/media?parent=17380"}],"wp:term":[{"taxonomy":"product_brand","embeddable":true,"href":"https:\/\/www.printercompany.be\/fr\/wp-json\/wp\/v2\/product_brand?post=17380"},{"taxonomy":"product_cat","embeddable":true,"href":"https:\/\/www.printercompany.be\/fr\/wp-json\/wp\/v2\/product_cat?post=17380"},{"taxonomy":"product_tag","embeddable":true,"href":"https:\/\/www.printercompany.be\/fr\/wp-json\/wp\/v2\/product_tag?post=17380"}],"curies":[{"name":"wp","href":"https:\/\/api.w.org\/{rel}","templated":true}]}}