{"id":17379,"date":"2023-07-27T09:29:50","date_gmt":"2023-07-27T08:29:50","guid":{"rendered":"https:\/\/printercompany.be\/product\/olivetti-kit-arc-en-ciel-b1322-b1323-b1324-b1325\/"},"modified":"2023-07-27T09:29:50","modified_gmt":"2023-07-27T08:29:50","slug":"olivetti-rainbow-kit-b1322-b1323-b1324-b1325","status":"publish","type":"product","link":"https:\/\/www.printercompany.be\/fr\/produit\/olivetti-rainbow-kit-b1322-b1323-b1324-b1325\/","title":{"rendered":"Olivetti Kit arc-en-ciel B1322 B1323 B1324 B1325"},"content":{"rendered":"<p>Le kit Olivetti Rainbow B1322 B1323 B1324 B1325 est une cartouche de toner de qualit\u00e9 originale convenant aux D-Color MF259 D-Color MF309 et D-Color MF369. Avec un rendement de 28 000 pages, cette cartouche de toner garantit une exp\u00e9rience d&rsquo;impression durable et fiable.<\/p>\n<p>Nos cartouches de toner sont fabriqu\u00e9es localement \u00e0 partir de toner de haute qualit\u00e9 provenant du Japon. La qualit\u00e9 de ce toner est \u00e9quivalente \u00e0 celle des fabricants d&rsquo;origine et m\u00eame sup\u00e9rieure \u00e0 celle de nombreuses marques maison actuellement disponibles sur le march\u00e9.<\/p>\n","protected":false},"excerpt":{"rendered":"<p>Convient pour D-Color MF259 D-Color MF309 et D-Color MF369 (B1322 B1323 B1324 B1325)<\/p>\n","protected":false},"featured_media":16377,"comment_status":"open","ping_status":"closed","template":"","meta":{"_jet_sm_ready_style":"","_jet_sm_style":"","_jet_sm_controls_values":"","_jet_sm_fonts_collection":"","_jet_sm_fonts_links":""},"product_brand":[],"product_cat":[5903,5907,5913,5898],"product_tag":[],"class_list":{"0":"post-17379","1":"product","2":"type-product","3":"status-publish","4":"has-post-thumbnail","6":"product_cat-d-color-mf-259","7":"product_cat-d-color-mf-309","8":"product_cat-d-color-mf-369","9":"product_cat-olivetti-fr","11":"first","12":"outofstock","13":"taxable","14":"shipping-taxable","15":"purchasable","16":"product-type-simple"},"_links":{"self":[{"href":"https:\/\/www.printercompany.be\/fr\/wp-json\/wp\/v2\/product\/17379","targetHints":{"allow":["GET"]}}],"collection":[{"href":"https:\/\/www.printercompany.be\/fr\/wp-json\/wp\/v2\/product"}],"about":[{"href":"https:\/\/www.printercompany.be\/fr\/wp-json\/wp\/v2\/types\/product"}],"replies":[{"embeddable":true,"href":"https:\/\/www.printercompany.be\/fr\/wp-json\/wp\/v2\/comments?post=17379"}],"version-history":[{"count":0,"href":"https:\/\/www.printercompany.be\/fr\/wp-json\/wp\/v2\/product\/17379\/revisions"}],"wp:featuredmedia":[{"embeddable":true,"href":"https:\/\/www.printercompany.be\/fr\/wp-json\/wp\/v2\/media\/16377"}],"wp:attachment":[{"href":"https:\/\/www.printercompany.be\/fr\/wp-json\/wp\/v2\/media?parent=17379"}],"wp:term":[{"taxonomy":"product_brand","embeddable":true,"href":"https:\/\/www.printercompany.be\/fr\/wp-json\/wp\/v2\/product_brand?post=17379"},{"taxonomy":"product_cat","embeddable":true,"href":"https:\/\/www.printercompany.be\/fr\/wp-json\/wp\/v2\/product_cat?post=17379"},{"taxonomy":"product_tag","embeddable":true,"href":"https:\/\/www.printercompany.be\/fr\/wp-json\/wp\/v2\/product_tag?post=17379"}],"curies":[{"name":"wp","href":"https:\/\/api.w.org\/{rel}","templated":true}]}}