{"id":17350,"date":"2023-07-13T19:57:42","date_gmt":"2023-07-13T18:57:42","guid":{"rendered":"https:\/\/printercompany.be\/product\/konica-minolta-tn-319-kit-arc-en-ciel-cmyk\/"},"modified":"2023-07-13T19:57:42","modified_gmt":"2023-07-13T18:57:42","slug":"konica-minolta-tn-319-rainbow-kit-cmyk","status":"publish","type":"product","link":"https:\/\/www.printercompany.be\/fr\/produit\/konica-minolta-tn-319-rainbow-kit-cmyk\/","title":{"rendered":"Konica Minolta TN-319 Kit arc-en-ciel (CMYK)"},"content":{"rendered":"<p>Le kit arc-en-ciel TN-319 de Konica Minolta (CMYK) est un kit arc-en-ciel de qualit\u00e9 originale adapt\u00e9 aux <span data-sheets-value=\"{\"1\":2,\"2\":\"Geschikt voor BizHub C220, BizHub C280 en BizHub C360\"}\" data-sheets-userformat=\"{\"2\":14915,\"3\":{\"1\":0},\"4\":{\"1\":2,\"2\":16053492},\"9\":0,\"12\":0,\"14\":{\"1\":2,\"2\":6645093},\"15\":\"-apple-system, BlinkMacSystemFont, \\\"Segoe UI\\\", Roboto, \\\"Helvetica Neue\\\", Arial, \\\"Noto Sans\\\", sans-serif, \\\"Apple Color Emoji\\\", \\\"Segoe UI Emoji\\\", \\\"Segoe UI Symbol\\\", \\\"Noto Color Emoji\\\"\",\"16\":11}\">BizHub C220, BizHub C280 et BizHub C360<\/span>. Avec un rendement de 25 000 pages, cette cartouche de toner garantit une exp\u00e9rience d&rsquo;impression durable et fiable.<\/p>\n<p>Nos cartouches de toner sont fabriqu\u00e9es localement \u00e0 partir de toner de haute qualit\u00e9 provenant du Japon. La qualit\u00e9 de ce toner est \u00e9quivalente \u00e0 celle des fabricants d&rsquo;origine et m\u00eame sup\u00e9rieure \u00e0 celle de nombreuses marques maison actuellement disponibles sur le march\u00e9.<\/p>\n<p>Nous sommes fiers d&rsquo;utiliser ce toner de premi\u00e8re qualit\u00e9, qui garantit des impressions nettes et des performances constantes. Gr\u00e2ce \u00e0 notre production locale, nous pouvons \u00e9galement livrer rapidement et r\u00e9duire l&#8217;empreinte carbone en minimisant le transport.<\/p>\n<p>Notre \u00e9quipe d\u00e9vou\u00e9e est pr\u00eate \u00e0 r\u00e9pondre \u00e0 tous vos besoins en toner, en garantissant une excellente qualit\u00e9 et fiabilit\u00e9. Nous nous effor\u00e7ons de proposer les meilleures cartouches du march\u00e9, afin que vous puissiez b\u00e9n\u00e9ficier de r\u00e9sultats d&rsquo;impression optimaux.<\/p>\n","protected":false},"excerpt":{"rendered":"<p>Convient pour BizHub C220, BizHub C280 et BizHub C360.<\/p>\n<p>Codes OEM :<\/p>\n<p>TN-319C, TN-319M, TN-319Y, TN-319K<\/p>\n<p>A11G150 A11G250 A11G350 A11G450 | Capacit\u00e9 : 26 000 pages chacune<\/p>\n","protected":false},"featured_media":17359,"comment_status":"open","ping_status":"closed","template":"","meta":{"_jet_sm_ready_style":"","_jet_sm_style":"","_jet_sm_controls_values":"","_jet_sm_fonts_collection":"","_jet_sm_fonts_links":""},"product_brand":[],"product_cat":[5734,5744,5754,5703],"product_tag":[],"class_list":{"0":"post-17350","1":"product","2":"type-product","3":"status-publish","4":"has-post-thumbnail","6":"product_cat-bizhub-c220-fr","7":"product_cat-bizhub-c280-fr","8":"product_cat-bizhub-c360-fr","9":"product_cat-konica-minolta-fr","11":"first","12":"instock","13":"taxable","14":"shipping-taxable","15":"product-type-simple"},"_links":{"self":[{"href":"https:\/\/www.printercompany.be\/fr\/wp-json\/wp\/v2\/product\/17350","targetHints":{"allow":["GET"]}}],"collection":[{"href":"https:\/\/www.printercompany.be\/fr\/wp-json\/wp\/v2\/product"}],"about":[{"href":"https:\/\/www.printercompany.be\/fr\/wp-json\/wp\/v2\/types\/product"}],"replies":[{"embeddable":true,"href":"https:\/\/www.printercompany.be\/fr\/wp-json\/wp\/v2\/comments?post=17350"}],"version-history":[{"count":0,"href":"https:\/\/www.printercompany.be\/fr\/wp-json\/wp\/v2\/product\/17350\/revisions"}],"wp:featuredmedia":[{"embeddable":true,"href":"https:\/\/www.printercompany.be\/fr\/wp-json\/wp\/v2\/media\/17359"}],"wp:attachment":[{"href":"https:\/\/www.printercompany.be\/fr\/wp-json\/wp\/v2\/media?parent=17350"}],"wp:term":[{"taxonomy":"product_brand","embeddable":true,"href":"https:\/\/www.printercompany.be\/fr\/wp-json\/wp\/v2\/product_brand?post=17350"},{"taxonomy":"product_cat","embeddable":true,"href":"https:\/\/www.printercompany.be\/fr\/wp-json\/wp\/v2\/product_cat?post=17350"},{"taxonomy":"product_tag","embeddable":true,"href":"https:\/\/www.printercompany.be\/fr\/wp-json\/wp\/v2\/product_tag?post=17350"}],"curies":[{"name":"wp","href":"https:\/\/api.w.org\/{rel}","templated":true}]}}