{"id":17326,"date":"2023-07-13T18:17:54","date_gmt":"2023-07-13T17:17:54","guid":{"rendered":"https:\/\/printercompany.be\/product\/konica-minolta-oce-a0d7151-a0d7251-a0d7351-a0d7451-kit-arc-en-ciel-cmyk\/"},"modified":"2023-07-13T18:17:54","modified_gmt":"2023-07-13T17:17:54","slug":"konica-minolta-oce-a0d7151-a0d7251-a0d7351-a0d7451-rainbow-kit-cmyk","status":"publish","type":"product","link":"https:\/\/www.printercompany.be\/fr\/produit\/konica-minolta-oce-a0d7151-a0d7251-a0d7351-a0d7451-rainbow-kit-cmyk\/","title":{"rendered":"Konica Minolta\/Oce A0D7151\/A0D7251\/A0D7351\/A0D7451 Kit arc-en-ciel (CMYK)"},"content":{"rendered":"<p>Le kit arc-en-ciel (CMYK) Konica Minolta BizHub C203, C253, C353 Oce CS163 CS173 CS193 est un kit arc-en-ciel de qualit\u00e9 originale adapt\u00e9 aux BizHub C203, BizHub C253, BizHub C353, Oce CS163, Oce CS173 et Oce CS193. Avec un rendement de 20 000 pages, cette cartouche de toner garantit une exp\u00e9rience d&rsquo;impression durable et fiable.<\/p>\n<p>Nos cartouches de toner sont fabriqu\u00e9es localement \u00e0 partir de toner de haute qualit\u00e9 provenant du Japon. La qualit\u00e9 de ce toner est \u00e9quivalente \u00e0 celle des fabricants d&rsquo;origine et m\u00eame sup\u00e9rieure \u00e0 celle de nombreuses marques maison actuellement disponibles sur le march\u00e9.<\/p>\n<p>Nous sommes fiers d&rsquo;utiliser ce toner de premi\u00e8re qualit\u00e9, qui garantit des impressions nettes et des performances constantes. Gr\u00e2ce \u00e0 notre production locale, nous pouvons \u00e9galement livrer rapidement et r\u00e9duire l&#8217;empreinte carbone en minimisant le transport.<\/p>\n<p>Notre \u00e9quipe d\u00e9vou\u00e9e est pr\u00eate \u00e0 r\u00e9pondre \u00e0 tous vos besoins en toner, en garantissant une excellente qualit\u00e9 et fiabilit\u00e9. Nous nous effor\u00e7ons de proposer les meilleures cartouches du march\u00e9, afin que vous puissiez b\u00e9n\u00e9ficier de r\u00e9sultats d&rsquo;impression optimaux.<\/p>\n","protected":false},"excerpt":{"rendered":"<p><span data-sheets-value=\"{\"1\":2,\"2\":\"Geschikt voor BizHub C203, BizHub C253, BizHub C353, Oce CS163, Oce CS173 en Oce CS193\"}\" data-sheets-userformat=\"{\"2\":15171,\"3\":{\"1\":0},\"4\":{\"1\":2,\"2\":16053492},\"9\":0,\"11\":4,\"12\":0,\"14\":{\"1\":2,\"2\":6645093},\"15\":\"Arial\",\"16\":11}\">Convient pour BizHub C203, BizHub C253, BizHub C353, Oce CS163, Oce CS173 et Oce CS193<\/span><\/p>\n<p>Codes OEM : 29951025, A0D7151, 29951032, A0D7251, 29951030, A0D7351, 29951031, A0D7451<\/p>\n","protected":false},"featured_media":17346,"comment_status":"open","ping_status":"closed","template":"","meta":{"_jet_sm_ready_style":"","_jet_sm_style":"","_jet_sm_controls_values":"","_jet_sm_fonts_collection":"","_jet_sm_fonts_links":""},"product_brand":[],"product_cat":[5733,5741,5753,5703,5926,5927,5928,5924],"product_tag":[],"class_list":{"0":"post-17326","1":"product","2":"type-product","3":"status-publish","4":"has-post-thumbnail","6":"product_cat-bizhub-c203-fr","7":"product_cat-bizhub-c253-fr","8":"product_cat-bizhub-c353-fr","9":"product_cat-konica-minolta-fr","10":"product_cat-oce-cs163-fr","11":"product_cat-oce-cs173-fr","12":"product_cat-oce-cs193-fr","13":"product_cat-xante-oce-fr","15":"first","16":"instock","17":"taxable","18":"shipping-taxable","19":"product-type-simple"},"_links":{"self":[{"href":"https:\/\/www.printercompany.be\/fr\/wp-json\/wp\/v2\/product\/17326","targetHints":{"allow":["GET"]}}],"collection":[{"href":"https:\/\/www.printercompany.be\/fr\/wp-json\/wp\/v2\/product"}],"about":[{"href":"https:\/\/www.printercompany.be\/fr\/wp-json\/wp\/v2\/types\/product"}],"replies":[{"embeddable":true,"href":"https:\/\/www.printercompany.be\/fr\/wp-json\/wp\/v2\/comments?post=17326"}],"version-history":[{"count":0,"href":"https:\/\/www.printercompany.be\/fr\/wp-json\/wp\/v2\/product\/17326\/revisions"}],"wp:featuredmedia":[{"embeddable":true,"href":"https:\/\/www.printercompany.be\/fr\/wp-json\/wp\/v2\/media\/17346"}],"wp:attachment":[{"href":"https:\/\/www.printercompany.be\/fr\/wp-json\/wp\/v2\/media?parent=17326"}],"wp:term":[{"taxonomy":"product_brand","embeddable":true,"href":"https:\/\/www.printercompany.be\/fr\/wp-json\/wp\/v2\/product_brand?post=17326"},{"taxonomy":"product_cat","embeddable":true,"href":"https:\/\/www.printercompany.be\/fr\/wp-json\/wp\/v2\/product_cat?post=17326"},{"taxonomy":"product_tag","embeddable":true,"href":"https:\/\/www.printercompany.be\/fr\/wp-json\/wp\/v2\/product_tag?post=17326"}],"curies":[{"name":"wp","href":"https:\/\/api.w.org\/{rel}","templated":true}]}}