{"id":17285,"date":"2023-04-18T22:47:38","date_gmt":"2023-04-18T21:47:38","guid":{"rendered":"https:\/\/printercompany.be\/product\/konica-minolta-tn-216m-a11g350-toner-magenta-m\/"},"modified":"2023-04-18T22:47:38","modified_gmt":"2023-04-18T21:47:38","slug":"konica-minolta-tn-216m-a11g350-toner-magenta","status":"publish","type":"product","link":"https:\/\/www.printercompany.be\/fr\/produit\/konica-minolta-tn-216m-a11g350-toner-magenta\/","title":{"rendered":"Konica Minolta TN-216M A11G350 Toner Magenta (M)"},"content":{"rendered":"<p>Le toner magenta (M) Konica Minolta TN-216M A11G350 est une cartouche de toner de qualit\u00e9 originale convenant au BizHub C220 BizHub C280 et BizHub C360. Avec un rendement de 26 000 pages, cette cartouche de toner garantit une exp\u00e9rience d&rsquo;impression durable et fiable.<\/p>\n<p>Nos cartouches de toner sont fabriqu\u00e9es localement \u00e0 partir de toner de haute qualit\u00e9 provenant du Japon. La qualit\u00e9 de ce toner est \u00e9quivalente \u00e0 celle des fabricants d&rsquo;origine et m\u00eame sup\u00e9rieure \u00e0 celle de nombreuses marques maison actuellement disponibles sur le march\u00e9.<\/p>\n<p>Nous sommes fiers d&rsquo;utiliser les technologies et les m\u00e9thodes de production les plus r\u00e9centes pour fournir un produit qui r\u00e9pond aux normes les plus \u00e9lev\u00e9es. Notre production locale nous permet \u00e9galement de r\u00e9pondre rapidement aux besoins de nos clients et de leur fournir des cartouches d&rsquo;excellente qualit\u00e9.<\/p>\n<p>En outre, nous nous engageons en faveur du d\u00e9veloppement durable et minimisons notre empreinte carbone en utilisant des mat\u00e9riaux recycl\u00e9s dans nos emballages<a href=\"https:\/\/nl.wikipedia.org\/wiki\/Konica_Minolta\" target=\"_blank\" rel=\"noopener\">.<\/a> Par ailleurs<a href=\"https:\/\/printercompany.be\/product\/konica-minolta-tn-216c-a11g450\/\" target=\"_blank\" rel=\"noopener\">,<\/a> nous nous effor\u00e7ons en permanence d&rsquo;innover et d&rsquo;am\u00e9liorer nos produits afin que nos clients soient toujours satisfaits des performances de nos cartouches de toner.<\/p>\n","protected":false},"excerpt":{"rendered":"<p>Convient pour BizHub C220, BizHub C280 et BizHub C360 (A11G350)<\/p>\n","protected":false},"featured_media":17300,"comment_status":"closed","ping_status":"closed","template":"","meta":{"_jet_sm_ready_style":"","_jet_sm_style":"","_jet_sm_controls_values":"","_jet_sm_fonts_collection":"","_jet_sm_fonts_links":""},"product_brand":[],"product_cat":[5734,5744,5754,5703],"product_tag":[4571,4666],"class_list":{"0":"post-17285","1":"product","2":"type-product","3":"status-publish","4":"has-post-thumbnail","6":"product_cat-bizhub-c220-fr","7":"product_cat-bizhub-c280-fr","8":"product_cat-bizhub-c360-fr","9":"product_cat-konica-minolta-fr","10":"product_tag-a11g350-fr","11":"product_tag-tn-216m-fr","13":"first","14":"instock","15":"taxable","16":"shipping-taxable","17":"purchasable","18":"product-type-simple"},"_links":{"self":[{"href":"https:\/\/www.printercompany.be\/fr\/wp-json\/wp\/v2\/product\/17285","targetHints":{"allow":["GET"]}}],"collection":[{"href":"https:\/\/www.printercompany.be\/fr\/wp-json\/wp\/v2\/product"}],"about":[{"href":"https:\/\/www.printercompany.be\/fr\/wp-json\/wp\/v2\/types\/product"}],"replies":[{"embeddable":true,"href":"https:\/\/www.printercompany.be\/fr\/wp-json\/wp\/v2\/comments?post=17285"}],"version-history":[{"count":0,"href":"https:\/\/www.printercompany.be\/fr\/wp-json\/wp\/v2\/product\/17285\/revisions"}],"wp:featuredmedia":[{"embeddable":true,"href":"https:\/\/www.printercompany.be\/fr\/wp-json\/wp\/v2\/media\/17300"}],"wp:attachment":[{"href":"https:\/\/www.printercompany.be\/fr\/wp-json\/wp\/v2\/media?parent=17285"}],"wp:term":[{"taxonomy":"product_brand","embeddable":true,"href":"https:\/\/www.printercompany.be\/fr\/wp-json\/wp\/v2\/product_brand?post=17285"},{"taxonomy":"product_cat","embeddable":true,"href":"https:\/\/www.printercompany.be\/fr\/wp-json\/wp\/v2\/product_cat?post=17285"},{"taxonomy":"product_tag","embeddable":true,"href":"https:\/\/www.printercompany.be\/fr\/wp-json\/wp\/v2\/product_tag?post=17285"}],"curies":[{"name":"wp","href":"https:\/\/api.w.org\/{rel}","templated":true}]}}