{"id":17267,"date":"2023-07-18T12:55:36","date_gmt":"2023-07-18T11:55:36","guid":{"rendered":"https:\/\/printercompany.be\/product\/xerox-006r01383-006r01384-006r01385-006r01386-rainbow-kit\/"},"modified":"2024-09-30T12:59:33","modified_gmt":"2024-09-30T11:59:33","slug":"xerox-006r01383-006r01384-006r01385-006r01386-rainbow-kit","status":"publish","type":"product","link":"https:\/\/www.printercompany.be\/fr\/produit\/xerox-006r01383-006r01384-006r01385-006r01386-rainbow-kit\/","title":{"rendered":"Xerox 006R01383 006R01384 006R01385 006R01386 Rainbow Kit"},"content":{"rendered":"<p style=\"font-weight: 400;\">Le kit arc-en-ciel Xerox 006R01383 006R01384 006R01385 006R01386 utilise du toner Xerox EN EA ECO d&rsquo;origine et convient \u00e0 la Xerox Digital Color Press 700, \u00e0 la Xerox Digital Color Press 700i, Avec un rendement de 20 000 pages, cette cartouche de toner garantit une exp\u00e9rience d&rsquo;impression durable et fiable.<\/p>\n<p style=\"font-weight: 400;\">Nos cartouches de toner contiennent du toner original Xerox EN EA ECO.Nous sommes fiers d&rsquo;utiliser les derni\u00e8res technologies et m\u00e9thodes de fabrication pour fournir un produit qui r\u00e9pond aux normes les plus \u00e9lev\u00e9es.<\/p>\n<p style=\"font-weight: 400;\">\n","protected":false},"excerpt":{"rendered":"<p>Convient \u00e0 la presse couleur num\u00e9rique 700, \u00e0 la presse couleur num\u00e9rique 700i, \u00e0 la presse couleur num\u00e9rique 770, \u00e0 la presse couleur num\u00e9rique C75 et \u00e0 la presse couleur num\u00e9rique J75 (006R01383 006R01384 006R01385 006R01386).<\/p>\n","protected":false},"featured_media":17271,"comment_status":"open","ping_status":"closed","template":"","meta":{"_jet_sm_ready_style":"","_jet_sm_style":"","_jet_sm_controls_values":"","_jet_sm_fonts_collection":"","_jet_sm_fonts_links":""},"product_brand":[],"product_cat":[5940,5939,5941,5942,5943,5931],"product_tag":[],"class_list":{"0":"post-17267","1":"product","2":"type-product","3":"status-publish","4":"has-post-thumbnail","6":"product_cat-digital-color-press-700i-fr","7":"product_cat-digital-color-press-700-fr","8":"product_cat-digital-color-press-770-fr","9":"product_cat-digital-color-press-c75-fr","10":"product_cat-digital-color-press-j75-fr","11":"product_cat-xerox-fr","13":"first","14":"instock","15":"taxable","16":"shipping-taxable","17":"purchasable","18":"product-type-simple"},"_links":{"self":[{"href":"https:\/\/www.printercompany.be\/fr\/wp-json\/wp\/v2\/product\/17267","targetHints":{"allow":["GET"]}}],"collection":[{"href":"https:\/\/www.printercompany.be\/fr\/wp-json\/wp\/v2\/product"}],"about":[{"href":"https:\/\/www.printercompany.be\/fr\/wp-json\/wp\/v2\/types\/product"}],"replies":[{"embeddable":true,"href":"https:\/\/www.printercompany.be\/fr\/wp-json\/wp\/v2\/comments?post=17267"}],"version-history":[{"count":2,"href":"https:\/\/www.printercompany.be\/fr\/wp-json\/wp\/v2\/product\/17267\/revisions"}],"predecessor-version":[{"id":17796,"href":"https:\/\/www.printercompany.be\/fr\/wp-json\/wp\/v2\/product\/17267\/revisions\/17796"}],"wp:featuredmedia":[{"embeddable":true,"href":"https:\/\/www.printercompany.be\/fr\/wp-json\/wp\/v2\/media\/17271"}],"wp:attachment":[{"href":"https:\/\/www.printercompany.be\/fr\/wp-json\/wp\/v2\/media?parent=17267"}],"wp:term":[{"taxonomy":"product_brand","embeddable":true,"href":"https:\/\/www.printercompany.be\/fr\/wp-json\/wp\/v2\/product_brand?post=17267"},{"taxonomy":"product_cat","embeddable":true,"href":"https:\/\/www.printercompany.be\/fr\/wp-json\/wp\/v2\/product_cat?post=17267"},{"taxonomy":"product_tag","embeddable":true,"href":"https:\/\/www.printercompany.be\/fr\/wp-json\/wp\/v2\/product_tag?post=17267"}],"curies":[{"name":"wp","href":"https:\/\/api.w.org\/{rel}","templated":true}]}}