{"id":17197,"date":"2023-07-18T13:30:59","date_gmt":"2023-07-18T12:30:59","guid":{"rendered":"https:\/\/printercompany.be\/product\/xerox-rainbow-kit-006r01525-006r01526-006r01527-006r01528\/"},"modified":"2024-09-30T11:46:41","modified_gmt":"2024-09-30T10:46:41","slug":"xerox-rainbow-kit-006r01525-006r01526-006r01527-006r01528","status":"publish","type":"product","link":"https:\/\/www.printercompany.be\/fr\/produit\/xerox-rainbow-kit-006r01525-006r01526-006r01527-006r01528\/","title":{"rendered":"Xerox Rainbow Kit 006R01525 006R01526 006R01527 006R01528"},"content":{"rendered":"<p>Le Xerox Rainbow Kit 006R01525 006R01526 006R01527 006R01528 sont des cartouches de toner avec original.\u00a0Nos cartouches de toner contiennent du toner original Xerox EN EA ECO.\u00a0Nous sommes fiers d&rsquo;utiliser les derni\u00e8res technologies et m\u00e9thodes de fabrication pour fournir un produit qui r\u00e9pond aux normes les plus \u00e9lev\u00e9es.<\/p>\n","protected":false},"excerpt":{"rendered":"<p>Convient pour Color 550, Color 560 et Color 570 (006R01525 006R01526 006R01527 006R01528)<\/p>\n","protected":false},"featured_media":17204,"comment_status":"open","ping_status":"closed","template":"","meta":{"_jet_sm_ready_style":"","_jet_sm_style":"","_jet_sm_controls_values":"","_jet_sm_fonts_collection":"","_jet_sm_fonts_links":""},"product_brand":[],"product_cat":[5936,5937,5938,5931],"product_tag":[],"class_list":{"0":"post-17197","1":"product","2":"type-product","3":"status-publish","4":"has-post-thumbnail","6":"product_cat-colour-550-fr","7":"product_cat-colour-560-fr","8":"product_cat-colour-570-fr","9":"product_cat-xerox-fr","11":"first","12":"instock","13":"taxable","14":"shipping-taxable","15":"purchasable","16":"product-type-simple"},"_links":{"self":[{"href":"https:\/\/www.printercompany.be\/fr\/wp-json\/wp\/v2\/product\/17197","targetHints":{"allow":["GET"]}}],"collection":[{"href":"https:\/\/www.printercompany.be\/fr\/wp-json\/wp\/v2\/product"}],"about":[{"href":"https:\/\/www.printercompany.be\/fr\/wp-json\/wp\/v2\/types\/product"}],"replies":[{"embeddable":true,"href":"https:\/\/www.printercompany.be\/fr\/wp-json\/wp\/v2\/comments?post=17197"}],"version-history":[{"count":2,"href":"https:\/\/www.printercompany.be\/fr\/wp-json\/wp\/v2\/product\/17197\/revisions"}],"predecessor-version":[{"id":17791,"href":"https:\/\/www.printercompany.be\/fr\/wp-json\/wp\/v2\/product\/17197\/revisions\/17791"}],"wp:featuredmedia":[{"embeddable":true,"href":"https:\/\/www.printercompany.be\/fr\/wp-json\/wp\/v2\/media\/17204"}],"wp:attachment":[{"href":"https:\/\/www.printercompany.be\/fr\/wp-json\/wp\/v2\/media?parent=17197"}],"wp:term":[{"taxonomy":"product_brand","embeddable":true,"href":"https:\/\/www.printercompany.be\/fr\/wp-json\/wp\/v2\/product_brand?post=17197"},{"taxonomy":"product_cat","embeddable":true,"href":"https:\/\/www.printercompany.be\/fr\/wp-json\/wp\/v2\/product_cat?post=17197"},{"taxonomy":"product_tag","embeddable":true,"href":"https:\/\/www.printercompany.be\/fr\/wp-json\/wp\/v2\/product_tag?post=17197"}],"curies":[{"name":"wp","href":"https:\/\/api.w.org\/{rel}","templated":true}]}}