{"id":17173,"date":"2023-03-30T18:43:48","date_gmt":"2023-03-30T17:43:48","guid":{"rendered":"https:\/\/printercompany.be\/product\/oki-et-xante-42931603-01173101-et-200-100223-courroie-de-transfert-reconditionnee\/"},"modified":"2023-03-30T18:43:48","modified_gmt":"2023-03-30T17:43:48","slug":"oki-en-xante-42931603-01173101-en-200-100223-reconditioned-transferbelt","status":"publish","type":"product","link":"https:\/\/www.printercompany.be\/fr\/produit\/oki-en-xante-42931603-01173101-en-200-100223-reconditioned-transferbelt\/","title":{"rendered":"OKI et Xant\u00e9 42931603 01173101 et 200-100223 Courroie de transfert reconditionn\u00e9e"},"content":{"rendered":"<p>Cette courroie de transfert remanufactur\u00e9e offre une excellente qualit\u00e9 et une grande fiabilit\u00e9 \u00e0 un prix abordable. Avec des pi\u00e8ces soigneusement reconditionn\u00e9es, cette courroie de transfert assure un transfert pr\u00e9cis du toner et des r\u00e9sultats d&rsquo;impression \u00e9clatants. Gr\u00e2ce \u00e0 une installation facile, vous pouvez obtenir des impressions de haute qualit\u00e9 sans d\u00e9passer votre budget. Investissez d\u00e8s aujourd&rsquo;hui dans les courroies de transfert remanufactur\u00e9es OKI et Xant\u00e9 42931603, 01173101 et 200-100223 pour des r\u00e9sultats d&rsquo;impression constants et professionnels.<\/p>\n<p>Convient pour C9600, C9650, C9800, C9850, ES3640A3 et Xante ilumina<\/p>\n","protected":false},"excerpt":{"rendered":"<p>Convient pour C9600, C9650, C9800, C9850, ES3640A3 et Xante ilumina<\/p>\n","protected":false},"featured_media":17174,"comment_status":"open","ping_status":"closed","template":"","meta":{"_jet_sm_ready_style":"","_jet_sm_style":"","_jet_sm_controls_values":"","_jet_sm_fonts_collection":"","_jet_sm_fonts_links":""},"product_brand":[],"product_cat":[5824,5825,5826,5827,5868,5869,5870,5871,5783,5865,5929,5924],"product_tag":[],"class_list":{"0":"post-17173","1":"product","2":"type-product","3":"status-publish","4":"has-post-thumbnail","6":"product_cat-c9600-fr","7":"product_cat-c9650-fr","8":"product_cat-c9800-fr","9":"product_cat-c9850-fr","10":"product_cat-es3640","11":"product_cat-es3640a3-fr","12":"product_cat-es3640mfp-fr","13":"product_cat-es3640pro-fr","14":"product_cat-oki-fr","15":"product_cat-oki-es-fr","16":"product_cat-xante-illumina-fr","17":"product_cat-xante-oce-fr","19":"first","20":"instock","21":"taxable","22":"shipping-taxable","23":"purchasable","24":"product-type-simple"},"_links":{"self":[{"href":"https:\/\/www.printercompany.be\/fr\/wp-json\/wp\/v2\/product\/17173","targetHints":{"allow":["GET"]}}],"collection":[{"href":"https:\/\/www.printercompany.be\/fr\/wp-json\/wp\/v2\/product"}],"about":[{"href":"https:\/\/www.printercompany.be\/fr\/wp-json\/wp\/v2\/types\/product"}],"replies":[{"embeddable":true,"href":"https:\/\/www.printercompany.be\/fr\/wp-json\/wp\/v2\/comments?post=17173"}],"version-history":[{"count":0,"href":"https:\/\/www.printercompany.be\/fr\/wp-json\/wp\/v2\/product\/17173\/revisions"}],"wp:featuredmedia":[{"embeddable":true,"href":"https:\/\/www.printercompany.be\/fr\/wp-json\/wp\/v2\/media\/17174"}],"wp:attachment":[{"href":"https:\/\/www.printercompany.be\/fr\/wp-json\/wp\/v2\/media?parent=17173"}],"wp:term":[{"taxonomy":"product_brand","embeddable":true,"href":"https:\/\/www.printercompany.be\/fr\/wp-json\/wp\/v2\/product_brand?post=17173"},{"taxonomy":"product_cat","embeddable":true,"href":"https:\/\/www.printercompany.be\/fr\/wp-json\/wp\/v2\/product_cat?post=17173"},{"taxonomy":"product_tag","embeddable":true,"href":"https:\/\/www.printercompany.be\/fr\/wp-json\/wp\/v2\/product_tag?post=17173"}],"curies":[{"name":"wp","href":"https:\/\/api.w.org\/{rel}","templated":true}]}}