{"id":17162,"date":"2023-03-30T18:43:48","date_gmt":"2023-03-30T17:43:48","guid":{"rendered":"https:\/\/printercompany.be\/product\/oki-42869403-01173201-bac-a-toner\/"},"modified":"2023-03-30T18:43:48","modified_gmt":"2023-03-30T17:43:48","slug":"oki-42869403-01173201-toner-opvangbak","status":"publish","type":"product","link":"https:\/\/www.printercompany.be\/fr\/produit\/oki-42869403-01173201-toner-opvangbak\/","title":{"rendered":"OKI 42869403 01173201 Bac \u00e0 toner"},"content":{"rendered":"<p>Gardez votre imprimante propre et efficace avec le bac de r\u00e9cup\u00e9ration de toner OKI 42869403 et 01173201. Facile \u00e0 installer, ce bac de collecte constitue une solution pratique et \u00e9conomique pour maintenir votre imprimante en parfait \u00e9tat. Investissez dans le bac de r\u00e9cup\u00e9ration de toner OKI 42869403 01173201 d\u00e8s aujourd&rsquo;hui et profitez d&rsquo;une impression r\u00e9guli\u00e8re sans probl\u00e8me de contamination.<\/p>\n<p>Convient pour C9600, C9650, C9800, C9850, ES3640, ES3640A3, ES3640MFP, ES3640Pro, OKI, OKI ES, Xant\u00e9 Illumina, Xante Oce<\/p>\n","protected":false},"excerpt":{"rendered":"<p>Convient pour C9600, C9650, C9800, C9850, ES3640A3 et Xante ilumina<\/p>\n","protected":false},"featured_media":17170,"comment_status":"open","ping_status":"closed","template":"","meta":{"_jet_sm_ready_style":"","_jet_sm_style":"","_jet_sm_controls_values":"","_jet_sm_fonts_collection":"","_jet_sm_fonts_links":""},"product_brand":[],"product_cat":[5824,5825,5826,5827,5868,5869,5870,5871,5783,5865,5929,5924],"product_tag":[],"class_list":{"0":"post-17162","1":"product","2":"type-product","3":"status-publish","4":"has-post-thumbnail","6":"product_cat-c9600-fr","7":"product_cat-c9650-fr","8":"product_cat-c9800-fr","9":"product_cat-c9850-fr","10":"product_cat-es3640","11":"product_cat-es3640a3-fr","12":"product_cat-es3640mfp-fr","13":"product_cat-es3640pro-fr","14":"product_cat-oki-fr","15":"product_cat-oki-es-fr","16":"product_cat-xante-illumina-fr","17":"product_cat-xante-oce-fr","19":"first","20":"instock","21":"taxable","22":"shipping-taxable","23":"purchasable","24":"product-type-simple"},"_links":{"self":[{"href":"https:\/\/www.printercompany.be\/fr\/wp-json\/wp\/v2\/product\/17162","targetHints":{"allow":["GET"]}}],"collection":[{"href":"https:\/\/www.printercompany.be\/fr\/wp-json\/wp\/v2\/product"}],"about":[{"href":"https:\/\/www.printercompany.be\/fr\/wp-json\/wp\/v2\/types\/product"}],"replies":[{"embeddable":true,"href":"https:\/\/www.printercompany.be\/fr\/wp-json\/wp\/v2\/comments?post=17162"}],"version-history":[{"count":0,"href":"https:\/\/www.printercompany.be\/fr\/wp-json\/wp\/v2\/product\/17162\/revisions"}],"wp:featuredmedia":[{"embeddable":true,"href":"https:\/\/www.printercompany.be\/fr\/wp-json\/wp\/v2\/media\/17170"}],"wp:attachment":[{"href":"https:\/\/www.printercompany.be\/fr\/wp-json\/wp\/v2\/media?parent=17162"}],"wp:term":[{"taxonomy":"product_brand","embeddable":true,"href":"https:\/\/www.printercompany.be\/fr\/wp-json\/wp\/v2\/product_brand?post=17162"},{"taxonomy":"product_cat","embeddable":true,"href":"https:\/\/www.printercompany.be\/fr\/wp-json\/wp\/v2\/product_cat?post=17162"},{"taxonomy":"product_tag","embeddable":true,"href":"https:\/\/www.printercompany.be\/fr\/wp-json\/wp\/v2\/product_tag?post=17162"}],"curies":[{"name":"wp","href":"https:\/\/api.w.org\/{rel}","templated":true}]}}