{"id":17155,"date":"2023-03-30T18:44:00","date_gmt":"2023-03-30T17:44:00","guid":{"rendered":"https:\/\/printercompany.be\/product\/xerox-013r00603-kit-de-reconstruction-de-tambour-cmy\/"},"modified":"2023-03-30T18:44:00","modified_gmt":"2023-03-30T17:44:00","slug":"xerox-013r00603-drum-rebuild-kit-cmy","status":"publish","type":"product","link":"https:\/\/www.printercompany.be\/fr\/produit\/xerox-013r00603-drum-rebuild-kit-cmy\/","title":{"rendered":"Xerox 013R00603 Kit de reconstruction de tambour (CMY)"},"content":{"rendered":"<p>Am\u00e9liorez votre exp\u00e9rience d&rsquo;impression avec le kit de reconstruction du tambour Xerox 013R00603 (CMY). Ce kit remanufactur\u00e9 offre d&rsquo;excellentes performances pour vos impressions cyan, magenta et jaune (CMY) \u00e0 un prix abordable. Gr\u00e2ce \u00e0 des pi\u00e8ces soigneusement reconditionn\u00e9es, ce kit garantit une reproduction pr\u00e9cise des couleurs et des r\u00e9sultats \u00e9clatants. Compatible avec diff\u00e9rents mod\u00e8les d&rsquo;imprimantes, le kit de reconstruction de tambour Xerox 013R00603 (CMY) (remis \u00e0 neuf) offre une solution rentable pour vos besoins d&rsquo;impression. Gr\u00e2ce \u00e0 une installation facile et \u00e0 une construction durable, vous pouvez obtenir des impressions de haute qualit\u00e9 sans d\u00e9passer votre budget.<\/p>\n<p>Convient pour DocuColor 240, DocuColor 242, DocuColor 250, DocuColor 252 et DocuColor 260<\/p>\n","protected":false},"excerpt":{"rendered":"<p>Convient pour DocuColor 240, DocuColor 242, DocuColor 250, DocuColor 252 et DocuColor 260<\/p>\n","protected":false},"featured_media":17163,"comment_status":"open","ping_status":"closed","template":"","meta":{"_jet_sm_ready_style":"","_jet_sm_style":"","_jet_sm_controls_values":"","_jet_sm_fonts_collection":"","_jet_sm_fonts_links":""},"product_brand":[],"product_cat":[5944,5945,5946,5947,5948,5931],"product_tag":[],"class_list":{"0":"post-17155","1":"product","2":"type-product","3":"status-publish","4":"has-post-thumbnail","6":"product_cat-docucolor-240-fr","7":"product_cat-docucolor-242-fr","8":"product_cat-docucolor-250-fr","9":"product_cat-docucolor-252-fr","10":"product_cat-docucolor-260-fr","11":"product_cat-xerox-fr","13":"first","14":"instock","15":"taxable","16":"shipping-taxable","17":"purchasable","18":"product-type-simple"},"_links":{"self":[{"href":"https:\/\/www.printercompany.be\/fr\/wp-json\/wp\/v2\/product\/17155","targetHints":{"allow":["GET"]}}],"collection":[{"href":"https:\/\/www.printercompany.be\/fr\/wp-json\/wp\/v2\/product"}],"about":[{"href":"https:\/\/www.printercompany.be\/fr\/wp-json\/wp\/v2\/types\/product"}],"replies":[{"embeddable":true,"href":"https:\/\/www.printercompany.be\/fr\/wp-json\/wp\/v2\/comments?post=17155"}],"version-history":[{"count":0,"href":"https:\/\/www.printercompany.be\/fr\/wp-json\/wp\/v2\/product\/17155\/revisions"}],"wp:featuredmedia":[{"embeddable":true,"href":"https:\/\/www.printercompany.be\/fr\/wp-json\/wp\/v2\/media\/17163"}],"wp:attachment":[{"href":"https:\/\/www.printercompany.be\/fr\/wp-json\/wp\/v2\/media?parent=17155"}],"wp:term":[{"taxonomy":"product_brand","embeddable":true,"href":"https:\/\/www.printercompany.be\/fr\/wp-json\/wp\/v2\/product_brand?post=17155"},{"taxonomy":"product_cat","embeddable":true,"href":"https:\/\/www.printercompany.be\/fr\/wp-json\/wp\/v2\/product_cat?post=17155"},{"taxonomy":"product_tag","embeddable":true,"href":"https:\/\/www.printercompany.be\/fr\/wp-json\/wp\/v2\/product_tag?post=17155"}],"curies":[{"name":"wp","href":"https:\/\/api.w.org\/{rel}","templated":true}]}}