{"id":17142,"date":"2023-03-30T18:43:49","date_gmt":"2023-03-30T17:43:49","guid":{"rendered":"https:\/\/printercompany.be\/product\/oki-45103713-tambour-jaune-y\/"},"modified":"2023-03-30T18:43:49","modified_gmt":"2023-03-30T17:43:49","slug":"oki-45103713-drum-geel-y","status":"publish","type":"product","link":"https:\/\/www.printercompany.be\/fr\/produit\/oki-45103713-drum-geel-y\/","title":{"rendered":"OKI 45103713 Tambour Jaune (Y)"},"content":{"rendered":"<p>Ce tambour jaune remanufactur\u00e9 offre une excellente qualit\u00e9 d&rsquo;impression \u00e0 un prix abordable. Gr\u00e2ce \u00e0 des pi\u00e8ces soigneusement remises \u00e0 neuf, ce tambour garantit une reproduction pr\u00e9cise des couleurs et des r\u00e9sultats \u00e9clatants. Compatible avec diff\u00e9rents mod\u00e8les d&rsquo;imprimantes, le tambour OKI 45103713 jaune (Y) (reconditionn\u00e9) constitue une solution \u00e9conomique pour vos besoins d&rsquo;impression. Convient pour C911, C931 et C941<\/p>\n<p>Gr\u00e2ce \u00e0 une installation facile et \u00e0 une construction durable, vous pouvez obtenir des impressions de haute qualit\u00e9 en jaune sans d\u00e9passer votre budget.<\/p>\n","protected":false},"excerpt":{"rendered":"<p>Convient pour C911, C931 et C941<\/p>\n","protected":false},"featured_media":17154,"comment_status":"open","ping_status":"closed","template":"","meta":{"_jet_sm_ready_style":"","_jet_sm_style":"","_jet_sm_controls_values":"","_jet_sm_fonts_collection":"","_jet_sm_fonts_links":""},"product_brand":[],"product_cat":[5821,5822,5823,5783],"product_tag":[],"class_list":{"0":"post-17142","1":"product","2":"type-product","3":"status-publish","4":"has-post-thumbnail","6":"product_cat-c911-fr","7":"product_cat-c931-fr","8":"product_cat-c941-fr","9":"product_cat-oki-fr","11":"first","12":"instock","13":"taxable","14":"shipping-taxable","15":"purchasable","16":"product-type-simple"},"_links":{"self":[{"href":"https:\/\/www.printercompany.be\/fr\/wp-json\/wp\/v2\/product\/17142","targetHints":{"allow":["GET"]}}],"collection":[{"href":"https:\/\/www.printercompany.be\/fr\/wp-json\/wp\/v2\/product"}],"about":[{"href":"https:\/\/www.printercompany.be\/fr\/wp-json\/wp\/v2\/types\/product"}],"replies":[{"embeddable":true,"href":"https:\/\/www.printercompany.be\/fr\/wp-json\/wp\/v2\/comments?post=17142"}],"version-history":[{"count":0,"href":"https:\/\/www.printercompany.be\/fr\/wp-json\/wp\/v2\/product\/17142\/revisions"}],"wp:featuredmedia":[{"embeddable":true,"href":"https:\/\/www.printercompany.be\/fr\/wp-json\/wp\/v2\/media\/17154"}],"wp:attachment":[{"href":"https:\/\/www.printercompany.be\/fr\/wp-json\/wp\/v2\/media?parent=17142"}],"wp:term":[{"taxonomy":"product_brand","embeddable":true,"href":"https:\/\/www.printercompany.be\/fr\/wp-json\/wp\/v2\/product_brand?post=17142"},{"taxonomy":"product_cat","embeddable":true,"href":"https:\/\/www.printercompany.be\/fr\/wp-json\/wp\/v2\/product_cat?post=17142"},{"taxonomy":"product_tag","embeddable":true,"href":"https:\/\/www.printercompany.be\/fr\/wp-json\/wp\/v2\/product_tag?post=17142"}],"curies":[{"name":"wp","href":"https:\/\/api.w.org\/{rel}","templated":true}]}}