{"id":17132,"date":"2023-03-30T18:43:52","date_gmt":"2023-03-30T17:43:52","guid":{"rendered":"https:\/\/printercompany.be\/product\/oki-45536508-toner-haute-capacite-noir-k\/"},"modified":"2023-03-30T18:43:52","modified_gmt":"2023-03-30T17:43:52","slug":"oki-45536508-toner-high-capacity-zwart-k","status":"publish","type":"product","link":"https:\/\/www.printercompany.be\/fr\/produit\/oki-45536508-toner-high-capacity-zwart-k\/","title":{"rendered":"OKI 45536508 Toner Haute Capacit\u00e9 Noir (K)"},"content":{"rendered":"<p>La cartouche OKI 45536508 Toner Haute Capacit\u00e9 Noir (K) est une cartouche de toner de qualit\u00e9 originale convenant aux OKI C911, C931 et C941. Avec un rendement de 38 000 pages, cette cartouche de toner garantit une exp\u00e9rience d&rsquo;impression durable et fiable.<\/p>\n<p>Nos cartouches de toner sont fabriqu\u00e9es localement \u00e0 partir de toner de haute qualit\u00e9 provenant du Japon. La qualit\u00e9 de ce toner est \u00e9quivalente \u00e0 celle des fabricants d&rsquo;origine et m\u00eame sup\u00e9rieure \u00e0 celle de nombreuses marques maison actuellement disponibles sur le march\u00e9.<\/p>\n","protected":false},"excerpt":{"rendered":"<p>Convient pour C911, C931 et C941<\/p>\n","protected":false},"featured_media":17140,"comment_status":"closed","ping_status":"closed","template":"","meta":{"_jet_sm_ready_style":"","_jet_sm_style":"","_jet_sm_controls_values":"","_jet_sm_fonts_collection":"","_jet_sm_fonts_links":""},"product_brand":[],"product_cat":[5821,5822,5823,5783],"product_tag":[4465],"class_list":{"0":"post-17132","1":"product","2":"type-product","3":"status-publish","4":"has-post-thumbnail","6":"product_cat-c911-fr","7":"product_cat-c931-fr","8":"product_cat-c941-fr","9":"product_cat-oki-fr","10":"product_tag-45536508-fr","12":"first","13":"instock","14":"taxable","15":"shipping-taxable","16":"purchasable","17":"product-type-simple"},"_links":{"self":[{"href":"https:\/\/www.printercompany.be\/fr\/wp-json\/wp\/v2\/product\/17132","targetHints":{"allow":["GET"]}}],"collection":[{"href":"https:\/\/www.printercompany.be\/fr\/wp-json\/wp\/v2\/product"}],"about":[{"href":"https:\/\/www.printercompany.be\/fr\/wp-json\/wp\/v2\/types\/product"}],"replies":[{"embeddable":true,"href":"https:\/\/www.printercompany.be\/fr\/wp-json\/wp\/v2\/comments?post=17132"}],"version-history":[{"count":0,"href":"https:\/\/www.printercompany.be\/fr\/wp-json\/wp\/v2\/product\/17132\/revisions"}],"wp:featuredmedia":[{"embeddable":true,"href":"https:\/\/www.printercompany.be\/fr\/wp-json\/wp\/v2\/media\/17140"}],"wp:attachment":[{"href":"https:\/\/www.printercompany.be\/fr\/wp-json\/wp\/v2\/media?parent=17132"}],"wp:term":[{"taxonomy":"product_brand","embeddable":true,"href":"https:\/\/www.printercompany.be\/fr\/wp-json\/wp\/v2\/product_brand?post=17132"},{"taxonomy":"product_cat","embeddable":true,"href":"https:\/\/www.printercompany.be\/fr\/wp-json\/wp\/v2\/product_cat?post=17132"},{"taxonomy":"product_tag","embeddable":true,"href":"https:\/\/www.printercompany.be\/fr\/wp-json\/wp\/v2\/product_tag?post=17132"}],"curies":[{"name":"wp","href":"https:\/\/api.w.org\/{rel}","templated":true}]}}