{"id":17130,"date":"2023-03-30T18:44:03","date_gmt":"2023-03-30T17:44:03","guid":{"rendered":"https:\/\/printercompany.be\/product\/oki-44968301-tambour\/"},"modified":"2023-03-30T18:44:03","modified_gmt":"2023-03-30T17:44:03","slug":"oki-44968301-drum","status":"publish","type":"product","link":"https:\/\/www.printercompany.be\/fr\/produit\/oki-44968301-drum\/","title":{"rendered":"OKI 44968301 Tambour"},"content":{"rendered":"<p>Ce tambour remanufactur\u00e9 offre une excellente qualit\u00e9 d&rsquo;impression \u00e0 un prix \u00e9conomique. Gr\u00e2ce \u00e0 sa technologie avanc\u00e9e, il garantit une reproduction pr\u00e9cise des couleurs et des r\u00e9sultats nets. Le tambour OKI 44968301 (remis \u00e0 neuf) a \u00e9t\u00e9 soigneusement remis \u00e0 neuf pour garantir des performances optimales et est compatible avec divers mod\u00e8les d&rsquo;imprimantes.<\/p>\n<p>Avec une installation facile et une construction durable, ce tambour offre une solution rentable pour vos besoins d&rsquo;impression.<\/p>\n<p>Convient pour C310, C311, C331, C332, C510, C511, C530, C531, ES3451, ES3452, ES5430, ES5431, ES5461, ES5462, MC331, MC332, MC342, MC351, MC352, MC361, MC362, MC363, MC561 et MC562<\/p>\n","protected":false},"excerpt":{"rendered":"<p>Convient pour C310, C311, C331, C332, C510, C511, C530, C531, ES3451, ES3452, ES5430, ES5431, ES5461, ES5462, MC331, MC332, MC342, MC351, MC352, MC361, MC362, MC363, MC561 et MC562<\/p>\n","protected":false},"featured_media":17150,"comment_status":"open","ping_status":"closed","template":"","meta":{"_jet_sm_ready_style":"","_jet_sm_style":"","_jet_sm_controls_values":"","_jet_sm_fonts_collection":"","_jet_sm_fonts_links":""},"product_brand":[],"product_cat":[5795,5796,5797,5798,5799,5866,5867,5881,5882,5885,5886,5839,5840,5841,5842,5843,5844,5845,5846,5847,5848,5849,5783,5865],"product_tag":[],"class_list":{"0":"post-17130","1":"product","2":"type-product","3":"status-publish","4":"has-post-thumbnail","6":"product_cat-c332-fr","7":"product_cat-c510-fr","8":"product_cat-c511-fr","9":"product_cat-c530-fr","10":"product_cat-c531-fr","11":"product_cat-es3451-fr","12":"product_cat-es3452-fr","13":"product_cat-es5430-fr","14":"product_cat-es5431-fr","15":"product_cat-es5461-fr","16":"product_cat-es5462-fr","17":"product_cat-mc331-fr","18":"product_cat-mc332-fr","19":"product_cat-mc342-fr","20":"product_cat-mc351-fr","21":"product_cat-mc352-fr","22":"product_cat-mc361-fr","23":"product_cat-mc362-fr","24":"product_cat-mc363-fr","25":"product_cat-mc561-fr","26":"product_cat-mc562-fr","27":"product_cat-mc562w-fr","28":"product_cat-oki-fr","29":"product_cat-oki-es-fr","31":"first","32":"instock","33":"taxable","34":"shipping-taxable","35":"purchasable","36":"product-type-simple"},"_links":{"self":[{"href":"https:\/\/www.printercompany.be\/fr\/wp-json\/wp\/v2\/product\/17130","targetHints":{"allow":["GET"]}}],"collection":[{"href":"https:\/\/www.printercompany.be\/fr\/wp-json\/wp\/v2\/product"}],"about":[{"href":"https:\/\/www.printercompany.be\/fr\/wp-json\/wp\/v2\/types\/product"}],"replies":[{"embeddable":true,"href":"https:\/\/www.printercompany.be\/fr\/wp-json\/wp\/v2\/comments?post=17130"}],"version-history":[{"count":0,"href":"https:\/\/www.printercompany.be\/fr\/wp-json\/wp\/v2\/product\/17130\/revisions"}],"wp:featuredmedia":[{"embeddable":true,"href":"https:\/\/www.printercompany.be\/fr\/wp-json\/wp\/v2\/media\/17150"}],"wp:attachment":[{"href":"https:\/\/www.printercompany.be\/fr\/wp-json\/wp\/v2\/media?parent=17130"}],"wp:term":[{"taxonomy":"product_brand","embeddable":true,"href":"https:\/\/www.printercompany.be\/fr\/wp-json\/wp\/v2\/product_brand?post=17130"},{"taxonomy":"product_cat","embeddable":true,"href":"https:\/\/www.printercompany.be\/fr\/wp-json\/wp\/v2\/product_cat?post=17130"},{"taxonomy":"product_tag","embeddable":true,"href":"https:\/\/www.printercompany.be\/fr\/wp-json\/wp\/v2\/product_tag?post=17130"}],"curies":[{"name":"wp","href":"https:\/\/api.w.org\/{rel}","templated":true}]}}