{"id":17129,"date":"2023-03-30T18:44:07","date_gmt":"2023-03-30T17:44:07","guid":{"rendered":"https:\/\/printercompany.be\/product\/konica-minolta-a0dt0ya-recipient-a-dechets\/"},"modified":"2023-03-30T18:44:07","modified_gmt":"2023-03-30T17:44:07","slug":"konica-minolta-a0dt0ya-conteneur-de-dechets","status":"publish","type":"product","link":"https:\/\/www.printercompany.be\/fr\/produit\/konica-minolta-a0dt0ya-conteneur-de-dechets\/","title":{"rendered":"Konica Minolta A0DT0YA R\u00e9cipient \u00e0 d\u00e9chets"},"content":{"rendered":"<p>G\u00e9rez efficacement les d\u00e9chets de votre imprimante avec le conteneur \u00e0 d\u00e9chets Konica Minolta A0DT0YA. Ce conteneur est con\u00e7u pour collecter facilement et en toute s\u00e9curit\u00e9 les d\u00e9chets de votre imprimante. Gr\u00e2ce \u00e0 sa construction fiable, ce conteneur offre une durabilit\u00e9 et des performances \u00e0 long terme. Facile \u00e0 installer, le conteneur \u00e0 d\u00e9chets Konica Minolta A0DT0YA s&rsquo;adapte parfaitement \u00e0 votre mod\u00e8le d&rsquo;imprimante. Optimisez votre environnement d&rsquo;impression et r\u00e9duisez l&rsquo;impact sur l&rsquo;environnement gr\u00e2ce \u00e0 ce conteneur de d\u00e9chets pratique. Investissez d\u00e8s aujourd&rsquo;hui dans cet accessoire essentiel pour \u00e9liminer les d\u00e9chets en toute tranquillit\u00e9.<\/p>\n<p>Convient pour Bizhub C200, Bizhub C250, Magicolor 8650, Oce CS163, Oce CS173 et Oce CS193<\/p>\n","protected":false},"excerpt":{"rendered":"<p>Convient pour Bizhub C200, Bizhub C250, Magicolor 8650, Oce CS163, Oce CS173 et Oce CS193<\/p>\n","protected":false},"featured_media":17138,"comment_status":"open","ping_status":"closed","template":"","meta":{"_jet_sm_ready_style":"","_jet_sm_style":"","_jet_sm_controls_values":"","_jet_sm_fonts_collection":"","_jet_sm_fonts_links":""},"product_brand":[],"product_cat":[5732,5739,5703,5775,5926,5927,5928,5924],"product_tag":[],"class_list":{"0":"post-17129","1":"product","2":"type-product","3":"status-publish","4":"has-post-thumbnail","6":"product_cat-bizhub-c200-fr","7":"product_cat-bizhub-c250-fr","8":"product_cat-konica-minolta-fr","9":"product_cat-magicolor-8650-fr","10":"product_cat-oce-cs163-fr","11":"product_cat-oce-cs173-fr","12":"product_cat-oce-cs193-fr","13":"product_cat-xante-oce-fr","15":"first","16":"instock","17":"taxable","18":"shipping-taxable","19":"purchasable","20":"product-type-simple"},"_links":{"self":[{"href":"https:\/\/www.printercompany.be\/fr\/wp-json\/wp\/v2\/product\/17129","targetHints":{"allow":["GET"]}}],"collection":[{"href":"https:\/\/www.printercompany.be\/fr\/wp-json\/wp\/v2\/product"}],"about":[{"href":"https:\/\/www.printercompany.be\/fr\/wp-json\/wp\/v2\/types\/product"}],"replies":[{"embeddable":true,"href":"https:\/\/www.printercompany.be\/fr\/wp-json\/wp\/v2\/comments?post=17129"}],"version-history":[{"count":0,"href":"https:\/\/www.printercompany.be\/fr\/wp-json\/wp\/v2\/product\/17129\/revisions"}],"wp:featuredmedia":[{"embeddable":true,"href":"https:\/\/www.printercompany.be\/fr\/wp-json\/wp\/v2\/media\/17138"}],"wp:attachment":[{"href":"https:\/\/www.printercompany.be\/fr\/wp-json\/wp\/v2\/media?parent=17129"}],"wp:term":[{"taxonomy":"product_brand","embeddable":true,"href":"https:\/\/www.printercompany.be\/fr\/wp-json\/wp\/v2\/product_brand?post=17129"},{"taxonomy":"product_cat","embeddable":true,"href":"https:\/\/www.printercompany.be\/fr\/wp-json\/wp\/v2\/product_cat?post=17129"},{"taxonomy":"product_tag","embeddable":true,"href":"https:\/\/www.printercompany.be\/fr\/wp-json\/wp\/v2\/product_tag?post=17129"}],"curies":[{"name":"wp","href":"https:\/\/api.w.org\/{rel}","templated":true}]}}