{"id":17118,"date":"2023-03-30T18:43:59","date_gmt":"2023-03-30T17:43:59","guid":{"rendered":"https:\/\/printercompany.be\/product\/xerox-013r00655-kit-de-reconstruction-du-tambour-noir-k\/"},"modified":"2023-03-30T18:43:59","modified_gmt":"2023-03-30T17:43:59","slug":"xerox-013r00655-drum-rebuild-kit-zwart-k","status":"publish","type":"product","link":"https:\/\/www.printercompany.be\/fr\/produit\/xerox-013r00655-drum-rebuild-kit-zwart-k\/","title":{"rendered":"Xerox 013R00655 Kit de reconstruction du tambour noir (K)"},"content":{"rendered":"<p>Ce kit remanufactur\u00e9 offre d&rsquo;excellentes performances pour vos impressions en noir \u00e0 un prix abordable. Avec des pi\u00e8ces soigneusement remises \u00e0 neuf, ce kit garantit un transfert de toner pr\u00e9cis et des r\u00e9sultats noirs nets. Compatible avec diff\u00e9rents mod\u00e8les d&rsquo;imprimantes, le kit de reconstruction de tambour Xerox 013R00655 noir (K) (remis \u00e0 neuf) constitue une solution rentable pour vos besoins d&rsquo;impression. Gr\u00e2ce \u00e0 une installation facile et \u00e0 une construction durable, vous pouvez obtenir des impressions de haute qualit\u00e9 sans d\u00e9passer votre budget.<\/p>\n<p>Convient \u00e0 la presse couleur num\u00e9rique 700, \u00e0 la presse couleur num\u00e9rique 700i, \u00e0 la presse couleur num\u00e9rique 770, \u00e0 la presse couleur num\u00e9rique C75, \u00e0 la presse couleur num\u00e9rique J75<\/p>\n","protected":false},"excerpt":{"rendered":"<p>Convient \u00e0 la presse couleur num\u00e9rique 700, \u00e0 la presse couleur num\u00e9rique 700i, \u00e0 la presse couleur num\u00e9rique 770, \u00e0 la presse couleur num\u00e9rique C75, \u00e0 la presse couleur num\u00e9rique J75<\/p>\n","protected":false},"featured_media":17126,"comment_status":"open","ping_status":"closed","template":"","meta":{"_jet_sm_ready_style":"","_jet_sm_style":"","_jet_sm_controls_values":"","_jet_sm_fonts_collection":"","_jet_sm_fonts_links":""},"product_brand":[],"product_cat":[5940,5939,5941,5942,5943,5931],"product_tag":[],"class_list":{"0":"post-17118","1":"product","2":"type-product","3":"status-publish","4":"has-post-thumbnail","6":"product_cat-digital-color-press-700i-fr","7":"product_cat-digital-color-press-700-fr","8":"product_cat-digital-color-press-770-fr","9":"product_cat-digital-color-press-c75-fr","10":"product_cat-digital-color-press-j75-fr","11":"product_cat-xerox-fr","13":"first","14":"instock","15":"taxable","16":"shipping-taxable","17":"purchasable","18":"product-type-simple"},"_links":{"self":[{"href":"https:\/\/www.printercompany.be\/fr\/wp-json\/wp\/v2\/product\/17118","targetHints":{"allow":["GET"]}}],"collection":[{"href":"https:\/\/www.printercompany.be\/fr\/wp-json\/wp\/v2\/product"}],"about":[{"href":"https:\/\/www.printercompany.be\/fr\/wp-json\/wp\/v2\/types\/product"}],"replies":[{"embeddable":true,"href":"https:\/\/www.printercompany.be\/fr\/wp-json\/wp\/v2\/comments?post=17118"}],"version-history":[{"count":0,"href":"https:\/\/www.printercompany.be\/fr\/wp-json\/wp\/v2\/product\/17118\/revisions"}],"wp:featuredmedia":[{"embeddable":true,"href":"https:\/\/www.printercompany.be\/fr\/wp-json\/wp\/v2\/media\/17126"}],"wp:attachment":[{"href":"https:\/\/www.printercompany.be\/fr\/wp-json\/wp\/v2\/media?parent=17118"}],"wp:term":[{"taxonomy":"product_brand","embeddable":true,"href":"https:\/\/www.printercompany.be\/fr\/wp-json\/wp\/v2\/product_brand?post=17118"},{"taxonomy":"product_cat","embeddable":true,"href":"https:\/\/www.printercompany.be\/fr\/wp-json\/wp\/v2\/product_cat?post=17118"},{"taxonomy":"product_tag","embeddable":true,"href":"https:\/\/www.printercompany.be\/fr\/wp-json\/wp\/v2\/product_tag?post=17118"}],"curies":[{"name":"wp","href":"https:\/\/api.w.org\/{rel}","templated":true}]}}