{"id":17105,"date":"2023-03-30T18:43:55","date_gmt":"2023-03-30T17:43:55","guid":{"rendered":"https:\/\/printercompany.be\/product\/oki-45536415-toner-cyan-c\/"},"modified":"2023-03-30T18:43:55","modified_gmt":"2023-03-30T17:43:55","slug":"oki-45536415-toner-cyaan-c","status":"publish","type":"product","link":"https:\/\/www.printercompany.be\/fr\/produit\/oki-45536415-toner-cyaan-c\/","title":{"rendered":"OKI 45536415 Toner Cyan (C)"},"content":{"rendered":"<p>Le toner OKI 45536415 Cyan (C) est une cartouche de toner de qualit\u00e9 originale convenant aux OKI C9600, C9650, C9800 et C9850. Avec un rendement de 24 000 pages, cette cartouche de toner garantit une exp\u00e9rience d&rsquo;impression durable et fiable.<\/p>\n<p>Nos cartouches de toner sont fabriqu\u00e9es localement \u00e0 partir de toner de haute qualit\u00e9 provenant du Japon. La qualit\u00e9 de ce toner est \u00e9quivalente \u00e0 celle des fabricants d&rsquo;origine et m\u00eame sup\u00e9rieure \u00e0 celle de nombreuses marques maison actuellement disponibles sur le march\u00e9.<\/p>\n","protected":false},"excerpt":{"rendered":"<p>Convient pour C9600, C9650, C9800 et C9850<\/p>\n","protected":false},"featured_media":17116,"comment_status":"closed","ping_status":"closed","template":"","meta":{"_jet_sm_ready_style":"","_jet_sm_style":"","_jet_sm_controls_values":"","_jet_sm_fonts_collection":"","_jet_sm_fonts_links":""},"product_brand":[],"product_cat":[5824,5825,5826,5827,5783],"product_tag":[],"class_list":{"0":"post-17105","1":"product","2":"type-product","3":"status-publish","4":"has-post-thumbnail","6":"product_cat-c9600-fr","7":"product_cat-c9650-fr","8":"product_cat-c9800-fr","9":"product_cat-c9850-fr","10":"product_cat-oki-fr","12":"first","13":"instock","14":"taxable","15":"shipping-taxable","16":"purchasable","17":"product-type-simple"},"_links":{"self":[{"href":"https:\/\/www.printercompany.be\/fr\/wp-json\/wp\/v2\/product\/17105","targetHints":{"allow":["GET"]}}],"collection":[{"href":"https:\/\/www.printercompany.be\/fr\/wp-json\/wp\/v2\/product"}],"about":[{"href":"https:\/\/www.printercompany.be\/fr\/wp-json\/wp\/v2\/types\/product"}],"replies":[{"embeddable":true,"href":"https:\/\/www.printercompany.be\/fr\/wp-json\/wp\/v2\/comments?post=17105"}],"version-history":[{"count":0,"href":"https:\/\/www.printercompany.be\/fr\/wp-json\/wp\/v2\/product\/17105\/revisions"}],"wp:featuredmedia":[{"embeddable":true,"href":"https:\/\/www.printercompany.be\/fr\/wp-json\/wp\/v2\/media\/17116"}],"wp:attachment":[{"href":"https:\/\/www.printercompany.be\/fr\/wp-json\/wp\/v2\/media?parent=17105"}],"wp:term":[{"taxonomy":"product_brand","embeddable":true,"href":"https:\/\/www.printercompany.be\/fr\/wp-json\/wp\/v2\/product_brand?post=17105"},{"taxonomy":"product_cat","embeddable":true,"href":"https:\/\/www.printercompany.be\/fr\/wp-json\/wp\/v2\/product_cat?post=17105"},{"taxonomy":"product_tag","embeddable":true,"href":"https:\/\/www.printercompany.be\/fr\/wp-json\/wp\/v2\/product_tag?post=17105"}],"curies":[{"name":"wp","href":"https:\/\/api.w.org\/{rel}","templated":true}]}}