{"id":17084,"date":"2023-03-30T18:44:05","date_gmt":"2023-03-30T17:44:05","guid":{"rendered":"https:\/\/printercompany.be\/product\/konica-minolta-4062-303-iu-210y-tambour-jaune-remis-a-neuf-y\/"},"modified":"2023-03-30T18:44:05","modified_gmt":"2023-03-30T17:44:05","slug":"konica-minolta-4062-303-iu-210y-refurb-drum-geel","status":"publish","type":"product","link":"https:\/\/www.printercompany.be\/fr\/produit\/konica-minolta-4062-303-iu-210y-refurb-drum-geel\/","title":{"rendered":"Konica Minolta 4062-303 IU-210Y Tambour jaune remis \u00e0 neuf (Y)"},"content":{"rendered":"<p>Ce tambour jaune remis \u00e0 neuf offre une excellente qualit\u00e9 d&rsquo;impression \u00e0 un prix abordable. Dot\u00e9 d&rsquo;une technologie avanc\u00e9e, ce tambour garantit une reproduction pr\u00e9cise des couleurs et des r\u00e9sultats \u00e9clatants. Le tambour jaune Konica Minolta 4062-303 IU-210Y Refurb Drum Yellow (Y) a \u00e9t\u00e9 soigneusement remis \u00e0 neuf pour garantir des performances optimales et est compatible avec divers mod\u00e8les d&rsquo;imprimantes. Avec une installation facile et une construction durable, ce tambour offre une solution rentable pour vos besoins d&rsquo;impression.<\/p>\n<p>Convient pour Bizhub C200 et Bizhub C250<\/p>\n","protected":false},"excerpt":{"rendered":"<p>Convient pour Bizhub C200 et Bizhub C250<\/p>\n","protected":false},"featured_media":17076,"comment_status":"open","ping_status":"closed","template":"","meta":{"_jet_sm_ready_style":"","_jet_sm_style":"","_jet_sm_controls_values":"","_jet_sm_fonts_collection":"","_jet_sm_fonts_links":""},"product_brand":[],"product_cat":[5732,5739,5703],"product_tag":[],"class_list":{"0":"post-17084","1":"product","2":"type-product","3":"status-publish","4":"has-post-thumbnail","6":"product_cat-bizhub-c200-fr","7":"product_cat-bizhub-c250-fr","8":"product_cat-konica-minolta-fr","10":"first","11":"instock","12":"taxable","13":"shipping-taxable","14":"purchasable","15":"product-type-simple"},"_links":{"self":[{"href":"https:\/\/www.printercompany.be\/fr\/wp-json\/wp\/v2\/product\/17084","targetHints":{"allow":["GET"]}}],"collection":[{"href":"https:\/\/www.printercompany.be\/fr\/wp-json\/wp\/v2\/product"}],"about":[{"href":"https:\/\/www.printercompany.be\/fr\/wp-json\/wp\/v2\/types\/product"}],"replies":[{"embeddable":true,"href":"https:\/\/www.printercompany.be\/fr\/wp-json\/wp\/v2\/comments?post=17084"}],"version-history":[{"count":0,"href":"https:\/\/www.printercompany.be\/fr\/wp-json\/wp\/v2\/product\/17084\/revisions"}],"wp:featuredmedia":[{"embeddable":true,"href":"https:\/\/www.printercompany.be\/fr\/wp-json\/wp\/v2\/media\/17076"}],"wp:attachment":[{"href":"https:\/\/www.printercompany.be\/fr\/wp-json\/wp\/v2\/media?parent=17084"}],"wp:term":[{"taxonomy":"product_brand","embeddable":true,"href":"https:\/\/www.printercompany.be\/fr\/wp-json\/wp\/v2\/product_brand?post=17084"},{"taxonomy":"product_cat","embeddable":true,"href":"https:\/\/www.printercompany.be\/fr\/wp-json\/wp\/v2\/product_cat?post=17084"},{"taxonomy":"product_tag","embeddable":true,"href":"https:\/\/www.printercompany.be\/fr\/wp-json\/wp\/v2\/product_tag?post=17084"}],"curies":[{"name":"wp","href":"https:\/\/api.w.org\/{rel}","templated":true}]}}