{"id":17062,"date":"2023-03-30T18:44:24","date_gmt":"2023-03-30T17:44:24","guid":{"rendered":"https:\/\/printercompany.be\/product\/konica-minolta-4062-413-refurb-drum-magenta-m\/"},"modified":"2023-03-30T18:44:24","modified_gmt":"2023-03-30T17:44:24","slug":"konica-minolta-4062-413-refurb-drum-magenta","status":"publish","type":"product","link":"https:\/\/www.printercompany.be\/fr\/produit\/konica-minolta-4062-413-refurb-drum-magenta\/","title":{"rendered":"Konica Minolta 4062-413 Refurb Drum Magenta (M)"},"content":{"rendered":"<p>Le tambour magenta Konica Minolta 4062-413 travaille en \u00e9troite collaboration avec le toner magenta et assure une impression pr\u00e9cise des couleurs. Ce tambour pour votre imprimante laser a une capacit\u00e9 de 50 000 pages. Un tambour ne remplace pas un toner vierge. Ne commandez un tambour que si votre imprimante laser indique que le tambour doit \u00eatre remplac\u00e9.<\/p>\n<p>Convient \u00e0 Magicolor 7450<\/p>\n","protected":false},"excerpt":{"rendered":"<p>Convient \u00e0 Magicolor 7450<\/p>\n","protected":false},"featured_media":17070,"comment_status":"open","ping_status":"closed","template":"","meta":{"_jet_sm_ready_style":"","_jet_sm_style":"","_jet_sm_controls_values":"","_jet_sm_fonts_collection":"","_jet_sm_fonts_links":""},"product_brand":[],"product_cat":[5703,5774],"product_tag":[],"class_list":{"0":"post-17062","1":"product","2":"type-product","3":"status-publish","4":"has-post-thumbnail","6":"product_cat-konica-minolta-fr","7":"product_cat-magicolor-7450-fr","9":"first","10":"instock","11":"taxable","12":"shipping-taxable","13":"purchasable","14":"product-type-simple"},"_links":{"self":[{"href":"https:\/\/www.printercompany.be\/fr\/wp-json\/wp\/v2\/product\/17062","targetHints":{"allow":["GET"]}}],"collection":[{"href":"https:\/\/www.printercompany.be\/fr\/wp-json\/wp\/v2\/product"}],"about":[{"href":"https:\/\/www.printercompany.be\/fr\/wp-json\/wp\/v2\/types\/product"}],"replies":[{"embeddable":true,"href":"https:\/\/www.printercompany.be\/fr\/wp-json\/wp\/v2\/comments?post=17062"}],"version-history":[{"count":0,"href":"https:\/\/www.printercompany.be\/fr\/wp-json\/wp\/v2\/product\/17062\/revisions"}],"wp:featuredmedia":[{"embeddable":true,"href":"https:\/\/www.printercompany.be\/fr\/wp-json\/wp\/v2\/media\/17070"}],"wp:attachment":[{"href":"https:\/\/www.printercompany.be\/fr\/wp-json\/wp\/v2\/media?parent=17062"}],"wp:term":[{"taxonomy":"product_brand","embeddable":true,"href":"https:\/\/www.printercompany.be\/fr\/wp-json\/wp\/v2\/product_brand?post=17062"},{"taxonomy":"product_cat","embeddable":true,"href":"https:\/\/www.printercompany.be\/fr\/wp-json\/wp\/v2\/product_cat?post=17062"},{"taxonomy":"product_tag","embeddable":true,"href":"https:\/\/www.printercompany.be\/fr\/wp-json\/wp\/v2\/product_tag?post=17062"}],"curies":[{"name":"wp","href":"https:\/\/api.w.org\/{rel}","templated":true}]}}