{"id":17059,"date":"2023-03-30T18:44:27","date_gmt":"2023-03-30T17:44:27","guid":{"rendered":"https:\/\/printercompany.be\/product\/konica-minolta-4065-621-4065-611-boite-de-toner-usage\/"},"modified":"2023-03-30T18:44:27","modified_gmt":"2023-03-30T17:44:27","slug":"konica-minolta-4065-621-4065-611-waste-toner-box","status":"publish","type":"product","link":"https:\/\/www.printercompany.be\/fr\/produit\/konica-minolta-4065-621-4065-611-waste-toner-box\/","title":{"rendered":"Konica Minolta 4065-621 4065-611 Bo\u00eete de toner usag\u00e9"},"content":{"rendered":"<p>Le bac de r\u00e9cup\u00e9ration de toner Konica Minolta 4065-621, 4065-611 r\u00e9cup\u00e8re l&rsquo;exc\u00e8s de poudre de toner lib\u00e9r\u00e9 lors du processus d&rsquo;impression. Le toner usag\u00e9 fonctionne directement avec le toner et, avec une capacit\u00e9 d&rsquo;environ 18 000 pages, n&rsquo;a pas besoin d&rsquo;\u00eatre remplac\u00e9 souvent.<\/p>\n<p>Convient pour Bizhub C200, Bizhub C250 et Magicolor 7450<\/p>\n","protected":false},"excerpt":{"rendered":"<p>Convient pour Bizhub C200, Bizhub C250 et Magicolor 7450<\/p>\n","protected":false},"featured_media":17064,"comment_status":"open","ping_status":"closed","template":"","meta":{"_jet_sm_ready_style":"","_jet_sm_style":"","_jet_sm_controls_values":"","_jet_sm_fonts_collection":"","_jet_sm_fonts_links":""},"product_brand":[],"product_cat":[5732,5739,5703,5774],"product_tag":[],"class_list":{"0":"post-17059","1":"product","2":"type-product","3":"status-publish","4":"has-post-thumbnail","6":"product_cat-bizhub-c200-fr","7":"product_cat-bizhub-c250-fr","8":"product_cat-konica-minolta-fr","9":"product_cat-magicolor-7450-fr","11":"first","12":"instock","13":"taxable","14":"shipping-taxable","15":"purchasable","16":"product-type-simple"},"_links":{"self":[{"href":"https:\/\/www.printercompany.be\/fr\/wp-json\/wp\/v2\/product\/17059","targetHints":{"allow":["GET"]}}],"collection":[{"href":"https:\/\/www.printercompany.be\/fr\/wp-json\/wp\/v2\/product"}],"about":[{"href":"https:\/\/www.printercompany.be\/fr\/wp-json\/wp\/v2\/types\/product"}],"replies":[{"embeddable":true,"href":"https:\/\/www.printercompany.be\/fr\/wp-json\/wp\/v2\/comments?post=17059"}],"version-history":[{"count":0,"href":"https:\/\/www.printercompany.be\/fr\/wp-json\/wp\/v2\/product\/17059\/revisions"}],"wp:featuredmedia":[{"embeddable":true,"href":"https:\/\/www.printercompany.be\/fr\/wp-json\/wp\/v2\/media\/17064"}],"wp:attachment":[{"href":"https:\/\/www.printercompany.be\/fr\/wp-json\/wp\/v2\/media?parent=17059"}],"wp:term":[{"taxonomy":"product_brand","embeddable":true,"href":"https:\/\/www.printercompany.be\/fr\/wp-json\/wp\/v2\/product_brand?post=17059"},{"taxonomy":"product_cat","embeddable":true,"href":"https:\/\/www.printercompany.be\/fr\/wp-json\/wp\/v2\/product_cat?post=17059"},{"taxonomy":"product_tag","embeddable":true,"href":"https:\/\/www.printercompany.be\/fr\/wp-json\/wp\/v2\/product_tag?post=17059"}],"curies":[{"name":"wp","href":"https:\/\/api.w.org\/{rel}","templated":true}]}}