{"id":17033,"date":"2023-04-18T21:43:29","date_gmt":"2023-04-18T20:43:29","guid":{"rendered":"https:\/\/printercompany.be\/product\/konica-minolta-tn-626k-acv1150-toner-noir-k\/"},"modified":"2023-04-18T21:43:29","modified_gmt":"2023-04-18T20:43:29","slug":"konica-minolta-tn-626k-acv1150-toner-zwart","status":"publish","type":"product","link":"https:\/\/www.printercompany.be\/fr\/produit\/konica-minolta-tn-626k-acv1150-toner-zwart\/","title":{"rendered":"Konica Minolta TN-626K ACV1150 Toner Noir (K)"},"content":{"rendered":"<p>Le toner noir (K) Konica Minolta TN-626K ACV1150 est une cartouche de toner de qualit\u00e9 originale convenant aux mod\u00e8les BizHub 450i, BizHub C550i, BizHub C650i. Avec un rendement de 28 000 pages, cette cartouche de toner garantit une exp\u00e9rience d&rsquo;impression durable et fiable.<\/p>\n<p>Nos cartouches de toner sont fabriqu\u00e9es localement \u00e0 partir de toner de haute qualit\u00e9 provenant du Japon. La qualit\u00e9 de ce toner est \u00e9quivalente \u00e0 celle des fabricants d&rsquo;origine et m\u00eame sup\u00e9rieure \u00e0 celle de nombreuses marques maison actuellement disponibles sur le march\u00e9.<\/p>\n<p>Nous sommes fiers d&rsquo;utiliser les technologies et les m\u00e9thodes de production les plus r\u00e9centes pour fournir un produit qui r\u00e9pond aux normes les plus \u00e9lev\u00e9es. Notre production locale nous permet \u00e9galement de r\u00e9pondre rapidement aux besoins de nos clients et de leur fournir des cartouches d&rsquo;excellente qualit\u00e9.<\/p>\n<p>Nous nous engageons \u00e9galement en faveur du d\u00e9veloppement durable et r\u00e9duisons notre empreinte carbone en utilisant des mat\u00e9riaux recycl\u00e9s dans nos emballages. Nous nous effor\u00e7ons en permanence d&rsquo;innover et d&rsquo;am\u00e9liorer nos produits afin que nos clients soient toujours satisfaits des performances de nos cartouches de toner.<\/p>\n","protected":false},"excerpt":{"rendered":"<p>Convient pour BizHub C450i, BizHub C550i et BizHub C650i (ACV1150)<\/p>\n","protected":false},"featured_media":17044,"comment_status":"closed","ping_status":"closed","template":"","meta":{"_jet_sm_ready_style":"","_jet_sm_style":"","_jet_sm_controls_values":"","_jet_sm_fonts_collection":"","_jet_sm_fonts_links":""},"product_brand":[],"product_cat":[5717,5764,5768,5703],"product_tag":[4600,4694],"class_list":{"0":"post-17033","1":"product","2":"type-product","3":"status-publish","4":"has-post-thumbnail","6":"product_cat-bizhub-450i-fr","7":"product_cat-bizhub-c550i-fr","8":"product_cat-bizhub-c650i-fr","9":"product_cat-konica-minolta-fr","10":"product_tag-acv1150-fr","11":"product_tag-tn-626k-fr","13":"first","14":"instock","15":"taxable","16":"shipping-taxable","17":"purchasable","18":"product-type-simple"},"_links":{"self":[{"href":"https:\/\/www.printercompany.be\/fr\/wp-json\/wp\/v2\/product\/17033","targetHints":{"allow":["GET"]}}],"collection":[{"href":"https:\/\/www.printercompany.be\/fr\/wp-json\/wp\/v2\/product"}],"about":[{"href":"https:\/\/www.printercompany.be\/fr\/wp-json\/wp\/v2\/types\/product"}],"replies":[{"embeddable":true,"href":"https:\/\/www.printercompany.be\/fr\/wp-json\/wp\/v2\/comments?post=17033"}],"version-history":[{"count":0,"href":"https:\/\/www.printercompany.be\/fr\/wp-json\/wp\/v2\/product\/17033\/revisions"}],"wp:featuredmedia":[{"embeddable":true,"href":"https:\/\/www.printercompany.be\/fr\/wp-json\/wp\/v2\/media\/17044"}],"wp:attachment":[{"href":"https:\/\/www.printercompany.be\/fr\/wp-json\/wp\/v2\/media?parent=17033"}],"wp:term":[{"taxonomy":"product_brand","embeddable":true,"href":"https:\/\/www.printercompany.be\/fr\/wp-json\/wp\/v2\/product_brand?post=17033"},{"taxonomy":"product_cat","embeddable":true,"href":"https:\/\/www.printercompany.be\/fr\/wp-json\/wp\/v2\/product_cat?post=17033"},{"taxonomy":"product_tag","embeddable":true,"href":"https:\/\/www.printercompany.be\/fr\/wp-json\/wp\/v2\/product_tag?post=17033"}],"curies":[{"name":"wp","href":"https:\/\/api.w.org\/{rel}","templated":true}]}}