{"id":17026,"date":"2023-03-30T18:44:15","date_gmt":"2023-03-30T17:44:15","guid":{"rendered":"https:\/\/printercompany.be\/product\/oki-44643004-toner-noir-k\/"},"modified":"2023-03-30T18:44:15","modified_gmt":"2023-03-30T17:44:15","slug":"oki-44643004-toner-zwart","status":"publish","type":"product","link":"https:\/\/www.printercompany.be\/fr\/produit\/oki-44643004-toner-zwart\/","title":{"rendered":"OKI 44643004 Toner Noir (K)"},"content":{"rendered":"<p>Le toner OKI 44643004 noir (K) est un toner d&rsquo;origine adapt\u00e9 \u00e0 diverses imprimantes OKI. Ce toner produit des impressions professionnelles d&rsquo;une nettet\u00e9 remarquable en noir et blanc. Le toner a une capacit\u00e9 de 7 000 pages.<\/p>\n<p>Nos cartouches de toner sont fabriqu\u00e9es localement \u00e0 partir de toner de haute qualit\u00e9 provenant du Japon. La qualit\u00e9 de ce toner est \u00e9quivalente \u00e0 celle des fabricants d&rsquo;origine et m\u00eame sup\u00e9rieure \u00e0 celle de nombreuses marques maison actuellement disponibles sur le march\u00e9.<\/p>\n<p>Nous nous engageons \u00e9galement en faveur du d\u00e9veloppement durable et r\u00e9duisons notre empreinte carbone en utilisant des mat\u00e9riaux recycl\u00e9s dans nos emballages. Nous nous effor\u00e7ons en permanence d&rsquo;innover et d&rsquo;am\u00e9liorer nos produits afin que nos clients soient toujours satisfaits des performances de nos cartouches de toner.<\/p>\n","protected":false},"excerpt":{"rendered":"<p>Convient pour C801 et C821 (44643004)<\/p>\n","protected":false},"featured_media":17035,"comment_status":"closed","ping_status":"closed","template":"","meta":{"_jet_sm_ready_style":"","_jet_sm_style":"","_jet_sm_controls_values":"","_jet_sm_fonts_collection":"","_jet_sm_fonts_links":""},"product_brand":[],"product_cat":[5808,5811,5783],"product_tag":[4640],"class_list":{"0":"post-17026","1":"product","2":"type-product","3":"status-publish","4":"has-post-thumbnail","6":"product_cat-c801-fr","7":"product_cat-c821-fr","8":"product_cat-oki-fr","9":"product_tag-oki-44643004-fr","11":"first","12":"instock","13":"taxable","14":"shipping-taxable","15":"purchasable","16":"product-type-simple"},"_links":{"self":[{"href":"https:\/\/www.printercompany.be\/fr\/wp-json\/wp\/v2\/product\/17026","targetHints":{"allow":["GET"]}}],"collection":[{"href":"https:\/\/www.printercompany.be\/fr\/wp-json\/wp\/v2\/product"}],"about":[{"href":"https:\/\/www.printercompany.be\/fr\/wp-json\/wp\/v2\/types\/product"}],"replies":[{"embeddable":true,"href":"https:\/\/www.printercompany.be\/fr\/wp-json\/wp\/v2\/comments?post=17026"}],"version-history":[{"count":0,"href":"https:\/\/www.printercompany.be\/fr\/wp-json\/wp\/v2\/product\/17026\/revisions"}],"wp:featuredmedia":[{"embeddable":true,"href":"https:\/\/www.printercompany.be\/fr\/wp-json\/wp\/v2\/media\/17035"}],"wp:attachment":[{"href":"https:\/\/www.printercompany.be\/fr\/wp-json\/wp\/v2\/media?parent=17026"}],"wp:term":[{"taxonomy":"product_brand","embeddable":true,"href":"https:\/\/www.printercompany.be\/fr\/wp-json\/wp\/v2\/product_brand?post=17026"},{"taxonomy":"product_cat","embeddable":true,"href":"https:\/\/www.printercompany.be\/fr\/wp-json\/wp\/v2\/product_cat?post=17026"},{"taxonomy":"product_tag","embeddable":true,"href":"https:\/\/www.printercompany.be\/fr\/wp-json\/wp\/v2\/product_tag?post=17026"}],"curies":[{"name":"wp","href":"https:\/\/api.w.org\/{rel}","templated":true}]}}