{"id":17020,"date":"2023-03-30T18:44:24","date_gmt":"2023-03-30T17:44:24","guid":{"rendered":"https:\/\/printercompany.be\/product\/xerox-006r01383-toner-noir-k\/"},"modified":"2023-03-30T18:44:24","modified_gmt":"2023-03-30T17:44:24","slug":"xerox-006r01383-toner-zwart","status":"publish","type":"product","link":"https:\/\/www.printercompany.be\/fr\/produit\/xerox-006r01383-toner-zwart\/","title":{"rendered":"Xerox 006R01383 Toner Noir (K)"},"content":{"rendered":"<p>Le toner noir (K) Xerox 006R01383 est une cartouche de toner de qualit\u00e9 originale convenant \u00e0 la Xerox Digital Color Press 700, Xerox Digital Color Press 700i, Xerox Digital Color Press 770, Digital Color Press J75 et Digital Color Press C75. Avec un rendement de 20 000 pages, cette cartouche de toner garantit une exp\u00e9rience d&rsquo;impression durable et fiable.<\/p>\n<p>Nos cartouches de toner sont fabriqu\u00e9es localement \u00e0 partir de toner de haute qualit\u00e9 provenant du Japon. La qualit\u00e9 de ce toner est \u00e9quivalente \u00e0 celle des fabricants d&rsquo;origine et m\u00eame sup\u00e9rieure \u00e0 celle de nombreuses marques maison actuellement disponibles sur le march\u00e9.<\/p>\n<p>Nous sommes fiers d&rsquo;utiliser les technologies et les m\u00e9thodes de production les plus r\u00e9centes pour fournir un produit qui r\u00e9pond aux normes les plus \u00e9lev\u00e9es. Notre production locale nous permet \u00e9galement de r\u00e9pondre rapidement aux besoins de nos clients et de leur fournir des cartouches d&rsquo;excellente qualit\u00e9.<\/p>\n","protected":false},"excerpt":{"rendered":"<p>Convient \u00e0 la Digital Color Press 700, Digital Color Press 700i, Digital Color Press 770, Digital Color Press C75 et Digital Color Press J75 (006R01383)<\/p>\n","protected":false},"featured_media":17036,"comment_status":"closed","ping_status":"closed","template":"","meta":{"_jet_sm_ready_style":"","_jet_sm_style":"","_jet_sm_controls_values":"","_jet_sm_fonts_collection":"","_jet_sm_fonts_links":""},"product_brand":[],"product_cat":[5934,5935,5940,5939,5941,5942,5943,5931],"product_tag":[4352],"class_list":{"0":"post-17020","1":"product","2":"type-product","3":"status-publish","4":"has-post-thumbnail","6":"product_cat-color-c75-fr","7":"product_cat-color-j75-fr","8":"product_cat-digital-color-press-700i-fr","9":"product_cat-digital-color-press-700-fr","10":"product_cat-digital-color-press-770-fr","11":"product_cat-digital-color-press-c75-fr","12":"product_cat-digital-color-press-j75-fr","13":"product_cat-xerox-fr","14":"product_tag-006r01383-fr","16":"first","17":"instock","18":"taxable","19":"shipping-taxable","20":"purchasable","21":"product-type-simple"},"_links":{"self":[{"href":"https:\/\/www.printercompany.be\/fr\/wp-json\/wp\/v2\/product\/17020","targetHints":{"allow":["GET"]}}],"collection":[{"href":"https:\/\/www.printercompany.be\/fr\/wp-json\/wp\/v2\/product"}],"about":[{"href":"https:\/\/www.printercompany.be\/fr\/wp-json\/wp\/v2\/types\/product"}],"replies":[{"embeddable":true,"href":"https:\/\/www.printercompany.be\/fr\/wp-json\/wp\/v2\/comments?post=17020"}],"version-history":[{"count":0,"href":"https:\/\/www.printercompany.be\/fr\/wp-json\/wp\/v2\/product\/17020\/revisions"}],"wp:featuredmedia":[{"embeddable":true,"href":"https:\/\/www.printercompany.be\/fr\/wp-json\/wp\/v2\/media\/17036"}],"wp:attachment":[{"href":"https:\/\/www.printercompany.be\/fr\/wp-json\/wp\/v2\/media?parent=17020"}],"wp:term":[{"taxonomy":"product_brand","embeddable":true,"href":"https:\/\/www.printercompany.be\/fr\/wp-json\/wp\/v2\/product_brand?post=17020"},{"taxonomy":"product_cat","embeddable":true,"href":"https:\/\/www.printercompany.be\/fr\/wp-json\/wp\/v2\/product_cat?post=17020"},{"taxonomy":"product_tag","embeddable":true,"href":"https:\/\/www.printercompany.be\/fr\/wp-json\/wp\/v2\/product_tag?post=17020"}],"curies":[{"name":"wp","href":"https:\/\/api.w.org\/{rel}","templated":true}]}}