{"id":17019,"date":"2023-03-30T18:44:10","date_gmt":"2023-03-30T17:44:10","guid":{"rendered":"https:\/\/printercompany.be\/product\/konica-minolta-4039r7160-4038r78211-unite-de-fusion\/"},"modified":"2023-03-30T18:44:10","modified_gmt":"2023-03-30T17:44:10","slug":"konica-minolta-4039r7160-4038r78211-fuser","status":"publish","type":"product","link":"https:\/\/www.printercompany.be\/fr\/produit\/konica-minolta-4039r7160-4038r78211-fuser\/","title":{"rendered":"Konica Minolta 4039R7160 4038R78211 Unit\u00e9 de fusion"},"content":{"rendered":"<div class=\"group w-full text-gray-800 dark:text-gray-100 border-b border-black\/10 dark:border-gray-900\/50 bg-gray-50 dark:bg-[#444654]\">\n<div class=\"flex p-4 gap-4 text-base md:gap-6 md:max-w-2xl lg:max-w-[38rem] xl:max-w-3xl md:py-6 lg:px-0 m-auto\">\n<div class=\"relative flex w-[calc(100%-50px)] flex-col gap-1 md:gap-3 lg:w-[calc(100%-115px)]\">\n<div class=\"flex flex-grow flex-col gap-3\">\n<div class=\"min-h-[20px] flex flex-col items-start gap-4 whitespace-pre-wrap break-words\">\n<div class=\"markdown prose w-full break-words dark:prose-invert light\">\n<p>Optimisez vos performances d&rsquo;impression avec l&rsquo;unit\u00e9 de fusion Konica Minolta 4039R7160 4038R78211. Cette unit\u00e9 de fusion avanc\u00e9e offre une r\u00e9gulation pr\u00e9cise de la chaleur pour des impressions nettes et \u00e9clatantes. Avec un temps de chauffe rapide et une distribution efficace de la chaleur, il est id\u00e9al pour les environnements d&rsquo;impression exigeants. Augmentez votre productivit\u00e9 avec l&rsquo;unit\u00e9 de fusion Konica Minolta 4039R7160 4038R78211 et b\u00e9n\u00e9ficiez d&rsquo;une qualit\u00e9 d&rsquo;impression et d&rsquo;une fiabilit\u00e9 sup\u00e9rieures.<\/p>\n<p>Convient pour Bizhub C200, Bizhub C250 et Magicolor 7450<\/p>\n<\/div>\n<\/div>\n<\/div>\n<\/div>\n<\/div>\n<\/div>\n","protected":false},"excerpt":{"rendered":"<p>Convient pour Bizhub C200, Bizhub C250 et Magicolor 7450<\/p>\n","protected":false},"featured_media":17028,"comment_status":"open","ping_status":"closed","template":"","meta":{"_jet_sm_ready_style":"","_jet_sm_style":"","_jet_sm_controls_values":"","_jet_sm_fonts_collection":"","_jet_sm_fonts_links":""},"product_brand":[],"product_cat":[5732,5739,5703,5774],"product_tag":[],"class_list":{"0":"post-17019","1":"product","2":"type-product","3":"status-publish","4":"has-post-thumbnail","6":"product_cat-bizhub-c200-fr","7":"product_cat-bizhub-c250-fr","8":"product_cat-konica-minolta-fr","9":"product_cat-magicolor-7450-fr","11":"first","12":"instock","13":"taxable","14":"shipping-taxable","15":"purchasable","16":"product-type-simple"},"_links":{"self":[{"href":"https:\/\/www.printercompany.be\/fr\/wp-json\/wp\/v2\/product\/17019","targetHints":{"allow":["GET"]}}],"collection":[{"href":"https:\/\/www.printercompany.be\/fr\/wp-json\/wp\/v2\/product"}],"about":[{"href":"https:\/\/www.printercompany.be\/fr\/wp-json\/wp\/v2\/types\/product"}],"replies":[{"embeddable":true,"href":"https:\/\/www.printercompany.be\/fr\/wp-json\/wp\/v2\/comments?post=17019"}],"version-history":[{"count":0,"href":"https:\/\/www.printercompany.be\/fr\/wp-json\/wp\/v2\/product\/17019\/revisions"}],"wp:featuredmedia":[{"embeddable":true,"href":"https:\/\/www.printercompany.be\/fr\/wp-json\/wp\/v2\/media\/17028"}],"wp:attachment":[{"href":"https:\/\/www.printercompany.be\/fr\/wp-json\/wp\/v2\/media?parent=17019"}],"wp:term":[{"taxonomy":"product_brand","embeddable":true,"href":"https:\/\/www.printercompany.be\/fr\/wp-json\/wp\/v2\/product_brand?post=17019"},{"taxonomy":"product_cat","embeddable":true,"href":"https:\/\/www.printercompany.be\/fr\/wp-json\/wp\/v2\/product_cat?post=17019"},{"taxonomy":"product_tag","embeddable":true,"href":"https:\/\/www.printercompany.be\/fr\/wp-json\/wp\/v2\/product_tag?post=17019"}],"curies":[{"name":"wp","href":"https:\/\/api.w.org\/{rel}","templated":true}]}}