{"id":16986,"date":"2023-03-30T18:44:23","date_gmt":"2023-03-30T17:44:23","guid":{"rendered":"https:\/\/printercompany.be\/product\/xerox-006r01385-toner-magenta-m\/"},"modified":"2023-03-30T18:44:23","modified_gmt":"2023-03-30T17:44:23","slug":"xerox-006r01385-toner-magenta","status":"publish","type":"product","link":"https:\/\/www.printercompany.be\/fr\/produit\/xerox-006r01385-toner-magenta\/","title":{"rendered":"Xerox 006R01385 Toner Magenta (M)"},"content":{"rendered":"<p>Le toner Xerox 006R01385 magenta (M) est une cartouche de toner de qualit\u00e9 originale convenant \u00e0 la Xerox Digital Color Press 700, Xerox Digital Color Press 700i, Xerox Digital Color Press 770, Digital Color Press J75 et Digital Color Press C75. Avec un rendement de 20 000 pages, cette cartouche de toner garantit une exp\u00e9rience d&rsquo;impression durable et fiable.<\/p>\n<p>Nos cartouches de toner sont fabriqu\u00e9es localement \u00e0 partir de toner de haute qualit\u00e9 provenant du Japon. La qualit\u00e9 de ce toner est \u00e9quivalente \u00e0 celle des fabricants d&rsquo;origine et m\u00eame sup\u00e9rieure \u00e0 celle de nombreuses marques maison actuellement disponibles sur le march\u00e9.<\/p>\n<p>Nous sommes fiers d&rsquo;utiliser les technologies et les m\u00e9thodes de production les plus r\u00e9centes pour fournir un produit qui r\u00e9pond aux normes les plus \u00e9lev\u00e9es. Notre production locale nous permet \u00e9galement de r\u00e9pondre rapidement aux besoins de nos clients et de leur fournir des cartouches d&rsquo;excellente qualit\u00e9. En outre, nous nous engageons en faveur du d\u00e9veloppement durable et minimisons notre empreinte carbone en utilisant des mat\u00e9riaux recycl\u00e9s dans nos emballages.<\/p>\n<p>&nbsp;<\/p>\n","protected":false},"excerpt":{"rendered":"<p>Convient \u00e0 la presse couleur num\u00e9rique 700, \u00e0 la presse couleur num\u00e9rique 700i, \u00e0 la presse couleur num\u00e9rique 770, \u00e0 la presse couleur num\u00e9rique C75 et \u00e0 la presse couleur num\u00e9rique J75 (006R01385).<\/p>\n","protected":false},"featured_media":16998,"comment_status":"closed","ping_status":"closed","template":"","meta":{"_jet_sm_ready_style":"","_jet_sm_style":"","_jet_sm_controls_values":"","_jet_sm_fonts_collection":"","_jet_sm_fonts_links":""},"product_brand":[],"product_cat":[5934,5935,5940,5939,5941,5942,5943,5931],"product_tag":[4354],"class_list":{"0":"post-16986","1":"product","2":"type-product","3":"status-publish","4":"has-post-thumbnail","6":"product_cat-color-c75-fr","7":"product_cat-color-j75-fr","8":"product_cat-digital-color-press-700i-fr","9":"product_cat-digital-color-press-700-fr","10":"product_cat-digital-color-press-770-fr","11":"product_cat-digital-color-press-c75-fr","12":"product_cat-digital-color-press-j75-fr","13":"product_cat-xerox-fr","14":"product_tag-006r01385-fr","16":"first","17":"instock","18":"taxable","19":"shipping-taxable","20":"purchasable","21":"product-type-simple"},"_links":{"self":[{"href":"https:\/\/www.printercompany.be\/fr\/wp-json\/wp\/v2\/product\/16986","targetHints":{"allow":["GET"]}}],"collection":[{"href":"https:\/\/www.printercompany.be\/fr\/wp-json\/wp\/v2\/product"}],"about":[{"href":"https:\/\/www.printercompany.be\/fr\/wp-json\/wp\/v2\/types\/product"}],"replies":[{"embeddable":true,"href":"https:\/\/www.printercompany.be\/fr\/wp-json\/wp\/v2\/comments?post=16986"}],"version-history":[{"count":0,"href":"https:\/\/www.printercompany.be\/fr\/wp-json\/wp\/v2\/product\/16986\/revisions"}],"wp:featuredmedia":[{"embeddable":true,"href":"https:\/\/www.printercompany.be\/fr\/wp-json\/wp\/v2\/media\/16998"}],"wp:attachment":[{"href":"https:\/\/www.printercompany.be\/fr\/wp-json\/wp\/v2\/media?parent=16986"}],"wp:term":[{"taxonomy":"product_brand","embeddable":true,"href":"https:\/\/www.printercompany.be\/fr\/wp-json\/wp\/v2\/product_brand?post=16986"},{"taxonomy":"product_cat","embeddable":true,"href":"https:\/\/www.printercompany.be\/fr\/wp-json\/wp\/v2\/product_cat?post=16986"},{"taxonomy":"product_tag","embeddable":true,"href":"https:\/\/www.printercompany.be\/fr\/wp-json\/wp\/v2\/product_tag?post=16986"}],"curies":[{"name":"wp","href":"https:\/\/api.w.org\/{rel}","templated":true}]}}