{"id":16967,"date":"2023-03-30T18:43:12","date_gmt":"2023-03-30T17:43:12","guid":{"rendered":"https:\/\/printercompany.be\/product\/konica-minolta-4067613-bac-a-papier-supplementaire\/"},"modified":"2023-03-30T18:43:12","modified_gmt":"2023-03-30T17:43:12","slug":"konica-minolta-4067613-extra-papierbak-2","status":"publish","type":"product","link":"https:\/\/www.printercompany.be\/fr\/produit\/konica-minolta-4067613-extra-papierbak-2\/","title":{"rendered":"Konica Minolta 4067613 Bac \u00e0 papier suppl\u00e9mentaire"},"content":{"rendered":"<p>Augmentez la capacit\u00e9 papier de votre imprimante Konica Minolta avec le bac \u00e0 papier suppl\u00e9mentaire Konica Minolta 4067613. Ce bac \u00e0 papier suppl\u00e9mentaire vous permet de stocker et d&rsquo;utiliser plus de papier, r\u00e9duisant ainsi la n\u00e9cessit\u00e9 de le recharger. Le bac \u00e0 papier suppl\u00e9mentaire Konica Minolta 4067613 assure une alimentation en papier fluide et am\u00e9liore l&rsquo;efficacit\u00e9 de votre processus d&rsquo;impression.<\/p>\n<p>Convient \u00e0 Magicolor 7450<\/p>\n","protected":false},"excerpt":{"rendered":"<p>Convient \u00e0 Magicolor 7450<\/p>\n","protected":false},"featured_media":0,"comment_status":"open","ping_status":"closed","template":"","meta":{"_jet_sm_ready_style":"","_jet_sm_style":"","_jet_sm_controls_values":"","_jet_sm_fonts_collection":"","_jet_sm_fonts_links":""},"product_brand":[],"product_cat":[5703,5774],"product_tag":[],"class_list":{"0":"post-16967","1":"product","2":"type-product","3":"status-publish","5":"product_cat-konica-minolta-fr","6":"product_cat-magicolor-7450-fr","8":"first","9":"instock","10":"taxable","11":"shipping-taxable","12":"purchasable","13":"product-type-simple"},"_links":{"self":[{"href":"https:\/\/www.printercompany.be\/fr\/wp-json\/wp\/v2\/product\/16967","targetHints":{"allow":["GET"]}}],"collection":[{"href":"https:\/\/www.printercompany.be\/fr\/wp-json\/wp\/v2\/product"}],"about":[{"href":"https:\/\/www.printercompany.be\/fr\/wp-json\/wp\/v2\/types\/product"}],"replies":[{"embeddable":true,"href":"https:\/\/www.printercompany.be\/fr\/wp-json\/wp\/v2\/comments?post=16967"}],"version-history":[{"count":0,"href":"https:\/\/www.printercompany.be\/fr\/wp-json\/wp\/v2\/product\/16967\/revisions"}],"wp:attachment":[{"href":"https:\/\/www.printercompany.be\/fr\/wp-json\/wp\/v2\/media?parent=16967"}],"wp:term":[{"taxonomy":"product_brand","embeddable":true,"href":"https:\/\/www.printercompany.be\/fr\/wp-json\/wp\/v2\/product_brand?post=16967"},{"taxonomy":"product_cat","embeddable":true,"href":"https:\/\/www.printercompany.be\/fr\/wp-json\/wp\/v2\/product_cat?post=16967"},{"taxonomy":"product_tag","embeddable":true,"href":"https:\/\/www.printercompany.be\/fr\/wp-json\/wp\/v2\/product_tag?post=16967"}],"curies":[{"name":"wp","href":"https:\/\/api.w.org\/{rel}","templated":true}]}}