{"id":16966,"date":"2023-03-30T18:43:06","date_gmt":"2023-03-30T17:43:06","guid":{"rendered":"https:\/\/printercompany.be\/product\/konica-minolta-oce-iu211c-refurb-tambour-cyan-c\/"},"modified":"2023-03-30T18:43:06","modified_gmt":"2023-03-30T17:43:06","slug":"konica-minolta-oce-iu211c-refurb-drum-cyan","status":"publish","type":"product","link":"https:\/\/www.printercompany.be\/fr\/produit\/konica-minolta-oce-iu211c-refurb-drum-cyan\/","title":{"rendered":"Konica Minolta Oc\u00e9 IU211C Refurb Tambour Cyan (C)"},"content":{"rendered":"<p>Ce tambour remanufactur\u00e9 garantit des impressions \u00e9clatantes et pr\u00e9cises avec des tons cyan lumineux. Gr\u00e2ce \u00e0 des pi\u00e8ces soigneusement remanufactur\u00e9es, le tambour Konica Minolta Oc\u00e9 IU211C (remanufactur\u00e9) offre la m\u00eame qualit\u00e9 et les m\u00eames performances qu&rsquo;un tambour neuf, mais \u00e0 un prix inf\u00e9rieur. Ce tambour est sp\u00e9cialement con\u00e7u pour l&rsquo;impression cyan (C) et est compatible avec divers mod\u00e8les d&rsquo;imprimantes Konica Minolta et Oc\u00e9. La facilit\u00e9 d&rsquo;installation vous permet de vous remettre rapidement au travail.<\/p>\n<p>Convient pour Bizhub C203, Bizhub C253, Bizhub C353, Oce CS163, Oce CS173 et Oce CS193<\/p>\n","protected":false},"excerpt":{"rendered":"<p>Convient pour Bizhub C203, Bizhub C253, Bizhub C353, Oce CS163, Oce CS173 et Oce CS193<\/p>\n","protected":false},"featured_media":16974,"comment_status":"open","ping_status":"closed","template":"","meta":{"_jet_sm_ready_style":"","_jet_sm_style":"","_jet_sm_controls_values":"","_jet_sm_fonts_collection":"","_jet_sm_fonts_links":""},"product_brand":[],"product_cat":[5733,5741,5753,5703,5926,5927,5928,5924],"product_tag":[],"class_list":{"0":"post-16966","1":"product","2":"type-product","3":"status-publish","4":"has-post-thumbnail","6":"product_cat-bizhub-c203-fr","7":"product_cat-bizhub-c253-fr","8":"product_cat-bizhub-c353-fr","9":"product_cat-konica-minolta-fr","10":"product_cat-oce-cs163-fr","11":"product_cat-oce-cs173-fr","12":"product_cat-oce-cs193-fr","13":"product_cat-xante-oce-fr","15":"first","16":"instock","17":"taxable","18":"shipping-taxable","19":"purchasable","20":"product-type-simple"},"_links":{"self":[{"href":"https:\/\/www.printercompany.be\/fr\/wp-json\/wp\/v2\/product\/16966","targetHints":{"allow":["GET"]}}],"collection":[{"href":"https:\/\/www.printercompany.be\/fr\/wp-json\/wp\/v2\/product"}],"about":[{"href":"https:\/\/www.printercompany.be\/fr\/wp-json\/wp\/v2\/types\/product"}],"replies":[{"embeddable":true,"href":"https:\/\/www.printercompany.be\/fr\/wp-json\/wp\/v2\/comments?post=16966"}],"version-history":[{"count":0,"href":"https:\/\/www.printercompany.be\/fr\/wp-json\/wp\/v2\/product\/16966\/revisions"}],"wp:featuredmedia":[{"embeddable":true,"href":"https:\/\/www.printercompany.be\/fr\/wp-json\/wp\/v2\/media\/16974"}],"wp:attachment":[{"href":"https:\/\/www.printercompany.be\/fr\/wp-json\/wp\/v2\/media?parent=16966"}],"wp:term":[{"taxonomy":"product_brand","embeddable":true,"href":"https:\/\/www.printercompany.be\/fr\/wp-json\/wp\/v2\/product_brand?post=16966"},{"taxonomy":"product_cat","embeddable":true,"href":"https:\/\/www.printercompany.be\/fr\/wp-json\/wp\/v2\/product_cat?post=16966"},{"taxonomy":"product_tag","embeddable":true,"href":"https:\/\/www.printercompany.be\/fr\/wp-json\/wp\/v2\/product_tag?post=16966"}],"curies":[{"name":"wp","href":"https:\/\/api.w.org\/{rel}","templated":true}]}}