{"id":16959,"date":"2023-03-30T18:42:58","date_gmt":"2023-03-30T17:42:58","guid":{"rendered":"https:\/\/printercompany.be\/product\/xerox-006r01655-toner-noir-k\/"},"modified":"2023-03-30T18:42:58","modified_gmt":"2023-03-30T17:42:58","slug":"xerox-006r01655-toner-zwart","status":"publish","type":"product","link":"https:\/\/www.printercompany.be\/fr\/produit\/xerox-006r01655-toner-zwart\/","title":{"rendered":"Xerox 006R01655 Toner Noir (K)"},"content":{"rendered":"<p>Le toner Xerox 006R01655 en noir (K) est une cartouche de toner de qualit\u00e9 originale convenant aux Xerox C60 et C70. Avec un rendement de 34 000 pages, cette cartouche de toner garantit une exp\u00e9rience d&rsquo;impression durable et fiable.<\/p>\n<p>Nos cartouches de toner sont fabriqu\u00e9es localement \u00e0 partir de toner de haute qualit\u00e9 provenant du Japon. La qualit\u00e9 de ce toner est \u00e9quivalente \u00e0 celle des fabricants d&rsquo;origine et m\u00eame sup\u00e9rieure \u00e0 celle de nombreuses marques maison actuellement disponibles sur le march\u00e9.<\/p>\n","protected":false},"excerpt":{"rendered":"<p>Convient pour le C60 et le C70<\/p>\n","protected":false},"featured_media":16968,"comment_status":"closed","ping_status":"closed","template":"","meta":{"_jet_sm_ready_style":"","_jet_sm_style":"","_jet_sm_controls_values":"","_jet_sm_fonts_collection":"","_jet_sm_fonts_links":""},"product_brand":[],"product_cat":[5932,5933,5931],"product_tag":[4364],"class_list":{"0":"post-16959","1":"product","2":"type-product","3":"status-publish","4":"has-post-thumbnail","6":"product_cat-c60-fr","7":"product_cat-c70-fr","8":"product_cat-xerox-fr","9":"product_tag-006r01655-fr","11":"first","12":"instock","13":"taxable","14":"shipping-taxable","15":"purchasable","16":"product-type-simple"},"_links":{"self":[{"href":"https:\/\/www.printercompany.be\/fr\/wp-json\/wp\/v2\/product\/16959","targetHints":{"allow":["GET"]}}],"collection":[{"href":"https:\/\/www.printercompany.be\/fr\/wp-json\/wp\/v2\/product"}],"about":[{"href":"https:\/\/www.printercompany.be\/fr\/wp-json\/wp\/v2\/types\/product"}],"replies":[{"embeddable":true,"href":"https:\/\/www.printercompany.be\/fr\/wp-json\/wp\/v2\/comments?post=16959"}],"version-history":[{"count":0,"href":"https:\/\/www.printercompany.be\/fr\/wp-json\/wp\/v2\/product\/16959\/revisions"}],"wp:featuredmedia":[{"embeddable":true,"href":"https:\/\/www.printercompany.be\/fr\/wp-json\/wp\/v2\/media\/16968"}],"wp:attachment":[{"href":"https:\/\/www.printercompany.be\/fr\/wp-json\/wp\/v2\/media?parent=16959"}],"wp:term":[{"taxonomy":"product_brand","embeddable":true,"href":"https:\/\/www.printercompany.be\/fr\/wp-json\/wp\/v2\/product_brand?post=16959"},{"taxonomy":"product_cat","embeddable":true,"href":"https:\/\/www.printercompany.be\/fr\/wp-json\/wp\/v2\/product_cat?post=16959"},{"taxonomy":"product_tag","embeddable":true,"href":"https:\/\/www.printercompany.be\/fr\/wp-json\/wp\/v2\/product_tag?post=16959"}],"curies":[{"name":"wp","href":"https:\/\/api.w.org\/{rel}","templated":true}]}}