{"id":16958,"date":"2023-03-30T18:43:16","date_gmt":"2023-03-30T17:43:16","guid":{"rendered":"https:\/\/printercompany.be\/product\/konica-minolta-a0dtwy0-29951037-recipient-a-dechets\/"},"modified":"2023-03-30T18:43:16","modified_gmt":"2023-03-30T17:43:16","slug":"konica-minolta-a0dtwy0-29951037-afval-container","status":"publish","type":"product","link":"https:\/\/www.printercompany.be\/fr\/produit\/konica-minolta-a0dtwy0-29951037-afval-container\/","title":{"rendered":"Konica Minolta A0DTWY0 29951037 R\u00e9cipient \u00e0 d\u00e9chets"},"content":{"rendered":"<p>Ce conteneur de d\u00e9chets est sp\u00e9cialement con\u00e7u pour collecter et r\u00e9cup\u00e9rer l&rsquo;exc\u00e8s de d\u00e9chets de toner au cours du processus d&rsquo;impression. Gr\u00e2ce \u00e0 sa construction durable et \u00e0 sa grande capacit\u00e9, le conteneur de d\u00e9chets Konica Minolta A0DTWY0 29951037 assure une \u00e9limination efficace et sans probl\u00e8me des d\u00e9chets de toner. Le conteneur est compatible avec plusieurs mod\u00e8les d&rsquo;imprimantes Konica Minolta et peut \u00eatre facilement install\u00e9.<\/p>\n<p>Convient pour Bizhub C203, Bizhub C253, Bizhub C353, Magicolor 8650, Oce CS163, Oce CS173 et Oce CS193.<\/p>\n","protected":false},"excerpt":{"rendered":"<p>Convient pour Bizhub C203, Bizhub C253, Bizhub C353, Magicolor 8650, Oce CS163, Oce CS173 et Oce CS193.<\/p>\n","protected":false},"featured_media":16972,"comment_status":"open","ping_status":"closed","template":"","meta":{"_jet_sm_ready_style":"","_jet_sm_style":"","_jet_sm_controls_values":"","_jet_sm_fonts_collection":"","_jet_sm_fonts_links":""},"product_brand":[],"product_cat":[5733,5741,5753,5703,5775,5926,5927,5928,5924],"product_tag":[],"class_list":{"0":"post-16958","1":"product","2":"type-product","3":"status-publish","4":"has-post-thumbnail","6":"product_cat-bizhub-c203-fr","7":"product_cat-bizhub-c253-fr","8":"product_cat-bizhub-c353-fr","9":"product_cat-konica-minolta-fr","10":"product_cat-magicolor-8650-fr","11":"product_cat-oce-cs163-fr","12":"product_cat-oce-cs173-fr","13":"product_cat-oce-cs193-fr","14":"product_cat-xante-oce-fr","16":"first","17":"instock","18":"taxable","19":"shipping-taxable","20":"purchasable","21":"product-type-simple"},"_links":{"self":[{"href":"https:\/\/www.printercompany.be\/fr\/wp-json\/wp\/v2\/product\/16958","targetHints":{"allow":["GET"]}}],"collection":[{"href":"https:\/\/www.printercompany.be\/fr\/wp-json\/wp\/v2\/product"}],"about":[{"href":"https:\/\/www.printercompany.be\/fr\/wp-json\/wp\/v2\/types\/product"}],"replies":[{"embeddable":true,"href":"https:\/\/www.printercompany.be\/fr\/wp-json\/wp\/v2\/comments?post=16958"}],"version-history":[{"count":0,"href":"https:\/\/www.printercompany.be\/fr\/wp-json\/wp\/v2\/product\/16958\/revisions"}],"wp:featuredmedia":[{"embeddable":true,"href":"https:\/\/www.printercompany.be\/fr\/wp-json\/wp\/v2\/media\/16972"}],"wp:attachment":[{"href":"https:\/\/www.printercompany.be\/fr\/wp-json\/wp\/v2\/media?parent=16958"}],"wp:term":[{"taxonomy":"product_brand","embeddable":true,"href":"https:\/\/www.printercompany.be\/fr\/wp-json\/wp\/v2\/product_brand?post=16958"},{"taxonomy":"product_cat","embeddable":true,"href":"https:\/\/www.printercompany.be\/fr\/wp-json\/wp\/v2\/product_cat?post=16958"},{"taxonomy":"product_tag","embeddable":true,"href":"https:\/\/www.printercompany.be\/fr\/wp-json\/wp\/v2\/product_tag?post=16958"}],"curies":[{"name":"wp","href":"https:\/\/api.w.org\/{rel}","templated":true}]}}