{"id":16938,"date":"2023-03-30T18:43:14","date_gmt":"2023-03-30T17:43:14","guid":{"rendered":"https:\/\/printercompany.be\/product\/konica-minolta-tambour-a0de03h-remise-a-neuf-noir-k\/"},"modified":"2023-03-30T18:43:14","modified_gmt":"2023-03-30T17:43:14","slug":"konica-minolta-a0de03h-drum-refurb-noir","status":"publish","type":"product","link":"https:\/\/www.printercompany.be\/fr\/produit\/konica-minolta-a0de03h-drum-refurb-noir\/","title":{"rendered":"Konica Minolta Tambour A0DE03H Remise \u00e0 neuf Noir (K)"},"content":{"rendered":"<p>Ce tambour remanufactur\u00e9 garantit des impressions claires et nettes avec des noirs profonds. Avec des pi\u00e8ces soigneusement reconditionn\u00e9es, le tambour Konica Minolta A0DE03H (reconditionn\u00e9) offre la m\u00eame qualit\u00e9 et les m\u00eames performances qu&rsquo;un tambour neuf, mais \u00e0 un prix inf\u00e9rieur. Ce tambour est sp\u00e9cialement con\u00e7u pour l&rsquo;impression en noir (K) et est compatible avec plusieurs mod\u00e8les d&rsquo;imprimantes Konica Minolta. La facilit\u00e9 d&rsquo;installation vous permet de vous remettre rapidement au travail.<\/p>\n<p>Convient \u00e0 Magicolor 8650<\/p>\n","protected":false},"excerpt":{"rendered":"<p>Convient \u00e0 Magicolor 8650<\/p>\n","protected":false},"featured_media":16950,"comment_status":"open","ping_status":"closed","template":"","meta":{"_jet_sm_ready_style":"","_jet_sm_style":"","_jet_sm_controls_values":"","_jet_sm_fonts_collection":"","_jet_sm_fonts_links":""},"product_brand":[],"product_cat":[5703,5775],"product_tag":[],"class_list":{"0":"post-16938","1":"product","2":"type-product","3":"status-publish","4":"has-post-thumbnail","6":"product_cat-konica-minolta-fr","7":"product_cat-magicolor-8650-fr","9":"first","10":"instock","11":"taxable","12":"shipping-taxable","13":"purchasable","14":"product-type-simple"},"_links":{"self":[{"href":"https:\/\/www.printercompany.be\/fr\/wp-json\/wp\/v2\/product\/16938","targetHints":{"allow":["GET"]}}],"collection":[{"href":"https:\/\/www.printercompany.be\/fr\/wp-json\/wp\/v2\/product"}],"about":[{"href":"https:\/\/www.printercompany.be\/fr\/wp-json\/wp\/v2\/types\/product"}],"replies":[{"embeddable":true,"href":"https:\/\/www.printercompany.be\/fr\/wp-json\/wp\/v2\/comments?post=16938"}],"version-history":[{"count":0,"href":"https:\/\/www.printercompany.be\/fr\/wp-json\/wp\/v2\/product\/16938\/revisions"}],"wp:featuredmedia":[{"embeddable":true,"href":"https:\/\/www.printercompany.be\/fr\/wp-json\/wp\/v2\/media\/16950"}],"wp:attachment":[{"href":"https:\/\/www.printercompany.be\/fr\/wp-json\/wp\/v2\/media?parent=16938"}],"wp:term":[{"taxonomy":"product_brand","embeddable":true,"href":"https:\/\/www.printercompany.be\/fr\/wp-json\/wp\/v2\/product_brand?post=16938"},{"taxonomy":"product_cat","embeddable":true,"href":"https:\/\/www.printercompany.be\/fr\/wp-json\/wp\/v2\/product_cat?post=16938"},{"taxonomy":"product_tag","embeddable":true,"href":"https:\/\/www.printercompany.be\/fr\/wp-json\/wp\/v2\/product_tag?post=16938"}],"curies":[{"name":"wp","href":"https:\/\/api.w.org\/{rel}","templated":true}]}}