{"id":16924,"date":"2023-03-30T18:43:14","date_gmt":"2023-03-30T17:43:14","guid":{"rendered":"https:\/\/printercompany.be\/product\/konica-minolta-4066623-unite-recto-verso\/"},"modified":"2023-03-30T18:43:14","modified_gmt":"2023-03-30T17:43:14","slug":"konica-minolta-4066623-duplex-unit","status":"publish","type":"product","link":"https:\/\/www.printercompany.be\/fr\/produit\/konica-minolta-4066623-duplex-unit\/","title":{"rendered":"Konica Minolta 4066623 Unit\u00e9 recto-verso"},"content":{"rendered":"<p>Cette unit\u00e9 recto-verso vous permet d&rsquo;imprimer automatiquement en recto-verso, ce qui permet d&rsquo;\u00e9conomiser du papier et d&rsquo;imprimer de mani\u00e8re plus \u00e9cologique. Avec une installation facile et une compatibilit\u00e9 avec plusieurs mod\u00e8les d&rsquo;imprimantes Konica Minolta, vous pouvez passer \u00e0 l&rsquo;impression recto-verso sans effort. L&rsquo;unit\u00e9 recto-verso Konica Minolta 4066623 offre des performances fiables et garantit des impressions nettes et professionnelles.<\/p>\n<p>Convient pour Bizhub C200, Bizhub C250 et Magicolor 7450<\/p>\n","protected":false},"excerpt":{"rendered":"<p>Convient pour Bizhub C200, Bizhub C250 et Magicolor 7450<\/p>\n","protected":false},"featured_media":16931,"comment_status":"open","ping_status":"closed","template":"","meta":{"_jet_sm_ready_style":"","_jet_sm_style":"","_jet_sm_controls_values":"","_jet_sm_fonts_collection":"","_jet_sm_fonts_links":""},"product_brand":[],"product_cat":[5732,5739,5703,5774],"product_tag":[],"class_list":{"0":"post-16924","1":"product","2":"type-product","3":"status-publish","4":"has-post-thumbnail","6":"product_cat-bizhub-c200-fr","7":"product_cat-bizhub-c250-fr","8":"product_cat-konica-minolta-fr","9":"product_cat-magicolor-7450-fr","11":"first","12":"instock","13":"taxable","14":"shipping-taxable","15":"purchasable","16":"product-type-simple"},"_links":{"self":[{"href":"https:\/\/www.printercompany.be\/fr\/wp-json\/wp\/v2\/product\/16924","targetHints":{"allow":["GET"]}}],"collection":[{"href":"https:\/\/www.printercompany.be\/fr\/wp-json\/wp\/v2\/product"}],"about":[{"href":"https:\/\/www.printercompany.be\/fr\/wp-json\/wp\/v2\/types\/product"}],"replies":[{"embeddable":true,"href":"https:\/\/www.printercompany.be\/fr\/wp-json\/wp\/v2\/comments?post=16924"}],"version-history":[{"count":0,"href":"https:\/\/www.printercompany.be\/fr\/wp-json\/wp\/v2\/product\/16924\/revisions"}],"wp:featuredmedia":[{"embeddable":true,"href":"https:\/\/www.printercompany.be\/fr\/wp-json\/wp\/v2\/media\/16931"}],"wp:attachment":[{"href":"https:\/\/www.printercompany.be\/fr\/wp-json\/wp\/v2\/media?parent=16924"}],"wp:term":[{"taxonomy":"product_brand","embeddable":true,"href":"https:\/\/www.printercompany.be\/fr\/wp-json\/wp\/v2\/product_brand?post=16924"},{"taxonomy":"product_cat","embeddable":true,"href":"https:\/\/www.printercompany.be\/fr\/wp-json\/wp\/v2\/product_cat?post=16924"},{"taxonomy":"product_tag","embeddable":true,"href":"https:\/\/www.printercompany.be\/fr\/wp-json\/wp\/v2\/product_tag?post=16924"}],"curies":[{"name":"wp","href":"https:\/\/api.w.org\/{rel}","templated":true}]}}