{"id":16921,"date":"2023-03-30T18:43:08","date_gmt":"2023-03-30T17:43:08","guid":{"rendered":"https:\/\/printercompany.be\/product\/oki-46508712-toner-high-cap-noir-k\/"},"modified":"2023-03-30T18:43:08","modified_gmt":"2023-03-30T17:43:08","slug":"oki-46508712-toner-high-cap-zwart-k","status":"publish","type":"product","link":"https:\/\/www.printercompany.be\/fr\/produit\/oki-46508712-toner-high-cap-zwart-k\/","title":{"rendered":"OKI 46508712 Toner High Cap Noir (K)"},"content":{"rendered":"<p>Le toner OKI 46508712 High Cap Black (K) est une cartouche de toner de qualit\u00e9 originale convenant aux OKI C332 et MC363. Avec un rendement de 3 500 pages, cette cartouche de toner garantit une exp\u00e9rience d&rsquo;impression durable et fiable.<\/p>\n<p>Nos cartouches de toner sont fabriqu\u00e9es localement \u00e0 partir de toner de haute qualit\u00e9 provenant du Japon. La qualit\u00e9 de ce toner est \u00e9quivalente \u00e0 celle des fabricants d&rsquo;origine et m\u00eame sup\u00e9rieure \u00e0 celle de nombreuses marques maison actuellement disponibles sur le march\u00e9.<\/p>\n","protected":false},"excerpt":{"rendered":"<p>Convient pour C332 et MC363<\/p>\n","protected":false},"featured_media":16933,"comment_status":"closed","ping_status":"closed","template":"","meta":{"_jet_sm_ready_style":"","_jet_sm_style":"","_jet_sm_controls_values":"","_jet_sm_fonts_collection":"","_jet_sm_fonts_links":""},"product_brand":[],"product_cat":[5795,5846,5783],"product_tag":[4498],"class_list":{"0":"post-16921","1":"product","2":"type-product","3":"status-publish","4":"has-post-thumbnail","6":"product_cat-c332-fr","7":"product_cat-mc363-fr","8":"product_cat-oki-fr","9":"product_tag-46508712-fr","11":"first","12":"instock","13":"taxable","14":"shipping-taxable","15":"purchasable","16":"product-type-simple"},"_links":{"self":[{"href":"https:\/\/www.printercompany.be\/fr\/wp-json\/wp\/v2\/product\/16921","targetHints":{"allow":["GET"]}}],"collection":[{"href":"https:\/\/www.printercompany.be\/fr\/wp-json\/wp\/v2\/product"}],"about":[{"href":"https:\/\/www.printercompany.be\/fr\/wp-json\/wp\/v2\/types\/product"}],"replies":[{"embeddable":true,"href":"https:\/\/www.printercompany.be\/fr\/wp-json\/wp\/v2\/comments?post=16921"}],"version-history":[{"count":0,"href":"https:\/\/www.printercompany.be\/fr\/wp-json\/wp\/v2\/product\/16921\/revisions"}],"wp:featuredmedia":[{"embeddable":true,"href":"https:\/\/www.printercompany.be\/fr\/wp-json\/wp\/v2\/media\/16933"}],"wp:attachment":[{"href":"https:\/\/www.printercompany.be\/fr\/wp-json\/wp\/v2\/media?parent=16921"}],"wp:term":[{"taxonomy":"product_brand","embeddable":true,"href":"https:\/\/www.printercompany.be\/fr\/wp-json\/wp\/v2\/product_brand?post=16921"},{"taxonomy":"product_cat","embeddable":true,"href":"https:\/\/www.printercompany.be\/fr\/wp-json\/wp\/v2\/product_cat?post=16921"},{"taxonomy":"product_tag","embeddable":true,"href":"https:\/\/www.printercompany.be\/fr\/wp-json\/wp\/v2\/product_tag?post=16921"}],"curies":[{"name":"wp","href":"https:\/\/api.w.org\/{rel}","templated":true}]}}