{"id":16910,"date":"2023-03-30T18:43:13","date_gmt":"2023-03-30T17:43:13","guid":{"rendered":"https:\/\/printercompany.be\/product\/oki-45103714-puce-de-reinitialisation-du-tambour-magenta-m\/"},"modified":"2023-03-30T18:43:13","modified_gmt":"2023-03-30T17:43:13","slug":"oki-45103714-drum-reset-chip-magenta-m","status":"publish","type":"product","link":"https:\/\/www.printercompany.be\/fr\/produit\/oki-45103714-drum-reset-chip-magenta-m\/","title":{"rendered":"OKI 45103714 Puce de r\u00e9initialisation du tambour Magenta (M)"},"content":{"rendered":"<p>Am\u00e9liorez votre exp\u00e9rience d&rsquo;impression avec la puce de r\u00e9initialisation de tambour OKI 45103714 Magenta (M). Cette puce de r\u00e9initialisation est sp\u00e9cialement con\u00e7ue pour le tambour magenta de votre imprimante OKI. La puce de r\u00e9initialisation du tambour OKI 45103714 vous permet de r\u00e9initialiser le tambour \u00e0 ses param\u00e8tres d&rsquo;usine d&rsquo;origine, ce qui vous permet d&rsquo;exploiter au maximum la dur\u00e9e de vie et les performances du tambour. La puce de r\u00e9initialisation est facile \u00e0 installer et garantit que votre imprimante d\u00e9tecte la bonne quantit\u00e9 de toner, ce qui vous permet d&rsquo;obtenir des impressions r\u00e9guli\u00e8res et de haute qualit\u00e9.<\/p>\n<p>Convient pour C911, C931 et C941<\/p>\n","protected":false},"excerpt":{"rendered":"<p>Convient pour C911, C931 et C941<\/p>\n","protected":false},"featured_media":16916,"comment_status":"open","ping_status":"closed","template":"","meta":{"_jet_sm_ready_style":"","_jet_sm_style":"","_jet_sm_controls_values":"","_jet_sm_fonts_collection":"","_jet_sm_fonts_links":""},"product_brand":[],"product_cat":[5821,5822,5823,5783],"product_tag":[],"class_list":{"0":"post-16910","1":"product","2":"type-product","3":"status-publish","4":"has-post-thumbnail","6":"product_cat-c911-fr","7":"product_cat-c931-fr","8":"product_cat-c941-fr","9":"product_cat-oki-fr","11":"first","12":"instock","13":"taxable","14":"shipping-taxable","15":"purchasable","16":"product-type-simple"},"_links":{"self":[{"href":"https:\/\/www.printercompany.be\/fr\/wp-json\/wp\/v2\/product\/16910","targetHints":{"allow":["GET"]}}],"collection":[{"href":"https:\/\/www.printercompany.be\/fr\/wp-json\/wp\/v2\/product"}],"about":[{"href":"https:\/\/www.printercompany.be\/fr\/wp-json\/wp\/v2\/types\/product"}],"replies":[{"embeddable":true,"href":"https:\/\/www.printercompany.be\/fr\/wp-json\/wp\/v2\/comments?post=16910"}],"version-history":[{"count":0,"href":"https:\/\/www.printercompany.be\/fr\/wp-json\/wp\/v2\/product\/16910\/revisions"}],"wp:featuredmedia":[{"embeddable":true,"href":"https:\/\/www.printercompany.be\/fr\/wp-json\/wp\/v2\/media\/16916"}],"wp:attachment":[{"href":"https:\/\/www.printercompany.be\/fr\/wp-json\/wp\/v2\/media?parent=16910"}],"wp:term":[{"taxonomy":"product_brand","embeddable":true,"href":"https:\/\/www.printercompany.be\/fr\/wp-json\/wp\/v2\/product_brand?post=16910"},{"taxonomy":"product_cat","embeddable":true,"href":"https:\/\/www.printercompany.be\/fr\/wp-json\/wp\/v2\/product_cat?post=16910"},{"taxonomy":"product_tag","embeddable":true,"href":"https:\/\/www.printercompany.be\/fr\/wp-json\/wp\/v2\/product_tag?post=16910"}],"curies":[{"name":"wp","href":"https:\/\/api.w.org\/{rel}","templated":true}]}}