{"id":16891,"date":"2023-03-30T18:43:15","date_gmt":"2023-03-30T17:43:15","guid":{"rendered":"https:\/\/printercompany.be\/product\/konica-minolta-et-oce-a0d7251-29951032-toner-jaune-y\/"},"modified":"2023-03-30T18:43:15","modified_gmt":"2023-03-30T17:43:15","slug":"konica-minolta-en-oce-a0d7251-29951032-toner-geel","status":"publish","type":"product","link":"https:\/\/www.printercompany.be\/fr\/produit\/konica-minolta-en-oce-a0d7251-29951032-toner-geel\/","title":{"rendered":"Konica Minolta et Oc\u00e9 A0D7251 29951032 Toner jaune (Y)"},"content":{"rendered":"<p>Le toner jaune (Y) Konica Minolta et Oc\u00e9 A0D7251 29951032 est une cartouche de toner de qualit\u00e9 originale convenant aux mod\u00e8les BizHub C203, BizHub C253, BizHub C353, Oce CS163, Oce CS173 et Oce CS193. Avec un rendement de 20 000 pages, cette cartouche de toner garantit une exp\u00e9rience d&rsquo;impression durable et fiable.<\/p>\n<p>Nos cartouches de toner sont fabriqu\u00e9es localement \u00e0 partir de toner de haute qualit\u00e9 provenant du Japon. La qualit\u00e9 de ce toner est \u00e9quivalente \u00e0 celle des fabricants d&rsquo;origine et m\u00eame sup\u00e9rieure \u00e0 celle de nombreuses marques maison actuellement disponibles sur le march\u00e9.<\/p>\n","protected":false},"excerpt":{"rendered":"<p>Convient pour BizHub C203, BizHub C253, BizHub C353, Oce CS163, Oce CS173 et Oce CS193<\/p>\n","protected":false},"featured_media":16902,"comment_status":"closed","ping_status":"closed","template":"","meta":{"_jet_sm_ready_style":"","_jet_sm_style":"","_jet_sm_controls_values":"","_jet_sm_fonts_collection":"","_jet_sm_fonts_links":""},"product_brand":[],"product_cat":[5733,5741,5703,5926,5927,5928,5924],"product_tag":[4383,4513],"class_list":{"0":"post-16891","1":"product","2":"type-product","3":"status-publish","4":"has-post-thumbnail","6":"product_cat-bizhub-c203-fr","7":"product_cat-bizhub-c253-fr","8":"product_cat-konica-minolta-fr","9":"product_cat-oce-cs163-fr","10":"product_cat-oce-cs173-fr","11":"product_cat-oce-cs193-fr","12":"product_cat-xante-oce-fr","13":"product_tag-29951032-fr","14":"product_tag-a0d7251-fr","16":"first","17":"instock","18":"taxable","19":"shipping-taxable","20":"purchasable","21":"product-type-simple"},"_links":{"self":[{"href":"https:\/\/www.printercompany.be\/fr\/wp-json\/wp\/v2\/product\/16891","targetHints":{"allow":["GET"]}}],"collection":[{"href":"https:\/\/www.printercompany.be\/fr\/wp-json\/wp\/v2\/product"}],"about":[{"href":"https:\/\/www.printercompany.be\/fr\/wp-json\/wp\/v2\/types\/product"}],"replies":[{"embeddable":true,"href":"https:\/\/www.printercompany.be\/fr\/wp-json\/wp\/v2\/comments?post=16891"}],"version-history":[{"count":0,"href":"https:\/\/www.printercompany.be\/fr\/wp-json\/wp\/v2\/product\/16891\/revisions"}],"wp:featuredmedia":[{"embeddable":true,"href":"https:\/\/www.printercompany.be\/fr\/wp-json\/wp\/v2\/media\/16902"}],"wp:attachment":[{"href":"https:\/\/www.printercompany.be\/fr\/wp-json\/wp\/v2\/media?parent=16891"}],"wp:term":[{"taxonomy":"product_brand","embeddable":true,"href":"https:\/\/www.printercompany.be\/fr\/wp-json\/wp\/v2\/product_brand?post=16891"},{"taxonomy":"product_cat","embeddable":true,"href":"https:\/\/www.printercompany.be\/fr\/wp-json\/wp\/v2\/product_cat?post=16891"},{"taxonomy":"product_tag","embeddable":true,"href":"https:\/\/www.printercompany.be\/fr\/wp-json\/wp\/v2\/product_tag?post=16891"}],"curies":[{"name":"wp","href":"https:\/\/api.w.org\/{rel}","templated":true}]}}