{"id":16875,"date":"2023-03-30T18:43:24","date_gmt":"2023-03-30T17:43:24","guid":{"rendered":"https:\/\/printercompany.be\/product\/oki-44341902-courroie-de-transfert\/"},"modified":"2023-03-30T18:43:24","modified_gmt":"2023-03-30T17:43:24","slug":"oki-44341902-transferbelt","status":"publish","type":"product","link":"https:\/\/www.printercompany.be\/fr\/produit\/oki-44341902-transferbelt\/","title":{"rendered":"OKI 44341902 Courroie de transfert"},"content":{"rendered":"<p>Cette courroie de transfert remanufactur\u00e9e assure un transfert pr\u00e9cis et impeccable du toner sur votre support d&rsquo;impression. Avec des pi\u00e8ces soigneusement remanufactur\u00e9es, la courroie de transfert OKI 44341902 (remanufactur\u00e9e) offre la m\u00eame fiabilit\u00e9 et les m\u00eames performances qu&rsquo;une courroie neuve, mais \u00e0 un prix inf\u00e9rieur. Compatible avec plusieurs mod\u00e8les d&rsquo;imprimantes OKI, cette courroie de transfert remanufactur\u00e9e est facile \u00e0 installer. Gr\u00e2ce \u00e0 sa grande capacit\u00e9 et \u00e0 son efficacit\u00e9, la courroie de transfert OKI 44341902 (remise \u00e0 neuf) garantit une impression constante et de haute qualit\u00e9.<\/p>\n<p>Convient pour C710, C711, C712, ES7411, ES7470, ES7480, MC760, MC770 et MC780<\/p>\n","protected":false},"excerpt":{"rendered":"<p>Convient pour C710, C711, C712, ES7411, ES7470, ES7480, MC760, MC770 et MC780<\/p>\n","protected":false},"featured_media":16881,"comment_status":"open","ping_status":"closed","template":"","meta":{"_jet_sm_ready_style":"","_jet_sm_style":"","_jet_sm_controls_values":"","_jet_sm_fonts_collection":"","_jet_sm_fonts_links":""},"product_brand":[],"product_cat":[5802,5803,5805,5806,5783],"product_tag":[],"class_list":{"0":"post-16875","1":"product","2":"type-product","3":"status-publish","4":"has-post-thumbnail","6":"product_cat-c610-fr","7":"product_cat-c611-fr","8":"product_cat-c710-fr","9":"product_cat-c711-fr","10":"product_cat-oki-fr","12":"first","13":"instock","14":"taxable","15":"shipping-taxable","16":"purchasable","17":"product-type-simple"},"_links":{"self":[{"href":"https:\/\/www.printercompany.be\/fr\/wp-json\/wp\/v2\/product\/16875","targetHints":{"allow":["GET"]}}],"collection":[{"href":"https:\/\/www.printercompany.be\/fr\/wp-json\/wp\/v2\/product"}],"about":[{"href":"https:\/\/www.printercompany.be\/fr\/wp-json\/wp\/v2\/types\/product"}],"replies":[{"embeddable":true,"href":"https:\/\/www.printercompany.be\/fr\/wp-json\/wp\/v2\/comments?post=16875"}],"version-history":[{"count":0,"href":"https:\/\/www.printercompany.be\/fr\/wp-json\/wp\/v2\/product\/16875\/revisions"}],"wp:featuredmedia":[{"embeddable":true,"href":"https:\/\/www.printercompany.be\/fr\/wp-json\/wp\/v2\/media\/16881"}],"wp:attachment":[{"href":"https:\/\/www.printercompany.be\/fr\/wp-json\/wp\/v2\/media?parent=16875"}],"wp:term":[{"taxonomy":"product_brand","embeddable":true,"href":"https:\/\/www.printercompany.be\/fr\/wp-json\/wp\/v2\/product_brand?post=16875"},{"taxonomy":"product_cat","embeddable":true,"href":"https:\/\/www.printercompany.be\/fr\/wp-json\/wp\/v2\/product_cat?post=16875"},{"taxonomy":"product_tag","embeddable":true,"href":"https:\/\/www.printercompany.be\/fr\/wp-json\/wp\/v2\/product_tag?post=16875"}],"curies":[{"name":"wp","href":"https:\/\/api.w.org\/{rel}","templated":true}]}}