{"id":16857,"date":"2023-03-30T18:43:25","date_gmt":"2023-03-30T17:43:25","guid":{"rendered":"https:\/\/printercompany.be\/product\/oki-45381102-courroie-de-transfert\/"},"modified":"2023-03-30T18:43:25","modified_gmt":"2023-03-30T17:43:25","slug":"oki-45381102-transferbelt","status":"publish","type":"product","link":"https:\/\/www.printercompany.be\/fr\/produit\/oki-45381102-transferbelt\/","title":{"rendered":"OKI 45381102 Courroie de transfert"},"content":{"rendered":"<p>Cette courroie de transfert remanufactur\u00e9e assure un transfert pr\u00e9cis et impeccable du toner sur votre support d&rsquo;impression. Avec des pi\u00e8ces soigneusement remanufactur\u00e9es, la courroie de transfert OKI 45381102 (remanufactur\u00e9e) offre la m\u00eame fiabilit\u00e9 et les m\u00eames performances qu&rsquo;une courroie neuve, mais \u00e0 un prix inf\u00e9rieur. Compatible avec plusieurs mod\u00e8les d&rsquo;imprimantes OKI, cette courroie de transfert remanufactur\u00e9e est facile \u00e0 installer. Avec sa grande capacit\u00e9 et son efficacit\u00e9, la courroie de transfert OKI 45381102 (remise \u00e0 neuf) assure une impression constante et de haute qualit\u00e9.<\/p>\n<p>Convient pour C710, C711, C712, ES7411, ES7470, ES7480, MC760, MC770 et MC780<\/p>\n","protected":false},"excerpt":{"rendered":"<p>Convient pour C710, C711, C712, ES7411, ES7470, ES7480, MC760, MC770 et MC780<\/p>\n","protected":false},"featured_media":16871,"comment_status":"open","ping_status":"closed","template":"","meta":{"_jet_sm_ready_style":"","_jet_sm_style":"","_jet_sm_controls_values":"","_jet_sm_fonts_collection":"","_jet_sm_fonts_links":""},"product_brand":[],"product_cat":[5889,5890,5891,5852,5853,5854,5783],"product_tag":[],"class_list":{"0":"post-16857","1":"product","2":"type-product","3":"status-publish","4":"has-post-thumbnail","6":"product_cat-es7411-fr","7":"product_cat-es7470-fr","8":"product_cat-es7480-fr","9":"product_cat-mc760-fr","10":"product_cat-mc770-fr","11":"product_cat-mc780-fr","12":"product_cat-oki-fr","14":"first","15":"instock","16":"taxable","17":"shipping-taxable","18":"purchasable","19":"product-type-simple"},"_links":{"self":[{"href":"https:\/\/www.printercompany.be\/fr\/wp-json\/wp\/v2\/product\/16857","targetHints":{"allow":["GET"]}}],"collection":[{"href":"https:\/\/www.printercompany.be\/fr\/wp-json\/wp\/v2\/product"}],"about":[{"href":"https:\/\/www.printercompany.be\/fr\/wp-json\/wp\/v2\/types\/product"}],"replies":[{"embeddable":true,"href":"https:\/\/www.printercompany.be\/fr\/wp-json\/wp\/v2\/comments?post=16857"}],"version-history":[{"count":0,"href":"https:\/\/www.printercompany.be\/fr\/wp-json\/wp\/v2\/product\/16857\/revisions"}],"wp:featuredmedia":[{"embeddable":true,"href":"https:\/\/www.printercompany.be\/fr\/wp-json\/wp\/v2\/media\/16871"}],"wp:attachment":[{"href":"https:\/\/www.printercompany.be\/fr\/wp-json\/wp\/v2\/media?parent=16857"}],"wp:term":[{"taxonomy":"product_brand","embeddable":true,"href":"https:\/\/www.printercompany.be\/fr\/wp-json\/wp\/v2\/product_brand?post=16857"},{"taxonomy":"product_cat","embeddable":true,"href":"https:\/\/www.printercompany.be\/fr\/wp-json\/wp\/v2\/product_cat?post=16857"},{"taxonomy":"product_tag","embeddable":true,"href":"https:\/\/www.printercompany.be\/fr\/wp-json\/wp\/v2\/product_tag?post=16857"}],"curies":[{"name":"wp","href":"https:\/\/api.w.org\/{rel}","templated":true}]}}