{"id":16855,"date":"2023-03-30T18:43:17","date_gmt":"2023-03-30T17:43:17","guid":{"rendered":"https:\/\/printercompany.be\/product\/konica-minolta-a0er72111-a0er72100-fuser-refurb\/"},"modified":"2023-03-30T18:43:17","modified_gmt":"2023-03-30T17:43:17","slug":"konica-minolta-a0er72111-a0er72100-fuser-refurb","status":"publish","type":"product","link":"https:\/\/www.printercompany.be\/fr\/produit\/konica-minolta-a0er72111-a0er72100-fuser-refurb\/","title":{"rendered":"Konica Minolta A0ER72111 A0ER72100 Fuser Refurb"},"content":{"rendered":"<p>Cette unit\u00e9 de fusion remanufactur\u00e9e offre des performances fiables et une excellente qualit\u00e9 d&rsquo;impression \u00e0 un prix \u00e9conomique. Avec des pi\u00e8ces soigneusement remises \u00e0 neuf, cette unit\u00e9 de fusion assure une distribution uniforme de la chaleur et une fusion optimale du toner sur votre support d&rsquo;impression. L&rsquo;unit\u00e9 de fusion Konica Minolta A0ER72111 A0ER72100 (remise \u00e0 neuf) est compatible avec divers mod\u00e8les d&rsquo;imprimantes Konica Minolta et peut \u00eatre facilement install\u00e9e.<\/p>\n<p>Convient pour Bizhub C203, Bizhub C253, Bizhub C353, Magicolor 8650, Oce CS163, Oce CS173 et Oce CS193.<\/p>\n","protected":false},"excerpt":{"rendered":"<p>Convient pour Bizhub C203, Bizhub C253, Bizhub C353, Magicolor 8650, Oce CS163, Oce CS173 et Oce CS193.<\/p>\n","protected":false},"featured_media":16867,"comment_status":"open","ping_status":"closed","template":"","meta":{"_jet_sm_ready_style":"","_jet_sm_style":"","_jet_sm_controls_values":"","_jet_sm_fonts_collection":"","_jet_sm_fonts_links":""},"product_brand":[],"product_cat":[5733,5741,5753,5703,5775,5926,5927,5928,5924],"product_tag":[],"class_list":{"0":"post-16855","1":"product","2":"type-product","3":"status-publish","4":"has-post-thumbnail","6":"product_cat-bizhub-c203-fr","7":"product_cat-bizhub-c253-fr","8":"product_cat-bizhub-c353-fr","9":"product_cat-konica-minolta-fr","10":"product_cat-magicolor-8650-fr","11":"product_cat-oce-cs163-fr","12":"product_cat-oce-cs173-fr","13":"product_cat-oce-cs193-fr","14":"product_cat-xante-oce-fr","16":"first","17":"instock","18":"taxable","19":"shipping-taxable","20":"purchasable","21":"product-type-simple"},"_links":{"self":[{"href":"https:\/\/www.printercompany.be\/fr\/wp-json\/wp\/v2\/product\/16855","targetHints":{"allow":["GET"]}}],"collection":[{"href":"https:\/\/www.printercompany.be\/fr\/wp-json\/wp\/v2\/product"}],"about":[{"href":"https:\/\/www.printercompany.be\/fr\/wp-json\/wp\/v2\/types\/product"}],"replies":[{"embeddable":true,"href":"https:\/\/www.printercompany.be\/fr\/wp-json\/wp\/v2\/comments?post=16855"}],"version-history":[{"count":0,"href":"https:\/\/www.printercompany.be\/fr\/wp-json\/wp\/v2\/product\/16855\/revisions"}],"wp:featuredmedia":[{"embeddable":true,"href":"https:\/\/www.printercompany.be\/fr\/wp-json\/wp\/v2\/media\/16867"}],"wp:attachment":[{"href":"https:\/\/www.printercompany.be\/fr\/wp-json\/wp\/v2\/media?parent=16855"}],"wp:term":[{"taxonomy":"product_brand","embeddable":true,"href":"https:\/\/www.printercompany.be\/fr\/wp-json\/wp\/v2\/product_brand?post=16855"},{"taxonomy":"product_cat","embeddable":true,"href":"https:\/\/www.printercompany.be\/fr\/wp-json\/wp\/v2\/product_cat?post=16855"},{"taxonomy":"product_tag","embeddable":true,"href":"https:\/\/www.printercompany.be\/fr\/wp-json\/wp\/v2\/product_tag?post=16855"}],"curies":[{"name":"wp","href":"https:\/\/api.w.org\/{rel}","templated":true}]}}