{"id":16848,"date":"2023-03-30T18:43:30","date_gmt":"2023-03-30T17:43:30","guid":{"rendered":"https:\/\/printercompany.be\/product\/oki-45395701-tambour-jaune-y\/"},"modified":"2023-03-30T18:43:30","modified_gmt":"2023-03-30T17:43:30","slug":"oki-45395701-drum-geel-y","status":"publish","type":"product","link":"https:\/\/www.printercompany.be\/fr\/produit\/oki-45395701-drum-geel-y\/","title":{"rendered":"OKI 45395701 Tambour jaune (Y)"},"content":{"rendered":"<p>Ce tambour jaune remanufactur\u00e9 offre une excellente qualit\u00e9 d&rsquo;impression \u00e0 un prix abordable. Gr\u00e2ce \u00e0 des pi\u00e8ces soigneusement remises \u00e0 neuf, ce tambour garantit une reproduction pr\u00e9cise des couleurs et des r\u00e9sultats \u00e9clatants. Compatible avec de nombreux mod\u00e8les d&rsquo;imprimantes OKI, le tambour jaune (Y) OKI 45395701 (reconditionn\u00e9) constitue une solution \u00e9conomique pour vos besoins d&rsquo;impression. Gr\u00e2ce \u00e0 une installation facile et \u00e0 une construction durable, vous pouvez obtenir des impressions de haute qualit\u00e9 en jaune sans d\u00e9passer votre budget.<\/p>\n<p>Convient pour C710, C711, C712, ES7411, ES7470, ES7480, MC760, MC770 et MC780<\/p>\n","protected":false},"excerpt":{"rendered":"<p>Convient pour C710, C711, C712, ES7411, ES7470, ES7480, MC760, MC770 et MC780<\/p>\n","protected":false},"featured_media":16862,"comment_status":"open","ping_status":"closed","template":"","meta":{"_jet_sm_ready_style":"","_jet_sm_style":"","_jet_sm_controls_values":"","_jet_sm_fonts_collection":"","_jet_sm_fonts_links":""},"product_brand":[],"product_cat":[5805,5806,5807,5889,5890,5891,5852,5853,5854,5783,5865],"product_tag":[],"class_list":{"0":"post-16848","1":"product","2":"type-product","3":"status-publish","4":"has-post-thumbnail","6":"product_cat-c710-fr","7":"product_cat-c711-fr","8":"product_cat-c712-fr","9":"product_cat-es7411-fr","10":"product_cat-es7470-fr","11":"product_cat-es7480-fr","12":"product_cat-mc760-fr","13":"product_cat-mc770-fr","14":"product_cat-mc780-fr","15":"product_cat-oki-fr","16":"product_cat-oki-es-fr","18":"first","19":"instock","20":"taxable","21":"shipping-taxable","22":"purchasable","23":"product-type-simple"},"_links":{"self":[{"href":"https:\/\/www.printercompany.be\/fr\/wp-json\/wp\/v2\/product\/16848","targetHints":{"allow":["GET"]}}],"collection":[{"href":"https:\/\/www.printercompany.be\/fr\/wp-json\/wp\/v2\/product"}],"about":[{"href":"https:\/\/www.printercompany.be\/fr\/wp-json\/wp\/v2\/types\/product"}],"replies":[{"embeddable":true,"href":"https:\/\/www.printercompany.be\/fr\/wp-json\/wp\/v2\/comments?post=16848"}],"version-history":[{"count":0,"href":"https:\/\/www.printercompany.be\/fr\/wp-json\/wp\/v2\/product\/16848\/revisions"}],"wp:featuredmedia":[{"embeddable":true,"href":"https:\/\/www.printercompany.be\/fr\/wp-json\/wp\/v2\/media\/16862"}],"wp:attachment":[{"href":"https:\/\/www.printercompany.be\/fr\/wp-json\/wp\/v2\/media?parent=16848"}],"wp:term":[{"taxonomy":"product_brand","embeddable":true,"href":"https:\/\/www.printercompany.be\/fr\/wp-json\/wp\/v2\/product_brand?post=16848"},{"taxonomy":"product_cat","embeddable":true,"href":"https:\/\/www.printercompany.be\/fr\/wp-json\/wp\/v2\/product_cat?post=16848"},{"taxonomy":"product_tag","embeddable":true,"href":"https:\/\/www.printercompany.be\/fr\/wp-json\/wp\/v2\/product_tag?post=16848"}],"curies":[{"name":"wp","href":"https:\/\/api.w.org\/{rel}","templated":true}]}}