{"id":16797,"date":"2023-03-30T18:43:38","date_gmt":"2023-03-30T17:43:38","guid":{"rendered":"https:\/\/printercompany.be\/product\/oki-44469722-toner-haute-capacite-jaune-y\/"},"modified":"2023-03-30T18:43:38","modified_gmt":"2023-03-30T17:43:38","slug":"oki-44469722-toner-high-capacity-geel-y","status":"publish","type":"product","link":"https:\/\/www.printercompany.be\/fr\/produit\/oki-44469722-toner-high-capacity-geel-y\/","title":{"rendered":"OKI 44469722 Toner Haute Capacit\u00e9 Jaune (Y)"},"content":{"rendered":"<p>La cartouche OKI 44469722 Toner Jaune (Y) est une cartouche de toner de qualit\u00e9 originale convenant aux OKI C310, C311, C331, C510, C511, C530, C531, MC351, MC352, MC361, MC362, MC561 et MC562. Avec un rendement de 5 000 pages, cette cartouche de toner garantit une exp\u00e9rience d&rsquo;impression durable et fiable.<\/p>\n<p>Nos cartouches de toner sont fabriqu\u00e9es localement \u00e0 partir de toner de haute qualit\u00e9 provenant du Japon. La qualit\u00e9 de ce toner est \u00e9quivalente \u00e0 celle des fabricants d&rsquo;origine et m\u00eame sup\u00e9rieure \u00e0 celle de nombreuses marques maison actuellement disponibles sur le march\u00e9.<\/p>\n","protected":false},"excerpt":{"rendered":"<p>Convient pour C310, C311, C331, C510, C511, C530, C531, MC351, MC352, MC361, MC362, MC561 et MC562<\/p>\n","protected":false},"featured_media":16810,"comment_status":"closed","ping_status":"closed","template":"","meta":{"_jet_sm_ready_style":"","_jet_sm_style":"","_jet_sm_controls_values":"","_jet_sm_fonts_collection":"","_jet_sm_fonts_links":""},"product_brand":[],"product_cat":[5796,5797,5798,5799,5842,5843,5844,5845,5847,5848,5849,5783],"product_tag":[4638],"class_list":{"0":"post-16797","1":"product","2":"type-product","3":"status-publish","4":"has-post-thumbnail","6":"product_cat-c510-fr","7":"product_cat-c511-fr","8":"product_cat-c530-fr","9":"product_cat-c531-fr","10":"product_cat-mc351-fr","11":"product_cat-mc352-fr","12":"product_cat-mc361-fr","13":"product_cat-mc362-fr","14":"product_cat-mc561-fr","15":"product_cat-mc562-fr","16":"product_cat-mc562w-fr","17":"product_cat-oki-fr","18":"product_tag-oki-44469722-fr","20":"first","21":"instock","22":"taxable","23":"shipping-taxable","24":"purchasable","25":"product-type-simple"},"_links":{"self":[{"href":"https:\/\/www.printercompany.be\/fr\/wp-json\/wp\/v2\/product\/16797","targetHints":{"allow":["GET"]}}],"collection":[{"href":"https:\/\/www.printercompany.be\/fr\/wp-json\/wp\/v2\/product"}],"about":[{"href":"https:\/\/www.printercompany.be\/fr\/wp-json\/wp\/v2\/types\/product"}],"replies":[{"embeddable":true,"href":"https:\/\/www.printercompany.be\/fr\/wp-json\/wp\/v2\/comments?post=16797"}],"version-history":[{"count":0,"href":"https:\/\/www.printercompany.be\/fr\/wp-json\/wp\/v2\/product\/16797\/revisions"}],"wp:featuredmedia":[{"embeddable":true,"href":"https:\/\/www.printercompany.be\/fr\/wp-json\/wp\/v2\/media\/16810"}],"wp:attachment":[{"href":"https:\/\/www.printercompany.be\/fr\/wp-json\/wp\/v2\/media?parent=16797"}],"wp:term":[{"taxonomy":"product_brand","embeddable":true,"href":"https:\/\/www.printercompany.be\/fr\/wp-json\/wp\/v2\/product_brand?post=16797"},{"taxonomy":"product_cat","embeddable":true,"href":"https:\/\/www.printercompany.be\/fr\/wp-json\/wp\/v2\/product_cat?post=16797"},{"taxonomy":"product_tag","embeddable":true,"href":"https:\/\/www.printercompany.be\/fr\/wp-json\/wp\/v2\/product_tag?post=16797"}],"curies":[{"name":"wp","href":"https:\/\/api.w.org\/{rel}","templated":true}]}}