{"id":16790,"date":"2023-03-30T18:43:23","date_gmt":"2023-03-30T17:43:23","guid":{"rendered":"https:\/\/printercompany.be\/product\/oki-44289103-fuser\/"},"modified":"2023-03-30T18:43:23","modified_gmt":"2023-03-30T17:43:23","slug":"oki-44289103-fuser","status":"publish","type":"product","link":"https:\/\/www.printercompany.be\/fr\/produit\/oki-44289103-fuser\/","title":{"rendered":"OKI 44289103 Fuser"},"content":{"rendered":"<p>Cette unit\u00e9 de fusion remanufactur\u00e9e assure un fonctionnement efficace et fiable de votre imprimante. Gr\u00e2ce \u00e0 des pi\u00e8ces soigneusement remanufactur\u00e9es, l&rsquo;unit\u00e9 de fusion OKI 44289103 (remanufactur\u00e9e) offre la m\u00eame qualit\u00e9 et les m\u00eames performances qu&rsquo;une unit\u00e9 neuve, mais \u00e0 un prix inf\u00e9rieur. Compatible avec plusieurs mod\u00e8les d&rsquo;imprimantes OKI, cette unit\u00e9 de fusion remanufactur\u00e9e est facile \u00e0 installer. Gr\u00e2ce \u00e0 sa construction durable, l&rsquo;unit\u00e9 de fusion OKI 44289103 (remise \u00e0 neuf) garantit une impression constante et de haute qualit\u00e9.<\/p>\n<p>Convient pour C710, C711, C712, ES7411, ES7470, ES7480, MC760, MC770 et MC780<\/p>\n","protected":false},"excerpt":{"rendered":"<p>Convient pour C710, C711, C712, ES7411, ES7470, ES7480, MC760, MC770 et MC780<\/p>\n","protected":false},"featured_media":16802,"comment_status":"open","ping_status":"closed","template":"","meta":{"_jet_sm_ready_style":"","_jet_sm_style":"","_jet_sm_controls_values":"","_jet_sm_fonts_collection":"","_jet_sm_fonts_links":""},"product_brand":[],"product_cat":[5802,5803,5805,5806,5783],"product_tag":[],"class_list":{"0":"post-16790","1":"product","2":"type-product","3":"status-publish","4":"has-post-thumbnail","6":"product_cat-c610-fr","7":"product_cat-c611-fr","8":"product_cat-c710-fr","9":"product_cat-c711-fr","10":"product_cat-oki-fr","12":"first","13":"instock","14":"taxable","15":"shipping-taxable","16":"purchasable","17":"product-type-simple"},"_links":{"self":[{"href":"https:\/\/www.printercompany.be\/fr\/wp-json\/wp\/v2\/product\/16790","targetHints":{"allow":["GET"]}}],"collection":[{"href":"https:\/\/www.printercompany.be\/fr\/wp-json\/wp\/v2\/product"}],"about":[{"href":"https:\/\/www.printercompany.be\/fr\/wp-json\/wp\/v2\/types\/product"}],"replies":[{"embeddable":true,"href":"https:\/\/www.printercompany.be\/fr\/wp-json\/wp\/v2\/comments?post=16790"}],"version-history":[{"count":0,"href":"https:\/\/www.printercompany.be\/fr\/wp-json\/wp\/v2\/product\/16790\/revisions"}],"wp:featuredmedia":[{"embeddable":true,"href":"https:\/\/www.printercompany.be\/fr\/wp-json\/wp\/v2\/media\/16802"}],"wp:attachment":[{"href":"https:\/\/www.printercompany.be\/fr\/wp-json\/wp\/v2\/media?parent=16790"}],"wp:term":[{"taxonomy":"product_brand","embeddable":true,"href":"https:\/\/www.printercompany.be\/fr\/wp-json\/wp\/v2\/product_brand?post=16790"},{"taxonomy":"product_cat","embeddable":true,"href":"https:\/\/www.printercompany.be\/fr\/wp-json\/wp\/v2\/product_cat?post=16790"},{"taxonomy":"product_tag","embeddable":true,"href":"https:\/\/www.printercompany.be\/fr\/wp-json\/wp\/v2\/product_tag?post=16790"}],"curies":[{"name":"wp","href":"https:\/\/api.w.org\/{rel}","templated":true}]}}