{"id":16781,"date":"2023-03-30T18:42:30","date_gmt":"2023-03-30T17:42:30","guid":{"rendered":"https:\/\/printercompany.be\/product\/oki-46507506-toner-magenta-m\/"},"modified":"2023-03-30T18:42:30","modified_gmt":"2023-03-30T17:42:30","slug":"oki-46507506-toner-magenta","status":"publish","type":"product","link":"https:\/\/www.printercompany.be\/fr\/produit\/oki-46507506-toner-magenta\/","title":{"rendered":"OKI 46507506 Toner Magenta (M)"},"content":{"rendered":"<p>Le toner OKI 46507506 Magenta (M) est une cartouche de toner de qualit\u00e9 originale convenant \u00e0 l&rsquo;imprimante OKI C612. Avec un rendement de 6 000 pages, cette cartouche de toner garantit une exp\u00e9rience d&rsquo;impression durable et fiable.<\/p>\n<p>Nos cartouches de toner sont fabriqu\u00e9es localement \u00e0 partir de toner de haute qualit\u00e9 provenant du Japon. La qualit\u00e9 de ce toner est \u00e9quivalente \u00e0 celle des fabricants d&rsquo;origine et m\u00eame sup\u00e9rieure \u00e0 celle de nombreuses marques maison actuellement disponibles sur le march\u00e9.<\/p>\n<p>En outre, nous nous effor\u00e7ons d&rsquo;\u00eatre durables et de minimiser notre empreinte carbone en utilisant des mat\u00e9riaux recycl\u00e9s dans nos emballages. Nous innovons et am\u00e9liorons constamment afin que nos clients soient toujours pleinement satisfaits des performances de nos cartouches de toner.<\/p>\n","protected":false},"excerpt":{"rendered":"<p>Convient \u00e0 C612<\/p>\n","protected":false},"featured_media":16783,"comment_status":"closed","ping_status":"closed","template":"","meta":{"_jet_sm_ready_style":"","_jet_sm_style":"","_jet_sm_controls_values":"","_jet_sm_fonts_collection":"","_jet_sm_fonts_links":""},"product_brand":[],"product_cat":[5804,5783],"product_tag":[4652],"class_list":{"0":"post-16781","1":"product","2":"type-product","3":"status-publish","4":"has-post-thumbnail","6":"product_cat-c612-fr","7":"product_cat-oki-fr","8":"product_tag-oki-46507506-fr","10":"first","11":"instock","12":"taxable","13":"shipping-taxable","14":"purchasable","15":"product-type-simple"},"_links":{"self":[{"href":"https:\/\/www.printercompany.be\/fr\/wp-json\/wp\/v2\/product\/16781","targetHints":{"allow":["GET"]}}],"collection":[{"href":"https:\/\/www.printercompany.be\/fr\/wp-json\/wp\/v2\/product"}],"about":[{"href":"https:\/\/www.printercompany.be\/fr\/wp-json\/wp\/v2\/types\/product"}],"replies":[{"embeddable":true,"href":"https:\/\/www.printercompany.be\/fr\/wp-json\/wp\/v2\/comments?post=16781"}],"version-history":[{"count":0,"href":"https:\/\/www.printercompany.be\/fr\/wp-json\/wp\/v2\/product\/16781\/revisions"}],"wp:featuredmedia":[{"embeddable":true,"href":"https:\/\/www.printercompany.be\/fr\/wp-json\/wp\/v2\/media\/16783"}],"wp:attachment":[{"href":"https:\/\/www.printercompany.be\/fr\/wp-json\/wp\/v2\/media?parent=16781"}],"wp:term":[{"taxonomy":"product_brand","embeddable":true,"href":"https:\/\/www.printercompany.be\/fr\/wp-json\/wp\/v2\/product_brand?post=16781"},{"taxonomy":"product_cat","embeddable":true,"href":"https:\/\/www.printercompany.be\/fr\/wp-json\/wp\/v2\/product_cat?post=16781"},{"taxonomy":"product_tag","embeddable":true,"href":"https:\/\/www.printercompany.be\/fr\/wp-json\/wp\/v2\/product_tag?post=16781"}],"curies":[{"name":"wp","href":"https:\/\/api.w.org\/{rel}","templated":true}]}}