{"id":16772,"date":"2023-03-30T18:42:28","date_gmt":"2023-03-30T17:42:28","guid":{"rendered":"https:\/\/printercompany.be\/product\/oki-43837106-toner-magenta-m\/"},"modified":"2023-03-30T18:42:28","modified_gmt":"2023-03-30T17:42:28","slug":"oki-43837106-toner-magenta","status":"publish","type":"product","link":"https:\/\/www.printercompany.be\/fr\/produit\/oki-43837106-toner-magenta\/","title":{"rendered":"OKI 43837106 Toner Magenta (M)"},"content":{"rendered":"<p>Le toner OKI 43837106 Magenta (M) est une cartouche de toner de qualit\u00e9 originale convenant aux OKI ES3640 ES3640A3, ES3640MFP et ES3640Pro. Avec un rendement de 16 500 pages, cette cartouche de toner garantit une exp\u00e9rience d&rsquo;impression durable et fiable.<\/p>\n<p>Nos cartouches de toner sont fabriqu\u00e9es localement \u00e0 partir de toner de haute qualit\u00e9 provenant du Japon. La qualit\u00e9 de ce toner est \u00e9quivalente \u00e0 celle des fabricants d&rsquo;origine et m\u00eame sup\u00e9rieure \u00e0 celle de nombreuses marques maison actuellement disponibles sur le march\u00e9.<\/p>\n<p>La durabilit\u00e9 est notre priorit\u00e9 absolue, c&rsquo;est pourquoi nous minimisons notre empreinte environnementale en utilisant des mat\u00e9riaux recycl\u00e9s dans nos emballages. Nous nous effor\u00e7ons constamment d&rsquo;innover et de nous am\u00e9liorer afin que nos clients soient toujours satisfaits des performances de nos cartouches de toner.<\/p>\n","protected":false},"excerpt":{"rendered":"<p>Convient aux mod\u00e8les ES3640, ES3640A3, ES3640MFP et ES3640Pro<\/p>\n","protected":false},"featured_media":16775,"comment_status":"closed","ping_status":"closed","template":"","meta":{"_jet_sm_ready_style":"","_jet_sm_style":"","_jet_sm_controls_values":"","_jet_sm_fonts_collection":"","_jet_sm_fonts_links":""},"product_brand":[],"product_cat":[5868,5869,5870,5871,5865],"product_tag":[4388],"class_list":{"0":"post-16772","1":"product","2":"type-product","3":"status-publish","4":"has-post-thumbnail","6":"product_cat-es3640","7":"product_cat-es3640a3-fr","8":"product_cat-es3640mfp-fr","9":"product_cat-es3640pro-fr","10":"product_cat-oki-es-fr","11":"product_tag-43837106-fr","13":"first","14":"instock","15":"taxable","16":"shipping-taxable","17":"purchasable","18":"product-type-simple"},"_links":{"self":[{"href":"https:\/\/www.printercompany.be\/fr\/wp-json\/wp\/v2\/product\/16772","targetHints":{"allow":["GET"]}}],"collection":[{"href":"https:\/\/www.printercompany.be\/fr\/wp-json\/wp\/v2\/product"}],"about":[{"href":"https:\/\/www.printercompany.be\/fr\/wp-json\/wp\/v2\/types\/product"}],"replies":[{"embeddable":true,"href":"https:\/\/www.printercompany.be\/fr\/wp-json\/wp\/v2\/comments?post=16772"}],"version-history":[{"count":0,"href":"https:\/\/www.printercompany.be\/fr\/wp-json\/wp\/v2\/product\/16772\/revisions"}],"wp:featuredmedia":[{"embeddable":true,"href":"https:\/\/www.printercompany.be\/fr\/wp-json\/wp\/v2\/media\/16775"}],"wp:attachment":[{"href":"https:\/\/www.printercompany.be\/fr\/wp-json\/wp\/v2\/media?parent=16772"}],"wp:term":[{"taxonomy":"product_brand","embeddable":true,"href":"https:\/\/www.printercompany.be\/fr\/wp-json\/wp\/v2\/product_brand?post=16772"},{"taxonomy":"product_cat","embeddable":true,"href":"https:\/\/www.printercompany.be\/fr\/wp-json\/wp\/v2\/product_cat?post=16772"},{"taxonomy":"product_tag","embeddable":true,"href":"https:\/\/www.printercompany.be\/fr\/wp-json\/wp\/v2\/product_tag?post=16772"}],"curies":[{"name":"wp","href":"https:\/\/api.w.org\/{rel}","templated":true}]}}