{"id":16729,"date":"2023-03-30T18:42:35","date_gmt":"2023-03-30T17:42:35","guid":{"rendered":"https:\/\/printercompany.be\/product\/xerox-006r01513-toner-noir-k\/"},"modified":"2023-03-30T18:42:35","modified_gmt":"2023-03-30T17:42:35","slug":"xerox-006r01513-toner-zwart","status":"publish","type":"product","link":"https:\/\/www.printercompany.be\/fr\/produit\/xerox-006r01513-toner-zwart\/","title":{"rendered":"Xerox 006R01513 Toner Noir (K)"},"content":{"rendered":"<p>Le toner Xerox 006R01513 Noir (K) est une cartouche de toner de qualit\u00e9 originale convenant aux Xerox Workcentre 7530, Workcentre 7535, Workcentre 7545, Workcentre 7556, Workcentre 7830, Workcentre 7845 et Workcentre 7855. Avec un rendement de 26 000 pages, cette cartouche de toner garantit une exp\u00e9rience d&rsquo;impression durable et fiable.<\/p>\n<p>Nos cartouches de toner sont fabriqu\u00e9es localement \u00e0 partir de toner de haute qualit\u00e9 provenant du Japon. La qualit\u00e9 de ce toner est \u00e9quivalente \u00e0 celle des fabricants d&rsquo;origine et m\u00eame sup\u00e9rieure \u00e0 celle de nombreuses marques maison actuellement disponibles sur le march\u00e9.<\/p>\n","protected":false},"excerpt":{"rendered":"<p>Convient aux WorkCentre 7530, WorkCentre 7535, WorkCentre 7545, WorkCentre 7556, WorkCentre 7830, WorkCentre 7835, WorkCentre 7845 et WorkCentre 7855.<\/p>\n","protected":false},"featured_media":16741,"comment_status":"closed","ping_status":"closed","template":"","meta":{"_jet_sm_ready_style":"","_jet_sm_style":"","_jet_sm_controls_values":"","_jet_sm_fonts_collection":"","_jet_sm_fonts_links":""},"product_brand":[],"product_cat":[5960,5956,5957,5958,5959,5961,5962,5963,5931],"product_tag":[4357],"class_list":{"0":"post-16729","1":"product","2":"type-product","3":"status-publish","4":"has-post-thumbnail","6":"product_cat-workcentre-7655-fr","7":"product_cat-workcentre-7530-fr","8":"product_cat-workcentre-7535-fr","9":"product_cat-workcentre-7545-fr","10":"product_cat-workcentre-7556-fr","11":"product_cat-workcentre-7830-fr","12":"product_cat-workcentre-7835-fr","13":"product_cat-workcentre-7855-fr","14":"product_cat-xerox-fr","15":"product_tag-006r01513-fr","17":"first","18":"instock","19":"taxable","20":"shipping-taxable","21":"purchasable","22":"product-type-simple"},"_links":{"self":[{"href":"https:\/\/www.printercompany.be\/fr\/wp-json\/wp\/v2\/product\/16729","targetHints":{"allow":["GET"]}}],"collection":[{"href":"https:\/\/www.printercompany.be\/fr\/wp-json\/wp\/v2\/product"}],"about":[{"href":"https:\/\/www.printercompany.be\/fr\/wp-json\/wp\/v2\/types\/product"}],"replies":[{"embeddable":true,"href":"https:\/\/www.printercompany.be\/fr\/wp-json\/wp\/v2\/comments?post=16729"}],"version-history":[{"count":0,"href":"https:\/\/www.printercompany.be\/fr\/wp-json\/wp\/v2\/product\/16729\/revisions"}],"wp:featuredmedia":[{"embeddable":true,"href":"https:\/\/www.printercompany.be\/fr\/wp-json\/wp\/v2\/media\/16741"}],"wp:attachment":[{"href":"https:\/\/www.printercompany.be\/fr\/wp-json\/wp\/v2\/media?parent=16729"}],"wp:term":[{"taxonomy":"product_brand","embeddable":true,"href":"https:\/\/www.printercompany.be\/fr\/wp-json\/wp\/v2\/product_brand?post=16729"},{"taxonomy":"product_cat","embeddable":true,"href":"https:\/\/www.printercompany.be\/fr\/wp-json\/wp\/v2\/product_cat?post=16729"},{"taxonomy":"product_tag","embeddable":true,"href":"https:\/\/www.printercompany.be\/fr\/wp-json\/wp\/v2\/product_tag?post=16729"}],"curies":[{"name":"wp","href":"https:\/\/api.w.org\/{rel}","templated":true}]}}