{"id":16716,"date":"2023-03-30T18:42:55","date_gmt":"2023-03-30T17:42:55","guid":{"rendered":"https:\/\/printercompany.be\/product\/oki-46490607-toner-cyan-c\/"},"modified":"2023-03-30T18:42:55","modified_gmt":"2023-03-30T17:42:55","slug":"oki-46490607-toner-cyaan","status":"publish","type":"product","link":"https:\/\/www.printercompany.be\/fr\/produit\/oki-46490607-toner-cyaan\/","title":{"rendered":"OKI 46490607 Toner Cyan (C)"},"content":{"rendered":"<p>Le toner OKI 46490607 Cyan (C) est une cartouche de toner de qualit\u00e9 originale convenant aux OKI C532, C542, MC563 et MC573. Avec un rendement de 6 000 pages, cette cartouche de toner garantit une exp\u00e9rience d&rsquo;impression durable et fiable.<\/p>\n<p>Nos cartouches de toner sont fabriqu\u00e9es localement \u00e0 partir de toner de haute qualit\u00e9 provenant du Japon. La qualit\u00e9 de ce toner est \u00e9quivalente \u00e0 celle des fabricants d&rsquo;origine et m\u00eame sup\u00e9rieure \u00e0 celle de nombreuses marques maison actuellement disponibles sur le march\u00e9.<\/p>\n<p>Nous sommes fiers d&rsquo;utiliser les technologies et les m\u00e9thodes de production les plus r\u00e9centes pour fournir un produit qui r\u00e9pond aux normes les plus \u00e9lev\u00e9es. Notre production locale nous permet \u00e9galement de r\u00e9pondre rapidement aux besoins de nos clients et de leur fournir des cartouches d&rsquo;excellente qualit\u00e9.<\/p>\n","protected":false},"excerpt":{"rendered":"<p>Convient pour C532, C542, MC563 et MC573<\/p>\n","protected":false},"featured_media":16727,"comment_status":"closed","ping_status":"closed","template":"","meta":{"_jet_sm_ready_style":"","_jet_sm_style":"","_jet_sm_controls_values":"","_jet_sm_fonts_collection":"","_jet_sm_fonts_links":""},"product_brand":[],"product_cat":[5800,5801,5850,5851,5783],"product_tag":[4483],"class_list":{"0":"post-16716","1":"product","2":"type-product","3":"status-publish","4":"has-post-thumbnail","6":"product_cat-c532-fr","7":"product_cat-c542-fr","8":"product_cat-mc563-fr","9":"product_cat-mc573-fr","10":"product_cat-oki-fr","11":"product_tag-46490607-fr","13":"first","14":"instock","15":"taxable","16":"shipping-taxable","17":"purchasable","18":"product-type-simple"},"_links":{"self":[{"href":"https:\/\/www.printercompany.be\/fr\/wp-json\/wp\/v2\/product\/16716","targetHints":{"allow":["GET"]}}],"collection":[{"href":"https:\/\/www.printercompany.be\/fr\/wp-json\/wp\/v2\/product"}],"about":[{"href":"https:\/\/www.printercompany.be\/fr\/wp-json\/wp\/v2\/types\/product"}],"replies":[{"embeddable":true,"href":"https:\/\/www.printercompany.be\/fr\/wp-json\/wp\/v2\/comments?post=16716"}],"version-history":[{"count":0,"href":"https:\/\/www.printercompany.be\/fr\/wp-json\/wp\/v2\/product\/16716\/revisions"}],"wp:featuredmedia":[{"embeddable":true,"href":"https:\/\/www.printercompany.be\/fr\/wp-json\/wp\/v2\/media\/16727"}],"wp:attachment":[{"href":"https:\/\/www.printercompany.be\/fr\/wp-json\/wp\/v2\/media?parent=16716"}],"wp:term":[{"taxonomy":"product_brand","embeddable":true,"href":"https:\/\/www.printercompany.be\/fr\/wp-json\/wp\/v2\/product_brand?post=16716"},{"taxonomy":"product_cat","embeddable":true,"href":"https:\/\/www.printercompany.be\/fr\/wp-json\/wp\/v2\/product_cat?post=16716"},{"taxonomy":"product_tag","embeddable":true,"href":"https:\/\/www.printercompany.be\/fr\/wp-json\/wp\/v2\/product_tag?post=16716"}],"curies":[{"name":"wp","href":"https:\/\/api.w.org\/{rel}","templated":true}]}}