{"id":16709,"date":"2023-03-30T18:42:36","date_gmt":"2023-03-30T17:42:36","guid":{"rendered":"https:\/\/printercompany.be\/product\/oki-46490624-toner-noir-k\/"},"modified":"2023-03-30T18:42:36","modified_gmt":"2023-03-30T17:42:36","slug":"oki-46490624-toner-zwart","status":"publish","type":"product","link":"https:\/\/www.printercompany.be\/fr\/produit\/oki-46490624-toner-zwart\/","title":{"rendered":"OKI 46490624 Toner Noir (K)"},"content":{"rendered":"<p>Le toner OKI 46490624 noir (K) est une cartouche de toner de qualit\u00e9 originale convenant aux OKI ES5432, ES5442, ES5463 et ES5473. Avec un rendement de 7 000 pages, cette cartouche de toner garantit une exp\u00e9rience d&rsquo;impression durable et fiable.<\/p>\n<p>Nos cartouches de toner sont fabriqu\u00e9es localement \u00e0 partir de toner de haute qualit\u00e9 provenant du Japon. La qualit\u00e9 de ce toner est \u00e9quivalente \u00e0 celle des fabricants d&rsquo;origine et m\u00eame sup\u00e9rieure \u00e0 celle de nombreuses marques maison actuellement disponibles sur le march\u00e9.<\/p>\n<p>Nous sommes fiers d&rsquo;utiliser les technologies et les m\u00e9thodes de production les plus r\u00e9centes pour fournir un produit qui r\u00e9pond aux normes les plus \u00e9lev\u00e9es. Notre production locale nous permet \u00e9galement de r\u00e9pondre rapidement aux besoins de nos clients et de leur fournir des cartouches d&rsquo;excellente qualit\u00e9.<\/p>\n","protected":false},"excerpt":{"rendered":"<p>Convient pour ES5432, ES5442, ES5463 et ES5473<\/p>\n","protected":false},"featured_media":16722,"comment_status":"closed","ping_status":"closed","template":"","meta":{"_jet_sm_ready_style":"","_jet_sm_style":"","_jet_sm_controls_values":"","_jet_sm_fonts_collection":"","_jet_sm_fonts_links":""},"product_brand":[],"product_cat":[5883,5884,5887,5888,5865],"product_tag":[4487],"class_list":{"0":"post-16709","1":"product","2":"type-product","3":"status-publish","4":"has-post-thumbnail","6":"product_cat-es5432-fr","7":"product_cat-es5442-fr","8":"product_cat-es5463-fr","9":"product_cat-es5473-fr","10":"product_cat-oki-es-fr","11":"product_tag-46490624-fr","13":"first","14":"instock","15":"taxable","16":"shipping-taxable","17":"purchasable","18":"product-type-simple"},"_links":{"self":[{"href":"https:\/\/www.printercompany.be\/fr\/wp-json\/wp\/v2\/product\/16709","targetHints":{"allow":["GET"]}}],"collection":[{"href":"https:\/\/www.printercompany.be\/fr\/wp-json\/wp\/v2\/product"}],"about":[{"href":"https:\/\/www.printercompany.be\/fr\/wp-json\/wp\/v2\/types\/product"}],"replies":[{"embeddable":true,"href":"https:\/\/www.printercompany.be\/fr\/wp-json\/wp\/v2\/comments?post=16709"}],"version-history":[{"count":0,"href":"https:\/\/www.printercompany.be\/fr\/wp-json\/wp\/v2\/product\/16709\/revisions"}],"wp:featuredmedia":[{"embeddable":true,"href":"https:\/\/www.printercompany.be\/fr\/wp-json\/wp\/v2\/media\/16722"}],"wp:attachment":[{"href":"https:\/\/www.printercompany.be\/fr\/wp-json\/wp\/v2\/media?parent=16709"}],"wp:term":[{"taxonomy":"product_brand","embeddable":true,"href":"https:\/\/www.printercompany.be\/fr\/wp-json\/wp\/v2\/product_brand?post=16709"},{"taxonomy":"product_cat","embeddable":true,"href":"https:\/\/www.printercompany.be\/fr\/wp-json\/wp\/v2\/product_cat?post=16709"},{"taxonomy":"product_tag","embeddable":true,"href":"https:\/\/www.printercompany.be\/fr\/wp-json\/wp\/v2\/product_tag?post=16709"}],"curies":[{"name":"wp","href":"https:\/\/api.w.org\/{rel}","templated":true}]}}