{"id":16707,"date":"2023-03-30T18:42:46","date_gmt":"2023-03-30T17:42:46","guid":{"rendered":"https:\/\/printercompany.be\/product\/xerox-006r01384-toner-cyan-c\/"},"modified":"2023-03-30T18:42:46","modified_gmt":"2023-03-30T17:42:46","slug":"xerox-006r01384-toner-cyaan-2","status":"publish","type":"product","link":"https:\/\/www.printercompany.be\/fr\/produit\/xerox-006r01384-toner-cyaan-2\/","title":{"rendered":"Xerox 006R01384 Toner Cyan (C)"},"content":{"rendered":"<p>Le toner Xerox 006R01384 Cyan (C) est une cartouche de toner de qualit\u00e9 originale convenant \u00e0 la Xerox Digital Color Press C75 et Digital Color Press J75. Avec un rendement de 22 000 pages, cette cartouche de toner garantit une exp\u00e9rience d&rsquo;impression durable et fiable.<\/p>\n<p>Nos cartouches de toner sont fabriqu\u00e9es localement \u00e0 partir de toner de haute qualit\u00e9 provenant du Japon. La qualit\u00e9 de ce toner est \u00e9quivalente \u00e0 celle des fabricants d&rsquo;origine et m\u00eame sup\u00e9rieure \u00e0 celle de nombreuses marques maison actuellement disponibles sur le march\u00e9.<\/p>\n","protected":false},"excerpt":{"rendered":"<p>Convient \u00e0 la presse couleur num\u00e9rique C75 et \u00e0 la presse couleur num\u00e9rique J75<\/p>\n","protected":false},"featured_media":16712,"comment_status":"closed","ping_status":"closed","template":"","meta":{"_jet_sm_ready_style":"","_jet_sm_style":"","_jet_sm_controls_values":"","_jet_sm_fonts_collection":"","_jet_sm_fonts_links":""},"product_brand":[],"product_cat":[5942,5943,5931],"product_tag":[],"class_list":{"0":"post-16707","1":"product","2":"type-product","3":"status-publish","4":"has-post-thumbnail","6":"product_cat-digital-color-press-c75-fr","7":"product_cat-digital-color-press-j75-fr","8":"product_cat-xerox-fr","10":"first","11":"instock","12":"taxable","13":"shipping-taxable","14":"purchasable","15":"product-type-simple"},"_links":{"self":[{"href":"https:\/\/www.printercompany.be\/fr\/wp-json\/wp\/v2\/product\/16707","targetHints":{"allow":["GET"]}}],"collection":[{"href":"https:\/\/www.printercompany.be\/fr\/wp-json\/wp\/v2\/product"}],"about":[{"href":"https:\/\/www.printercompany.be\/fr\/wp-json\/wp\/v2\/types\/product"}],"replies":[{"embeddable":true,"href":"https:\/\/www.printercompany.be\/fr\/wp-json\/wp\/v2\/comments?post=16707"}],"version-history":[{"count":0,"href":"https:\/\/www.printercompany.be\/fr\/wp-json\/wp\/v2\/product\/16707\/revisions"}],"wp:featuredmedia":[{"embeddable":true,"href":"https:\/\/www.printercompany.be\/fr\/wp-json\/wp\/v2\/media\/16712"}],"wp:attachment":[{"href":"https:\/\/www.printercompany.be\/fr\/wp-json\/wp\/v2\/media?parent=16707"}],"wp:term":[{"taxonomy":"product_brand","embeddable":true,"href":"https:\/\/www.printercompany.be\/fr\/wp-json\/wp\/v2\/product_brand?post=16707"},{"taxonomy":"product_cat","embeddable":true,"href":"https:\/\/www.printercompany.be\/fr\/wp-json\/wp\/v2\/product_cat?post=16707"},{"taxonomy":"product_tag","embeddable":true,"href":"https:\/\/www.printercompany.be\/fr\/wp-json\/wp\/v2\/product_tag?post=16707"}],"curies":[{"name":"wp","href":"https:\/\/api.w.org\/{rel}","templated":true}]}}