{"id":16697,"date":"2023-03-30T18:42:50","date_gmt":"2023-03-30T17:42:50","guid":{"rendered":"https:\/\/printercompany.be\/product\/oki-47095703-toner-cyan-c\/"},"modified":"2023-03-30T18:42:50","modified_gmt":"2023-03-30T17:42:50","slug":"oki-47095703-toner-cyaan","status":"publish","type":"product","link":"https:\/\/www.printercompany.be\/fr\/produit\/oki-47095703-toner-cyaan\/","title":{"rendered":"OKI 47095703 Toner Cyan (C)"},"content":{"rendered":"<p>Le toner OKI 47095703 Cyan (C) est une cartouche de toner de qualit\u00e9 originale convenant aux OKI C824, C834 et C844. Avec un rendement de 5 000 pages, cette cartouche de toner garantit une exp\u00e9rience d&rsquo;impression durable et fiable.<\/p>\n<p>Nos cartouches de toner sont fabriqu\u00e9es localement \u00e0 partir de toner de haute qualit\u00e9 provenant du Japon. La qualit\u00e9 de ce toner est \u00e9quivalente \u00e0 celle des fabricants d&rsquo;origine et m\u00eame sup\u00e9rieure \u00e0 celle de nombreuses marques maison actuellement disponibles sur le march\u00e9.<\/p>\n<p>Nous nous engageons \u00e9galement en faveur du d\u00e9veloppement durable et r\u00e9duisons notre empreinte carbone en utilisant des mat\u00e9riaux recycl\u00e9s dans nos emballages. Nous nous effor\u00e7ons en permanence d&rsquo;innover et d&rsquo;am\u00e9liorer nos produits afin que nos clients soient toujours satisfaits des performances de nos cartouches de toner.<\/p>\n","protected":false},"excerpt":{"rendered":"<p>Convient pour C824, C834 et C844<\/p>\n","protected":false},"featured_media":16711,"comment_status":"closed","ping_status":"closed","template":"","meta":{"_jet_sm_ready_style":"","_jet_sm_style":"","_jet_sm_controls_values":"","_jet_sm_fonts_collection":"","_jet_sm_fonts_links":""},"product_brand":[],"product_cat":[5813,5817,5820,5783],"product_tag":[4508],"class_list":{"0":"post-16697","1":"product","2":"type-product","3":"status-publish","4":"has-post-thumbnail","6":"product_cat-c824-fr","7":"product_cat-c834-fr","8":"product_cat-c844-fr","9":"product_cat-oki-fr","10":"product_tag-47095703-fr","12":"first","13":"instock","14":"taxable","15":"shipping-taxable","16":"purchasable","17":"product-type-simple"},"_links":{"self":[{"href":"https:\/\/www.printercompany.be\/fr\/wp-json\/wp\/v2\/product\/16697","targetHints":{"allow":["GET"]}}],"collection":[{"href":"https:\/\/www.printercompany.be\/fr\/wp-json\/wp\/v2\/product"}],"about":[{"href":"https:\/\/www.printercompany.be\/fr\/wp-json\/wp\/v2\/types\/product"}],"replies":[{"embeddable":true,"href":"https:\/\/www.printercompany.be\/fr\/wp-json\/wp\/v2\/comments?post=16697"}],"version-history":[{"count":0,"href":"https:\/\/www.printercompany.be\/fr\/wp-json\/wp\/v2\/product\/16697\/revisions"}],"wp:featuredmedia":[{"embeddable":true,"href":"https:\/\/www.printercompany.be\/fr\/wp-json\/wp\/v2\/media\/16711"}],"wp:attachment":[{"href":"https:\/\/www.printercompany.be\/fr\/wp-json\/wp\/v2\/media?parent=16697"}],"wp:term":[{"taxonomy":"product_brand","embeddable":true,"href":"https:\/\/www.printercompany.be\/fr\/wp-json\/wp\/v2\/product_brand?post=16697"},{"taxonomy":"product_cat","embeddable":true,"href":"https:\/\/www.printercompany.be\/fr\/wp-json\/wp\/v2\/product_cat?post=16697"},{"taxonomy":"product_tag","embeddable":true,"href":"https:\/\/www.printercompany.be\/fr\/wp-json\/wp\/v2\/product_tag?post=16697"}],"curies":[{"name":"wp","href":"https:\/\/api.w.org\/{rel}","templated":true}]}}