{"id":16659,"date":"2023-03-30T18:42:40","date_gmt":"2023-03-30T17:42:40","guid":{"rendered":"https:\/\/printercompany.be\/product\/oki-43979207-toner-ultra-high-cap-noir-k\/"},"modified":"2023-03-30T18:42:40","modified_gmt":"2023-03-30T17:42:40","slug":"oki-43979207-toner-ultra-high-cap-zwart","status":"publish","type":"product","link":"https:\/\/www.printercompany.be\/fr\/produit\/oki-43979207-toner-ultra-high-cap-zwart\/","title":{"rendered":"OKI 43979207 Toner Ultra High Cap Noir (K)"},"content":{"rendered":"<p>La cartouche OKI 43979207 Toner Ultra High Cap Black (K) est une cartouche de toner de qualit\u00e9 originale convenant aux OKI B440 et MB470. Avec un rendement de 10 000 pages, cette cartouche de toner garantit une exp\u00e9rience d&rsquo;impression durable et fiable.<\/p>\n<p>Nos cartouches de toner sont fabriqu\u00e9es localement \u00e0 partir de toner de haute qualit\u00e9 provenant du Japon. La qualit\u00e9 de ce toner est \u00e9quivalente \u00e0 celle des fabricants d&rsquo;origine et m\u00eame sup\u00e9rieure \u00e0 celle de nombreuses marques maison actuellement disponibles sur le march\u00e9.<\/p>\n<p>Nous nous engageons \u00e9galement en faveur du d\u00e9veloppement durable et r\u00e9duisons notre empreinte carbone en utilisant des mat\u00e9riaux recycl\u00e9s dans nos emballages. Nous nous effor\u00e7ons en permanence d&rsquo;innover et d&rsquo;am\u00e9liorer nos produits afin que nos clients soient toujours satisfaits des performances de nos cartouches de toner.<\/p>\n","protected":false},"excerpt":{"rendered":"<p>Convient pour B440 et MB470<\/p>\n","protected":false},"featured_media":16665,"comment_status":"closed","ping_status":"closed","template":"","meta":{"_jet_sm_ready_style":"","_jet_sm_style":"","_jet_sm_controls_values":"","_jet_sm_fonts_collection":"","_jet_sm_fonts_links":""},"product_brand":[],"product_cat":[5792,5833,5783],"product_tag":[4393],"class_list":{"0":"post-16659","1":"product","2":"type-product","3":"status-publish","4":"has-post-thumbnail","6":"product_cat-b440-fr","7":"product_cat-mb470-fr","8":"product_cat-oki-fr","9":"product_tag-43979207-fr","11":"first","12":"instock","13":"taxable","14":"shipping-taxable","15":"purchasable","16":"product-type-simple"},"_links":{"self":[{"href":"https:\/\/www.printercompany.be\/fr\/wp-json\/wp\/v2\/product\/16659","targetHints":{"allow":["GET"]}}],"collection":[{"href":"https:\/\/www.printercompany.be\/fr\/wp-json\/wp\/v2\/product"}],"about":[{"href":"https:\/\/www.printercompany.be\/fr\/wp-json\/wp\/v2\/types\/product"}],"replies":[{"embeddable":true,"href":"https:\/\/www.printercompany.be\/fr\/wp-json\/wp\/v2\/comments?post=16659"}],"version-history":[{"count":0,"href":"https:\/\/www.printercompany.be\/fr\/wp-json\/wp\/v2\/product\/16659\/revisions"}],"wp:featuredmedia":[{"embeddable":true,"href":"https:\/\/www.printercompany.be\/fr\/wp-json\/wp\/v2\/media\/16665"}],"wp:attachment":[{"href":"https:\/\/www.printercompany.be\/fr\/wp-json\/wp\/v2\/media?parent=16659"}],"wp:term":[{"taxonomy":"product_brand","embeddable":true,"href":"https:\/\/www.printercompany.be\/fr\/wp-json\/wp\/v2\/product_brand?post=16659"},{"taxonomy":"product_cat","embeddable":true,"href":"https:\/\/www.printercompany.be\/fr\/wp-json\/wp\/v2\/product_cat?post=16659"},{"taxonomy":"product_tag","embeddable":true,"href":"https:\/\/www.printercompany.be\/fr\/wp-json\/wp\/v2\/product_tag?post=16659"}],"curies":[{"name":"wp","href":"https:\/\/api.w.org\/{rel}","templated":true}]}}